{"id":7979,"date":"2014-08-30T00:04:19","date_gmt":"2014-08-29T15:04:19","guid":{"rendered":"http:\/\/bookmaker-info.com\/en\/?page_id=7979"},"modified":"2015-05-13T16:06:49","modified_gmt":"2015-05-13T16:06:49","slug":"bwin-apuesta","status":"publish","type":"page","link":"https:\/\/bookmaker-info.com\/es\/bwin-apuesta","title":{"rendered":"C\u00f3mo Apostar en Bwin"},"content":{"rendered":"<h2 class=\"title\">\uff08\uff11\uff09Inicia sesi\u00f3n en Bwin<\/h2>\n<p><a onclick=\"_gaq.push(['_trackEvent', 'Affiliate Links', 'Bwin', '\/bwin-apuesta',, true]);\" href=\"https:\/\/mediaserver.bwinpartypartners.com\/renderBanner.do?zoneId=1661478\" rel=\"nofollow\">Bwin<\/a><\/p>\n<p><a href=\"http:\/\/bookmaker-info.com\/es\/wordpress\/wp-content\/uploads\/2014\/08\/bwin_apuesta_1.png\"><img loading=\"lazy\" decoding=\"async\" class=\"alignnone size-full wp-image-11966\" alt=\"Bwin Apuesta\" src=\"http:\/\/bookmaker-info.com\/es\/wordpress\/wp-content\/uploads\/2014\/08\/bwin_apuesta_1.png\" width=\"977\" height=\"597\" srcset=\"https:\/\/bookmaker-info.com\/es\/wordpress\/wp-content\/uploads\/2014\/08\/bwin_apuesta_1.png 977w, https:\/\/bookmaker-info.com\/es\/wordpress\/wp-content\/uploads\/2014\/08\/bwin_apuesta_1-300x183.png 300w, https:\/\/bookmaker-info.com\/es\/wordpress\/wp-content\/uploads\/2014\/08\/bwin_apuesta_1-624x381.png 624w\" sizes=\"auto, (max-width: 977px) 100vw, 977px\" \/><\/a><\/p>\n<p>Despu\u00e9s de introducir tu Nombre de Usuario y Contrase\u00f1a, haz clic en \u201cLogin\u201d para iniciar sesi\u00f3n.<\/p>\n<h2 class=\"title\">\uff08\uff12\uff09Haz clic en \u201cDeportes\u201d<\/h2>\n<p><a href=\"http:\/\/bookmaker-info.com\/es\/wordpress\/wp-content\/uploads\/2014\/08\/bwin_apuesta_2.png\"><img loading=\"lazy\" decoding=\"async\" class=\"alignnone size-full wp-image-11967\" alt=\"Bwin Apuesta\" src=\"http:\/\/bookmaker-info.com\/es\/wordpress\/wp-content\/uploads\/2014\/08\/bwin_apuesta_2.png\" width=\"787\" height=\"384\" srcset=\"https:\/\/bookmaker-info.com\/es\/wordpress\/wp-content\/uploads\/2014\/08\/bwin_apuesta_2.png 787w, https:\/\/bookmaker-info.com\/es\/wordpress\/wp-content\/uploads\/2014\/08\/bwin_apuesta_2-300x146.png 300w, https:\/\/bookmaker-info.com\/es\/wordpress\/wp-content\/uploads\/2014\/08\/bwin_apuesta_2-624x304.png 624w\" sizes=\"auto, (max-width: 787px) 100vw, 787px\" \/><\/a><\/p>\n<h2 class=\"title\">\uff08\uff13\uff09Selecciona el juego\/partido en el que te gustar\u00eda apostar<\/h2>\n<p><a href=\"http:\/\/bookmaker-info.com\/es\/wordpress\/wp-content\/uploads\/2014\/08\/bwin_apuesta_3.png\"><img loading=\"lazy\" decoding=\"async\" class=\"alignnone size-full wp-image-11968\" alt=\"Bwin Apuesta\" src=\"http:\/\/bookmaker-info.com\/es\/wordpress\/wp-content\/uploads\/2014\/08\/bwin_apuesta_3.png\" width=\"719\" height=\"722\" srcset=\"https:\/\/bookmaker-info.com\/es\/wordpress\/wp-content\/uploads\/2014\/08\/bwin_apuesta_3.png 719w, https:\/\/bookmaker-info.com\/es\/wordpress\/wp-content\/uploads\/2014\/08\/bwin_apuesta_3-150x150.png 150w, https:\/\/bookmaker-info.com\/es\/wordpress\/wp-content\/uploads\/2014\/08\/bwin_apuesta_3-298x300.png 298w, https:\/\/bookmaker-info.com\/es\/wordpress\/wp-content\/uploads\/2014\/08\/bwin_apuesta_3-624x626.png 624w, https:\/\/bookmaker-info.com\/es\/wordpress\/wp-content\/uploads\/2014\/08\/bwin_apuesta_3-120x120.png 120w\" sizes=\"auto, (max-width: 719px) 100vw, 719px\" \/><\/a><\/p>\n<p>En este ejemplo, te mostraremos c\u00f3mo apostar en un juego de la Liga Premier de Inglaterra. Primero, haz clic en \u201cF\u00fatbol\u201d seguido de \u201cInglaterra\u201d y luego en Premier League o Liga Premier ubicada a la izquierda de la pantalla.<\/p>\n<h2 class=\"title\">\uff08\uff14\uff09Selecciona el tipo de apuesta<\/h2>\n<p><a href=\"http:\/\/bookmaker-info.com\/es\/wordpress\/wp-content\/uploads\/2014\/08\/bwin_apuesta_4.png\"><img loading=\"lazy\" decoding=\"async\" class=\"alignnone size-full wp-image-11969\" alt=\"Bwin Apuesta\" src=\"http:\/\/bookmaker-info.com\/es\/wordpress\/wp-content\/uploads\/2014\/08\/bwin_apuesta_4.png\" width=\"669\" height=\"502\" srcset=\"https:\/\/bookmaker-info.com\/es\/wordpress\/wp-content\/uploads\/2014\/08\/bwin_apuesta_4.png 669w, https:\/\/bookmaker-info.com\/es\/wordpress\/wp-content\/uploads\/2014\/08\/bwin_apuesta_4-300x225.png 300w, https:\/\/bookmaker-info.com\/es\/wordpress\/wp-content\/uploads\/2014\/08\/bwin_apuesta_4-624x468.png 624w\" sizes=\"auto, (max-width: 669px) 100vw, 669px\" \/><\/a><\/p>\n<p>Uno de los tipos de apuestas m\u00e1s f\u00e1ciles de entender es el &#8220;Resultado del Tiempo Completo&#8221; (tambi\u00e9n conocido como Apuesta del Juego o L\u00ednea de Dinero). Un Resultado del Tiempo Completo significa que predices que equipo piensas que ganar\u00e1 o empatar\u00e1. En nuestro ejemplo anterior, tenemos tres opciones ya sea prediciendo 1 &#8211; Casa) que el Manchester City gana, 2 &#8211; Visitante) el West Bromwich gana o X &#8211; Empate)\u00a0el Manchester City empata con el West Bromwich. En este ejemplo, escogeremos a\u00a0Manchester City como ganador, por lo tanto haremos clic en las cuotas 1.30.<\/p>\n<p><a href=\"http:\/\/bookmaker-info.com\/es\/wordpress\/wp-content\/uploads\/2014\/08\/bwin_apuesta_5.png\"><img loading=\"lazy\" decoding=\"async\" class=\"alignnone size-full wp-image-11970\" alt=\"Bwin Apuesta\" src=\"http:\/\/bookmaker-info.com\/es\/wordpress\/wp-content\/uploads\/2014\/08\/bwin_apuesta_5.png\" width=\"669\" height=\"502\" srcset=\"https:\/\/bookmaker-info.com\/es\/wordpress\/wp-content\/uploads\/2014\/08\/bwin_apuesta_5.png 669w, https:\/\/bookmaker-info.com\/es\/wordpress\/wp-content\/uploads\/2014\/08\/bwin_apuesta_5-300x225.png 300w, https:\/\/bookmaker-info.com\/es\/wordpress\/wp-content\/uploads\/2014\/08\/bwin_apuesta_5-624x468.png 624w\" sizes=\"auto, (max-width: 669px) 100vw, 669px\" \/><\/a><\/p>\n<p>\u203b Ten en cuenta que la fecha y la hora del partido est\u00e1n a la izquierda de la pantalla. La fecha y la hora se muestran seg\u00fan la zona horaria de tu pa\u00eds seleccionado como residencia cuando te registraste por primera vez en el sitio. Para cambiar tu zona de horario preferida, haz clic en \u201cMi cuenta\u201d en la parte superior de la pantalla.<\/p>\n<p><a href=\"http:\/\/bookmaker-info.com\/es\/wordpress\/wp-content\/uploads\/2014\/08\/bwin_apuesta_6.png\"><img loading=\"lazy\" decoding=\"async\" class=\"alignnone size-full wp-image-11971\" alt=\"Bwin Apuesta\" src=\"http:\/\/bookmaker-info.com\/es\/wordpress\/wp-content\/uploads\/2014\/08\/bwin_apuesta_6.png\" width=\"787\" height=\"384\" srcset=\"https:\/\/bookmaker-info.com\/es\/wordpress\/wp-content\/uploads\/2014\/08\/bwin_apuesta_6.png 787w, https:\/\/bookmaker-info.com\/es\/wordpress\/wp-content\/uploads\/2014\/08\/bwin_apuesta_6-300x146.png 300w, https:\/\/bookmaker-info.com\/es\/wordpress\/wp-content\/uploads\/2014\/08\/bwin_apuesta_6-624x304.png 624w\" sizes=\"auto, (max-width: 787px) 100vw, 787px\" \/><\/a><\/p>\n<p>Desde la pantalla de \u201cMi cuenta\u201d, selecciona \u201cPreferencias\u201d en la parte inferior izquierda de la pantalla.<\/p>\n<p><a href=\"http:\/\/bookmaker-info.com\/es\/wordpress\/wp-content\/uploads\/2014\/08\/bwin_apuesta_7.png\"><img loading=\"lazy\" decoding=\"async\" class=\"alignnone size-full wp-image-11972\" alt=\"Bwin Apuesta\" src=\"http:\/\/bookmaker-info.com\/es\/wordpress\/wp-content\/uploads\/2014\/08\/bwin_apuesta_7.png\" width=\"967\" height=\"694\" srcset=\"https:\/\/bookmaker-info.com\/es\/wordpress\/wp-content\/uploads\/2014\/08\/bwin_apuesta_7.png 967w, https:\/\/bookmaker-info.com\/es\/wordpress\/wp-content\/uploads\/2014\/08\/bwin_apuesta_7-300x215.png 300w, https:\/\/bookmaker-info.com\/es\/wordpress\/wp-content\/uploads\/2014\/08\/bwin_apuesta_7-624x447.png 624w\" sizes=\"auto, (max-width: 967px) 100vw, 967px\" \/><\/a><\/p>\n<p>Desde la pantalla de \u201cPreferencias\u201d, cambia la zona horaria a la zona horaria de tu preferencia y haz clic en \u201cGuardar\u201d.<\/p>\n<p><a href=\"http:\/\/bookmaker-info.com\/es\/wordpress\/wp-content\/uploads\/2014\/08\/bwin_apuesta_8.png\"><img loading=\"lazy\" decoding=\"async\" class=\"alignnone size-full wp-image-11973\" alt=\"Bwin Apuesta\" src=\"http:\/\/bookmaker-info.com\/es\/wordpress\/wp-content\/uploads\/2014\/08\/bwin_apuesta_8.png\" width=\"524\" height=\"207\" srcset=\"https:\/\/bookmaker-info.com\/es\/wordpress\/wp-content\/uploads\/2014\/08\/bwin_apuesta_8.png 524w, https:\/\/bookmaker-info.com\/es\/wordpress\/wp-content\/uploads\/2014\/08\/bwin_apuesta_8-300x118.png 300w\" sizes=\"auto, (max-width: 524px) 100vw, 524px\" \/><\/a><\/p>\n<h2 class=\"title\">\uff08\uff15\uff09Introduce el monto de tu apuesta<\/h2>\n<p><a href=\"http:\/\/bookmaker-info.com\/es\/wordpress\/wp-content\/uploads\/2014\/08\/bwin_apuesta_9.png\"><img loading=\"lazy\" decoding=\"async\" class=\"alignnone size-full wp-image-11974\" alt=\"Bwin Apuesta\" src=\"http:\/\/bookmaker-info.com\/es\/wordpress\/wp-content\/uploads\/2014\/08\/bwin_apuesta_9.png\" width=\"981\" height=\"549\" srcset=\"https:\/\/bookmaker-info.com\/es\/wordpress\/wp-content\/uploads\/2014\/08\/bwin_apuesta_9.png 981w, https:\/\/bookmaker-info.com\/es\/wordpress\/wp-content\/uploads\/2014\/08\/bwin_apuesta_9-300x167.png 300w, https:\/\/bookmaker-info.com\/es\/wordpress\/wp-content\/uploads\/2014\/08\/bwin_apuesta_9-624x349.png 624w\" sizes=\"auto, (max-width: 981px) 100vw, 981px\" \/><\/a><\/p>\n<p>Despu\u00e9s de hacer clic en las cuotas donde te gustar\u00eda apostar, la selecci\u00f3n de tu apuesta se mostrar\u00e1 debajo de \u201cTal\u00f3n de apuestas\u201d ubicado a la derecha de la pantalla.<\/p>\n<p>Una vez que introduces tu participaci\u00f3n o apuesta (la cantidad de dinero que te gustar\u00eda apostar), la cantidad de dinero (participaci\u00f3n + ganancia) que te ser\u00eda devuelta si ganar\u00e1s la apuesta se mostrar\u00eda autom\u00e1ticamente debajo de \u201cGanancia posible\u201d.<\/p>\n<p>Una vez que hayas introducido la participaci\u00f3n para tu(s) apuesta(s), haz clic en el bot\u00f3n de \u201cSeguir\u201d para continuar.<\/p>\n<p><a href=\"http:\/\/bookmaker-info.com\/es\/wordpress\/wp-content\/uploads\/2014\/08\/bwin_apuesta_10.png\"><img loading=\"lazy\" decoding=\"async\" class=\"alignnone size-full wp-image-11975\" alt=\"Bwin Apuesta\" src=\"http:\/\/bookmaker-info.com\/es\/wordpress\/wp-content\/uploads\/2014\/08\/bwin_apuesta_10.png\" width=\"295\" height=\"253\" \/><\/a><\/p>\n<p>Despu\u00e9s de hacer clic en el bot\u00f3n de \u201cSeguir\u201d, la hoja de confirmaci\u00f3n de la apuesta aparecer\u00e1 en tu pantalla. Revisa los detalles y haz clic en \u201cCerrar apuesta\u201d para finalizar tu apuesta.<\/p>\n<h2 class=\"title\">\u203b Otras Opciones de Apuesta<\/h2>\n<p>Si consultas la captura de pantalla a continuaci\u00f3n ver\u00e1s un &#8220;+139&#8221; a la derecha de las cuotas del juego. Si haces clic en esta pesta\u00f1a, todos los tipos de apuestas disponibles (139 en este ejemplo) se mostrar\u00e1n para este juego en particular.<\/p>\n<p><a href=\"http:\/\/bookmaker-info.com\/es\/wordpress\/wp-content\/uploads\/2014\/08\/bwin_apuesta_11.png\"><img loading=\"lazy\" decoding=\"async\" class=\"alignnone size-full wp-image-11976\" alt=\"Bwin Apuesta\" src=\"http:\/\/bookmaker-info.com\/es\/wordpress\/wp-content\/uploads\/2014\/08\/bwin_apuesta_11.png\" width=\"669\" height=\"502\" srcset=\"https:\/\/bookmaker-info.com\/es\/wordpress\/wp-content\/uploads\/2014\/08\/bwin_apuesta_11.png 669w, https:\/\/bookmaker-info.com\/es\/wordpress\/wp-content\/uploads\/2014\/08\/bwin_apuesta_11-300x225.png 300w, https:\/\/bookmaker-info.com\/es\/wordpress\/wp-content\/uploads\/2014\/08\/bwin_apuesta_11-624x468.png 624w\" sizes=\"auto, (max-width: 669px) 100vw, 669px\" \/><\/a><\/p>\n<h2 class=\"title\">Ejemplos de otras opciones de apuesta<\/h2>\n<p><strong>Doble Oportunidad<a href=\"http:\/\/bookmaker-info.com\/es\/wordpress\/wp-content\/uploads\/2014\/08\/bwin_apuesta_12.png\"><img loading=\"lazy\" decoding=\"async\" class=\"alignnone  wp-image-11977\" title=\"Bwin Apuesta - Doble Oportunidad\" alt=\"Bwin Apuesta - Doble Oportunidad\" src=\"http:\/\/bookmaker-info.com\/es\/wordpress\/wp-content\/uploads\/2014\/08\/bwin_apuesta_12.png\" width=\"655\" height=\"58\" srcset=\"https:\/\/bookmaker-info.com\/es\/wordpress\/wp-content\/uploads\/2014\/08\/bwin_apuesta_12.png 655w, https:\/\/bookmaker-info.com\/es\/wordpress\/wp-content\/uploads\/2014\/08\/bwin_apuesta_12-300x26.png 300w, https:\/\/bookmaker-info.com\/es\/wordpress\/wp-content\/uploads\/2014\/08\/bwin_apuesta_12-624x55.png 624w\" sizes=\"auto, (max-width: 655px) 100vw, 655px\" \/><\/a><\/strong><\/p>\n<p>Una apuesta de \u201cDoble Oportunidad\u201d significa que puedes apostar una vez a dos resultados diferentes tal como, 1) el equipo local gana o empata, 2) el equipo visitante gana o empata, 3) no hay empate, lo que significa que el equipo local gana o el visitante gana.<\/p>\n<p><strong>Resultado Exacto<a href=\"http:\/\/bookmaker-info.com\/es\/wordpress\/wp-content\/uploads\/2014\/08\/bwin_apuesta_13.png\"><img loading=\"lazy\" decoding=\"async\" class=\"alignnone  wp-image-11978\" title=\"Bwin Apuesta - Resultado Exacto\" alt=\"Bwin Apuesta - Resultado Exacto\" src=\"http:\/\/bookmaker-info.com\/es\/wordpress\/wp-content\/uploads\/2014\/08\/bwin_apuesta_13.png\" width=\"661\" height=\"198\" srcset=\"https:\/\/bookmaker-info.com\/es\/wordpress\/wp-content\/uploads\/2014\/08\/bwin_apuesta_13.png 661w, https:\/\/bookmaker-info.com\/es\/wordpress\/wp-content\/uploads\/2014\/08\/bwin_apuesta_13-300x89.png 300w, https:\/\/bookmaker-info.com\/es\/wordpress\/wp-content\/uploads\/2014\/08\/bwin_apuesta_13-624x186.png 624w\" sizes=\"auto, (max-width: 661px) 100vw, 661px\" \/><\/a><\/strong><\/p>\n<p>Una apuesta de \u201cResultado Exacto\u201d significa que puedes apostarle al que tu piensas que ser\u00e1 el marcador final del partido.<\/p>\n<p><strong>Primer Tiempo\/Resultado Final<a href=\"http:\/\/bookmaker-info.com\/es\/wordpress\/wp-content\/uploads\/2014\/08\/bwin_apuesta_14.png\"><img loading=\"lazy\" decoding=\"async\" class=\"alignnone  wp-image-11979\" title=\"Bwin Apuesta - Primer Tiempo\/Resultado Final\" alt=\"Bwin Apuesta - Primer Tiempo\/Resultado Final\" src=\"http:\/\/bookmaker-info.com\/es\/wordpress\/wp-content\/uploads\/2014\/08\/bwin_apuesta_14.png\" width=\"652\" height=\"217\" srcset=\"https:\/\/bookmaker-info.com\/es\/wordpress\/wp-content\/uploads\/2014\/08\/bwin_apuesta_14.png 652w, https:\/\/bookmaker-info.com\/es\/wordpress\/wp-content\/uploads\/2014\/08\/bwin_apuesta_14-300x99.png 300w, https:\/\/bookmaker-info.com\/es\/wordpress\/wp-content\/uploads\/2014\/08\/bwin_apuesta_14-624x207.png 624w\" sizes=\"auto, (max-width: 652px) 100vw, 652px\" \/><\/a><\/strong><\/p>\n<p>Una apuesta de\u00a0\u201cPrimer Tiempo\/Resultado Final\u201d significa que puedes apostarle al resultado correcto que piensas se dar\u00e1 en el primer tiempo y tambi\u00e9n en el marcador final. Utilizando el ejemplo de Manchester City &#8211; West Bromwich, si el marcador en el medio tiempo es de 0-1 y el marcador final es de 2-1, necesitar\u00edas apostar a &#8220;West Bromwich \/ Manchester City&#8221; para poder ganar la apuesta.<\/p>\n<p><strong>N\u00famero de Goles<a href=\"http:\/\/bookmaker-info.com\/es\/wordpress\/wp-content\/uploads\/2014\/08\/bwin_apuesta_15.png\"><img loading=\"lazy\" decoding=\"async\" class=\"alignnone  wp-image-11980\" title=\"Bwin Apuesta - N\u00famero de Goles\" alt=\"Bwin Apuesta - N\u00famero de Goles\" src=\"http:\/\/bookmaker-info.com\/es\/wordpress\/wp-content\/uploads\/2014\/08\/bwin_apuesta_15.png\" width=\"661\" height=\"230\" srcset=\"https:\/\/bookmaker-info.com\/es\/wordpress\/wp-content\/uploads\/2014\/08\/bwin_apuesta_15.png 661w, https:\/\/bookmaker-info.com\/es\/wordpress\/wp-content\/uploads\/2014\/08\/bwin_apuesta_15-300x104.png 300w, https:\/\/bookmaker-info.com\/es\/wordpress\/wp-content\/uploads\/2014\/08\/bwin_apuesta_15-624x217.png 624w\" sizes=\"auto, (max-width: 661px) 100vw, 661px\" \/><\/a><\/strong><\/p>\n<p>Una apuesta de \u201cN\u00famero de Goles\u201d que siempre se fija en &#8220;M\u00e1s de X.5&#8221; y &#8220;Menos de X.5&#8221;, significa que apuestas al n\u00famero total de goles que crees ser\u00e1n anotados en un partido. &#8220;M\u00e1s de 2.5&#8221; significa que 3 goles o m\u00e1s ser\u00edan una apuesta ganadora mientras que &#8220;Menos de 2.5&#8221; significa que 2 goles o menos ser\u00edan una apuesta ganadora.<\/p>\n<p><strong>Especial 1 2<a href=\"http:\/\/bookmaker-info.com\/es\/wordpress\/wp-content\/uploads\/2014\/08\/bwin_apuesta_16.png\"><img loading=\"lazy\" decoding=\"async\" class=\"alignnone  wp-image-11981\" title=\"Bwin Apuesta - Especial 1 2\" alt=\"Bwin Apuesta - Especial 1 2\" src=\"http:\/\/bookmaker-info.com\/es\/wordpress\/wp-content\/uploads\/2014\/08\/bwin_apuesta_16.png\" width=\"653\" height=\"44\" srcset=\"https:\/\/bookmaker-info.com\/es\/wordpress\/wp-content\/uploads\/2014\/08\/bwin_apuesta_16.png 653w, https:\/\/bookmaker-info.com\/es\/wordpress\/wp-content\/uploads\/2014\/08\/bwin_apuesta_16-300x20.png 300w, https:\/\/bookmaker-info.com\/es\/wordpress\/wp-content\/uploads\/2014\/08\/bwin_apuesta_16-624x42.png 624w\" sizes=\"auto, (max-width: 653px) 100vw, 653px\" \/><\/a><\/strong><\/p>\n<p>Una apuesta de\u00a0\u201cEspecial 1 2\u201d significa que apostaste en el equipo que piensas que ganar\u00e1. Si el resultado es un empate, entonces tu participaci\u00f3n o apuesta ser\u00e1 reembolsada y no incurrir\u00e1 en ninguna p\u00e9rdida.<\/p>\n<p><a onclick=\"_gaq.push(['_trackEvent', 'Affiliate Links', 'Bwin', '\/bwin-apuesta',, true]);\" href=\"https:\/\/mediaserver.bwinpartypartners.com\/renderBanner.do?zoneId=1661478\" rel=\"nofollow\"><img loading=\"lazy\" decoding=\"async\" class=\"alignnone size-full wp-image-8050\" title=\"Bwin Logotipo\" alt=\"Bwin Logotipo\" src=\"http:\/\/bookmaker-info.com\/en\/wordpress\/wp-content\/uploads\/2014\/08\/bwin-logo.jpg\" width=\"200\" height=\"77\" \/><\/a><br \/>\n<a onclick=\"_gaq.push(['_trackEvent', 'Affiliate Links', 'Bwin', '\/bwin-apuesta',, true]);\" href=\"https:\/\/mediaserver.bwinpartypartners.com\/renderBanner.do?zoneId=1661478\" rel=\"nofollow\">Bwin<\/a><\/p>\n","protected":false},"excerpt":{"rendered":"<p>\uff08\uff11\uff09Inicia sesi\u00f3n en Bwin Bwin Despu\u00e9s de introducir tu Nombre de Usuario y Contrase\u00f1a, haz clic en \u201cLogin\u201d para iniciar sesi\u00f3n. \uff08\uff12\uff09Haz clic en \u201cDeportes\u201d \uff08\uff13\uff09Selecciona el juego\/partido en el que te gustar\u00eda apostar En este ejemplo, te mostraremos c\u00f3mo apostar en un juego de la Liga Premier de Inglaterra. Primero, haz clic en \u201cF\u00fatbol\u201d [&hellip;]<\/p>\n","protected":false},"author":1,"featured_media":0,"parent":0,"menu_order":0,"comment_status":"open","ping_status":"closed","template":"","meta":{"footnotes":""},"class_list":["post-7979","page","type-page","status-publish","hentry"],"_links":{"self":[{"href":"https:\/\/bookmaker-info.com\/es\/wp-json\/wp\/v2\/pages\/7979","targetHints":{"allow":["GET"]}}],"collection":[{"href":"https:\/\/bookmaker-info.com\/es\/wp-json\/wp\/v2\/pages"}],"about":[{"href":"https:\/\/bookmaker-info.com\/es\/wp-json\/wp\/v2\/types\/page"}],"author":[{"embeddable":true,"href":"https:\/\/bookmaker-info.com\/es\/wp-json\/wp\/v2\/users\/1"}],"replies":[{"embeddable":true,"href":"https:\/\/bookmaker-info.com\/es\/wp-json\/wp\/v2\/comments?post=7979"}],"version-history":[{"count":13,"href":"https:\/\/bookmaker-info.com\/es\/wp-json\/wp\/v2\/pages\/7979\/revisions"}],"predecessor-version":[{"id":12395,"href":"https:\/\/bookmaker-info.com\/es\/wp-json\/wp\/v2\/pages\/7979\/revisions\/12395"}],"wp:attachment":[{"href":"https:\/\/bookmaker-info.com\/es\/wp-json\/wp\/v2\/media?parent=7979"}],"curies":[{"name":"wp","href":"https:\/\/api.w.org\/{rel}","templated":true}]}}