{"id":7981,"date":"2014-08-30T00:04:52","date_gmt":"2014-08-29T15:04:52","guid":{"rendered":"http:\/\/bookmaker-info.com\/en\/?page_id=7981"},"modified":"2015-05-13T16:06:25","modified_gmt":"2015-05-13T16:06:25","slug":"neteller-bwin","status":"publish","type":"page","link":"https:\/\/bookmaker-info.com\/es\/neteller-bwin","title":{"rendered":"C\u00f3mo Transferir Dinero desde NETELLER hacia Bwin"},"content":{"rendered":"<h2 class=\"title\">\uff08\uff11\uff09Inicia sesi\u00f3n en Bwin<\/h2>\n<p>Necesitar\u00e1s un balance de <strong>m\u00e1s de US$10 o el equivalente si se usa otra divisa<\/strong> en tu cuenta de NETELLER para transferirlo a tu cuenta de Bwin. Si no has depositado US$10 o el equivalente en tu cuenta de NETELLER, por favor consulta <a href=\"http:\/\/bookmaker-info.com\/es\/neteller-deposito\">esta p\u00e1gina<\/a>.<\/p>\n<p>Si tienes m\u00e1s de US$10 o el equivalente en tu cuenta de NETELLER, haz clic en el v\u00ednculo a continuaci\u00f3n para acceder a Bwin.<\/p>\n<p><a onclick=\"_gaq.push(['_trackEvent', 'Affiliate Links', 'Bwin', '\/neteller-bwin',, true]);\" href=\"https:\/\/mediaserver.bwinpartypartners.com\/renderBanner.do?zoneId=1661478\" rel=\"nofollow\">Bwin<\/a><\/p>\n<p><a href=\"http:\/\/bookmaker-info.com\/es\/wordpress\/wp-content\/uploads\/2014\/08\/bwin_neteller_11.png\"><img loading=\"lazy\" decoding=\"async\" class=\"alignnone size-full wp-image-11721\" alt=\"Bwin NETELLER\" src=\"http:\/\/bookmaker-info.com\/es\/wordpress\/wp-content\/uploads\/2014\/08\/bwin_neteller_11.png\" width=\"977\" height=\"597\" srcset=\"https:\/\/bookmaker-info.com\/es\/wordpress\/wp-content\/uploads\/2014\/08\/bwin_neteller_11.png 977w, https:\/\/bookmaker-info.com\/es\/wordpress\/wp-content\/uploads\/2014\/08\/bwin_neteller_11-300x183.png 300w, https:\/\/bookmaker-info.com\/es\/wordpress\/wp-content\/uploads\/2014\/08\/bwin_neteller_11-624x381.png 624w\" sizes=\"auto, (max-width: 977px) 100vw, 977px\" \/><\/a><\/p>\n<p>Despu\u00e9s de introducir tu Nombre de Usuario y Contrase\u00f1a, haz clic en \u201cLogin\u201d para iniciar sesi\u00f3n.<\/p>\n<h2 class=\"title\">\uff08\uff12\uff09Haz clic en \u201cIngresar\u201d en la parte superior de la pantalla<\/h2>\n<p><a href=\"http:\/\/bookmaker-info.com\/es\/wordpress\/wp-content\/uploads\/2014\/08\/bwin_neteller_21.png\"><img loading=\"lazy\" decoding=\"async\" class=\"alignnone size-full wp-image-11722\" alt=\"Bwin NETELLER\" src=\"http:\/\/bookmaker-info.com\/es\/wordpress\/wp-content\/uploads\/2014\/08\/bwin_neteller_21.png\" width=\"978\" height=\"391\" srcset=\"https:\/\/bookmaker-info.com\/es\/wordpress\/wp-content\/uploads\/2014\/08\/bwin_neteller_21.png 978w, https:\/\/bookmaker-info.com\/es\/wordpress\/wp-content\/uploads\/2014\/08\/bwin_neteller_21-300x119.png 300w, https:\/\/bookmaker-info.com\/es\/wordpress\/wp-content\/uploads\/2014\/08\/bwin_neteller_21-624x249.png 624w\" sizes=\"auto, (max-width: 978px) 100vw, 978px\" \/><\/a><\/p>\n<h2 class=\"title\">\uff08\uff13\uff09De los m\u00e9todos de dep\u00f3sito disponibles, selecciona NETELLER<\/h2>\n<p><a href=\"http:\/\/bookmaker-info.com\/es\/wordpress\/wp-content\/uploads\/2014\/08\/bwin_neteller_31.png\"><img loading=\"lazy\" decoding=\"async\" class=\"alignnone size-full wp-image-11723\" alt=\"Bwin NETELLER\" src=\"http:\/\/bookmaker-info.com\/es\/wordpress\/wp-content\/uploads\/2014\/08\/bwin_neteller_31.png\" width=\"976\" height=\"689\" srcset=\"https:\/\/bookmaker-info.com\/es\/wordpress\/wp-content\/uploads\/2014\/08\/bwin_neteller_31.png 976w, https:\/\/bookmaker-info.com\/es\/wordpress\/wp-content\/uploads\/2014\/08\/bwin_neteller_31-300x211.png 300w, https:\/\/bookmaker-info.com\/es\/wordpress\/wp-content\/uploads\/2014\/08\/bwin_neteller_31-624x440.png 624w\" sizes=\"auto, (max-width: 976px) 100vw, 976px\" \/><\/a><\/p>\n<p>Para ver las opciones de dep\u00f3sito disponibles para tu pa\u00eds en espec\u00edfico, selecciona el pa\u00eds donde resides de la lista de pa\u00edses en el cuadro desplegable \u201cSu pa\u00eds\u201d en la esquina superior derecha de la pantalla.<\/p>\n<h2 class=\"title\">\uff08\uff14\uff09Completar tu dep\u00f3sito v\u00eda NETELLER<\/h2>\n<p><a href=\"http:\/\/bookmaker-info.com\/es\/wordpress\/wp-content\/uploads\/2014\/08\/bwin_neteller_41.png\"><img loading=\"lazy\" decoding=\"async\" class=\"alignnone size-full wp-image-11724\" alt=\"Bwin NETELLER\" src=\"http:\/\/bookmaker-info.com\/es\/wordpress\/wp-content\/uploads\/2014\/08\/bwin_neteller_41.png\" width=\"765\" height=\"516\" srcset=\"https:\/\/bookmaker-info.com\/es\/wordpress\/wp-content\/uploads\/2014\/08\/bwin_neteller_41.png 765w, https:\/\/bookmaker-info.com\/es\/wordpress\/wp-content\/uploads\/2014\/08\/bwin_neteller_41-300x202.png 300w, https:\/\/bookmaker-info.com\/es\/wordpress\/wp-content\/uploads\/2014\/08\/bwin_neteller_41-624x420.png 624w\" sizes=\"auto, (max-width: 765px) 100vw, 765px\" \/><\/a><\/p>\n<p>Despu\u00e9s de hacer clic en el logotipo de NETELLER, la pantalla que se muestra arriba aparecer\u00e1. Si ya tienes una cuenta de NETELLER, haz clic en el bot\u00f3n de \u201cTengo una cuenta NETELLER\u201d para continuar.<\/p>\n<p><a href=\"http:\/\/bookmaker-info.com\/es\/wordpress\/wp-content\/uploads\/2014\/08\/bwin_neteller_51.png\"><img loading=\"lazy\" decoding=\"async\" class=\"alignnone size-full wp-image-11725\" alt=\"Bwin NETELLER\" src=\"http:\/\/bookmaker-info.com\/es\/wordpress\/wp-content\/uploads\/2014\/08\/bwin_neteller_51.png\" width=\"565\" height=\"462\" srcset=\"https:\/\/bookmaker-info.com\/es\/wordpress\/wp-content\/uploads\/2014\/08\/bwin_neteller_51.png 565w, https:\/\/bookmaker-info.com\/es\/wordpress\/wp-content\/uploads\/2014\/08\/bwin_neteller_51-300x245.png 300w\" sizes=\"auto, (max-width: 565px) 100vw, 565px\" \/><\/a><\/p>\n<p>Despu\u00e9s de hacer clic en el bot\u00f3n de \u201cTengo una cuenta NETELLER\u201d, introduce tu divisa (nosotros recomendamos que selecciones la misma divisa de tu cuenta NETELLER para ahorrarte tarifas en las transacciones al depositar o retirar desde tu cuenta de Bwin) y la cantidad que te gustar\u00eda depositar (deber\u00eda ser m\u00e1s de US$10 o el equivalente). Luego, introduce los 12 n\u00fameros de identificaci\u00f3n de tu cuenta NETELLER y los 6 n\u00fameros de identificaci\u00f3n segura de NETELLER. Por \u00faltimo, haz clic en el bot\u00f3n amarillo de \u201cDep\u00f3sito\u201d para completar tu transacci\u00f3n de dep\u00f3sito.<\/p>\n<p><a onclick=\"_gaq.push(['_trackEvent', 'Affiliate Links', 'Bwin', '\/neteller-bwin',, true]);\" href=\"https:\/\/mediaserver.bwinpartypartners.com\/renderBanner.do?zoneId=1661478\" rel=\"nofollow\"><img loading=\"lazy\" decoding=\"async\" class=\"alignnone size-full wp-image-8050\" title=\"Bwin Logotipo\" alt=\"Bwin Logotipo\" src=\"http:\/\/bookmaker-info.com\/en\/wordpress\/wp-content\/uploads\/2014\/08\/bwin-logo.jpg\" width=\"200\" height=\"77\" \/><\/a><br \/>\n<a onclick=\"_gaq.push(['_trackEvent', 'Affiliate Links', 'Bwin', '\/neteller-bwin',, true]);\" href=\"https:\/\/mediaserver.bwinpartypartners.com\/renderBanner.do?zoneId=1661478\" rel=\"nofollow\">Bwin<\/a><\/p>\n","protected":false},"excerpt":{"rendered":"<p>\uff08\uff11\uff09Inicia sesi\u00f3n en Bwin Necesitar\u00e1s un balance de m\u00e1s de US$10 o el equivalente si se usa otra divisa en tu cuenta de NETELLER para transferirlo a tu cuenta de Bwin. Si no has depositado US$10 o el equivalente en tu cuenta de NETELLER, por favor consulta esta p\u00e1gina. Si tienes m\u00e1s de US$10 o [&hellip;]<\/p>\n","protected":false},"author":1,"featured_media":0,"parent":0,"menu_order":0,"comment_status":"open","ping_status":"closed","template":"","meta":{"footnotes":""},"class_list":["post-7981","page","type-page","status-publish","hentry"],"_links":{"self":[{"href":"https:\/\/bookmaker-info.com\/es\/wp-json\/wp\/v2\/pages\/7981","targetHints":{"allow":["GET"]}}],"collection":[{"href":"https:\/\/bookmaker-info.com\/es\/wp-json\/wp\/v2\/pages"}],"about":[{"href":"https:\/\/bookmaker-info.com\/es\/wp-json\/wp\/v2\/types\/page"}],"author":[{"embeddable":true,"href":"https:\/\/bookmaker-info.com\/es\/wp-json\/wp\/v2\/users\/1"}],"replies":[{"embeddable":true,"href":"https:\/\/bookmaker-info.com\/es\/wp-json\/wp\/v2\/comments?post=7981"}],"version-history":[{"count":11,"href":"https:\/\/bookmaker-info.com\/es\/wp-json\/wp\/v2\/pages\/7981\/revisions"}],"predecessor-version":[{"id":12392,"href":"https:\/\/bookmaker-info.com\/es\/wp-json\/wp\/v2\/pages\/7981\/revisions\/12392"}],"wp:attachment":[{"href":"https:\/\/bookmaker-info.com\/es\/wp-json\/wp\/v2\/media?parent=7981"}],"curies":[{"name":"wp","href":"https:\/\/api.w.org\/{rel}","templated":true}]}}