{"id":7983,"date":"2014-08-30T00:05:33","date_gmt":"2014-08-29T15:05:33","guid":{"rendered":"http:\/\/bookmaker-info.com\/en\/?page_id=7983"},"modified":"2015-05-13T16:06:28","modified_gmt":"2015-05-13T16:06:28","slug":"skrill-bwin","status":"publish","type":"page","link":"https:\/\/bookmaker-info.com\/es\/skrill-bwin","title":{"rendered":"C\u00f3mo Transferir Dinero desde Skrill hacia Bwin"},"content":{"rendered":"<h2 class=\"title\">\uff08\uff11\uff09Inicia sesi\u00f3n en Bwin<\/h2>\n<p>Necesitar\u00e1s un balance de <strong>m\u00e1s de US$10 o el equivalente si se usa otra divisa<\/strong> en tu cuenta de Skrill (anteriormente conocido como Moneybookers) para transferirlo a tu cuenta de Bwin. Si no has depositado US$10 o el equivalente en tu cuenta de Skrill, por favor consulta <a href=\"http:\/\/bookmaker-info.com\/es\/skrill-deposito\">esta p\u00e1gina<\/a>.<\/p>\n<p>Si tienes m\u00e1s de US$10 o el equivalente en tu cuenta de Skrill, haz clic en el v\u00ednculo a continuaci\u00f3n para acceder a Bwin.<\/p>\n<p><a onclick=\"_gaq.push(['_trackEvent', 'Affiliate Links', 'Bwin', '\/skrill-bwin',, true]);\" href=\"https:\/\/mediaserver.bwinpartypartners.com\/renderBanner.do?zoneId=1661478\" rel=\"nofollow\">Bwin<\/a><\/p>\n<p><a href=\"http:\/\/bookmaker-info.com\/es\/wordpress\/wp-content\/uploads\/2014\/08\/bwin_skrill_11.png\"><img loading=\"lazy\" decoding=\"async\" class=\"alignnone size-full wp-image-11789\" alt=\"Bwin Skrill\" src=\"http:\/\/bookmaker-info.com\/es\/wordpress\/wp-content\/uploads\/2014\/08\/bwin_skrill_11.png\" width=\"977\" height=\"597\" srcset=\"https:\/\/bookmaker-info.com\/es\/wordpress\/wp-content\/uploads\/2014\/08\/bwin_skrill_11.png 977w, https:\/\/bookmaker-info.com\/es\/wordpress\/wp-content\/uploads\/2014\/08\/bwin_skrill_11-300x183.png 300w, https:\/\/bookmaker-info.com\/es\/wordpress\/wp-content\/uploads\/2014\/08\/bwin_skrill_11-624x381.png 624w\" sizes=\"auto, (max-width: 977px) 100vw, 977px\" \/><\/a><\/p>\n<p>Despu\u00e9s de introducir tu Nombre de Usuario y Contrase\u00f1a, haz clic en \u201cLogin\u201d para iniciar sesi\u00f3n.<\/p>\n<h2 class=\"title\">\uff08\uff12\uff09Haz clic en \u201cIngresar\u201d en la parte superior de la pantalla<\/h2>\n<p><a href=\"http:\/\/bookmaker-info.com\/es\/wordpress\/wp-content\/uploads\/2014\/08\/bwin_skrill_21.png\"><img loading=\"lazy\" decoding=\"async\" class=\"alignnone size-full wp-image-11790\" alt=\"Bwin Skrill\" src=\"http:\/\/bookmaker-info.com\/es\/wordpress\/wp-content\/uploads\/2014\/08\/bwin_skrill_21.png\" width=\"978\" height=\"391\" srcset=\"https:\/\/bookmaker-info.com\/es\/wordpress\/wp-content\/uploads\/2014\/08\/bwin_skrill_21.png 978w, https:\/\/bookmaker-info.com\/es\/wordpress\/wp-content\/uploads\/2014\/08\/bwin_skrill_21-300x119.png 300w, https:\/\/bookmaker-info.com\/es\/wordpress\/wp-content\/uploads\/2014\/08\/bwin_skrill_21-624x249.png 624w\" sizes=\"auto, (max-width: 978px) 100vw, 978px\" \/><\/a><\/p>\n<h2 class=\"title\">\uff08\uff13\uff09De los m\u00e9todos de dep\u00f3sito disponibles, selecciona Skrill<\/h2>\n<p><a href=\"http:\/\/bookmaker-info.com\/es\/wordpress\/wp-content\/uploads\/2014\/08\/bwin_skrill_31.png\"><img loading=\"lazy\" decoding=\"async\" class=\"alignnone size-full wp-image-11791\" alt=\"Bwin Skrill\" src=\"http:\/\/bookmaker-info.com\/es\/wordpress\/wp-content\/uploads\/2014\/08\/bwin_skrill_31.png\" width=\"976\" height=\"689\" srcset=\"https:\/\/bookmaker-info.com\/es\/wordpress\/wp-content\/uploads\/2014\/08\/bwin_skrill_31.png 976w, https:\/\/bookmaker-info.com\/es\/wordpress\/wp-content\/uploads\/2014\/08\/bwin_skrill_31-300x211.png 300w, https:\/\/bookmaker-info.com\/es\/wordpress\/wp-content\/uploads\/2014\/08\/bwin_skrill_31-624x440.png 624w\" sizes=\"auto, (max-width: 976px) 100vw, 976px\" \/><\/a><\/p>\n<p>Para ver las opciones de dep\u00f3sito disponibles para tu pa\u00eds en espec\u00edfico, selecciona el pa\u00eds donde resides de la lista de pa\u00edses en el cuadro desplegable \u201cSu pa\u00eds\u201d en la esquina superior derecha de la pantalla.<\/p>\n<h2 class=\"title\">\uff08\uff14\uff09Completar tu dep\u00f3sito v\u00eda Skrill<\/h2>\n<p><a href=\"http:\/\/bookmaker-info.com\/es\/wordpress\/wp-content\/uploads\/2014\/08\/bwin_skrill_41.png\"><img loading=\"lazy\" decoding=\"async\" class=\"alignnone size-full wp-image-11792\" alt=\"Bwin Skrill\" src=\"http:\/\/bookmaker-info.com\/es\/wordpress\/wp-content\/uploads\/2014\/08\/bwin_skrill_41.png\" width=\"766\" height=\"504\" srcset=\"https:\/\/bookmaker-info.com\/es\/wordpress\/wp-content\/uploads\/2014\/08\/bwin_skrill_41.png 766w, https:\/\/bookmaker-info.com\/es\/wordpress\/wp-content\/uploads\/2014\/08\/bwin_skrill_41-300x197.png 300w, https:\/\/bookmaker-info.com\/es\/wordpress\/wp-content\/uploads\/2014\/08\/bwin_skrill_41-624x410.png 624w\" sizes=\"auto, (max-width: 766px) 100vw, 766px\" \/><\/a><\/p>\n<p>Despu\u00e9s de hacer clic en el logotipo de Skrill, la pantalla que se muestra arriba aparecer\u00e1. Si ya tienes una cuenta de Skrill, haz clic en el bot\u00f3n de \u201cTengo una cuenta Skrill\u201d para continuar.<\/p>\n<p><a href=\"http:\/\/bookmaker-info.com\/es\/wordpress\/wp-content\/uploads\/2014\/08\/bwin_skrill_51.png\"><img loading=\"lazy\" decoding=\"async\" class=\"alignnone size-full wp-image-11793\" alt=\"Bwin Skrill\" src=\"http:\/\/bookmaker-info.com\/es\/wordpress\/wp-content\/uploads\/2014\/08\/bwin_skrill_51.png\" width=\"566\" height=\"332\" srcset=\"https:\/\/bookmaker-info.com\/es\/wordpress\/wp-content\/uploads\/2014\/08\/bwin_skrill_51.png 566w, https:\/\/bookmaker-info.com\/es\/wordpress\/wp-content\/uploads\/2014\/08\/bwin_skrill_51-300x175.png 300w\" sizes=\"auto, (max-width: 566px) 100vw, 566px\" \/><\/a><\/p>\n<p>Despu\u00e9s de hacer clic en el bot\u00f3n de \u201cTengo una cuenta Skrill\u201d, introduce tu divisa (nosotros recomendamos que selecciones la misma divisa de tu cuenta NETELLER para ahorrarte tarifas en las transacciones al depositar o retirar desde tu cuenta de Bwin) y la cantidad que te gustar\u00eda depositar (deber\u00eda ser m\u00e1s de US$10 o el equivalente). Luego, haz clic en el bot\u00f3n amarillo de \u201cContinuar\u201d.<\/p>\n<h2 class=\"title\">\uff08\uff15\uff09Despues de hacer clic en \u201cContinuar\u201d, ser\u00e1s llevado hacia la p\u00e1gina de Skrill<\/h2>\n<p><a href=\"http:\/\/bookmaker-info.com\/es\/wordpress\/wp-content\/uploads\/2014\/08\/bwin_skrill_61.png\"><img loading=\"lazy\" decoding=\"async\" class=\"alignnone size-full wp-image-11794\" alt=\"Bwin Skrill\" src=\"http:\/\/bookmaker-info.com\/es\/wordpress\/wp-content\/uploads\/2014\/08\/bwin_skrill_61.png\" width=\"778\" height=\"522\" srcset=\"https:\/\/bookmaker-info.com\/es\/wordpress\/wp-content\/uploads\/2014\/08\/bwin_skrill_61.png 778w, https:\/\/bookmaker-info.com\/es\/wordpress\/wp-content\/uploads\/2014\/08\/bwin_skrill_61-300x201.png 300w, https:\/\/bookmaker-info.com\/es\/wordpress\/wp-content\/uploads\/2014\/08\/bwin_skrill_61-624x418.png 624w\" sizes=\"auto, (max-width: 778px) 100vw, 778px\" \/><\/a><\/p>\n<p>En la siguiente p\u00e1gina, te pedir\u00e1n que introduzcas los detalles de tu tarjeta de cr\u00e9dito. Por favor haz caso omiso de esto y despl\u00e1zate hacia el final de la pantalla y haz clic en \u201cYa tengo una cuenta en Skrill\u201d como se muestra en la imagen de arriba.<\/p>\n<h2 class=\"title\">\uff08\uff16\uff09Inicia sesi\u00f3n en tu cuenta de Skrill<\/h2>\n<p><a href=\"http:\/\/bookmaker-info.com\/es\/wordpress\/wp-content\/uploads\/2014\/08\/bwin_skrill_71.png\"><img loading=\"lazy\" decoding=\"async\" class=\"alignnone size-full wp-image-11795\" alt=\"Bwin Skrill\" src=\"http:\/\/bookmaker-info.com\/es\/wordpress\/wp-content\/uploads\/2014\/08\/bwin_skrill_71.png\" width=\"778\" height=\"423\" srcset=\"https:\/\/bookmaker-info.com\/es\/wordpress\/wp-content\/uploads\/2014\/08\/bwin_skrill_71.png 778w, https:\/\/bookmaker-info.com\/es\/wordpress\/wp-content\/uploads\/2014\/08\/bwin_skrill_71-300x163.png 300w, https:\/\/bookmaker-info.com\/es\/wordpress\/wp-content\/uploads\/2014\/08\/bwin_skrill_71-624x339.png 624w\" sizes=\"auto, (max-width: 778px) 100vw, 778px\" \/><\/a><\/p>\n<p>En la siguiente p\u00e1gina, inicia sesi\u00f3n en tu cuenta de Skrill introduciendo tu correo electr\u00f3nico de Skrill y la contrase\u00f1a para completar tu transacci\u00f3n de dep\u00f3sito.<\/p>\n<p>\u203b Por favor ten en cuenta que t\u00fa correo electr\u00f3nico de Skrill debe ser el mismo que registraste en Bwin. Si este no es el caso, puedes agregar tu correo electr\u00f3nico registrado de Bwin como un segundo correo electr\u00f3nico en Skrill al seguir los pasos que se indican a continuaci\u00f3n.<\/p>\n<h2 class=\"title\">\uff08\uff11\uff09Inicia sesi\u00f3n en Skrill<\/h2>\n<p><a href=\"http:\/\/bookmaker-info.com\/es\/wordpress\/wp-content\/uploads\/2014\/08\/bwin_skrill_81.png\"><img loading=\"lazy\" decoding=\"async\" class=\"alignnone size-full wp-image-11796\" alt=\"Bwin Skrill\" src=\"http:\/\/bookmaker-info.com\/es\/wordpress\/wp-content\/uploads\/2014\/08\/bwin_skrill_81.png\" width=\"1196\" height=\"409\" srcset=\"https:\/\/bookmaker-info.com\/es\/wordpress\/wp-content\/uploads\/2014\/08\/bwin_skrill_81.png 1196w, https:\/\/bookmaker-info.com\/es\/wordpress\/wp-content\/uploads\/2014\/08\/bwin_skrill_81-300x102.png 300w, https:\/\/bookmaker-info.com\/es\/wordpress\/wp-content\/uploads\/2014\/08\/bwin_skrill_81-1024x350.png 1024w, https:\/\/bookmaker-info.com\/es\/wordpress\/wp-content\/uploads\/2014\/08\/bwin_skrill_81-624x213.png 624w\" sizes=\"auto, (max-width: 1196px) 100vw, 1196px\" \/><\/a><\/p>\n<p>Luego de iniciar sesi\u00f3n, haz clic en \u201cAjustes\u201d.<\/p>\n<h2 class=\"title\">\uff08\uff12\uff09Navega hacia la pesta\u00f1a de Informaci\u00f3n Personal<\/h2>\n<p><a href=\"http:\/\/bookmaker-info.com\/es\/wordpress\/wp-content\/uploads\/2014\/08\/bwin_skrill_91.png\"><img loading=\"lazy\" decoding=\"async\" class=\"alignnone size-full wp-image-11797\" alt=\"Bwin Skrill\" src=\"http:\/\/bookmaker-info.com\/es\/wordpress\/wp-content\/uploads\/2014\/08\/bwin_skrill_91.png\" width=\"787\" height=\"560\" srcset=\"https:\/\/bookmaker-info.com\/es\/wordpress\/wp-content\/uploads\/2014\/08\/bwin_skrill_91.png 787w, https:\/\/bookmaker-info.com\/es\/wordpress\/wp-content\/uploads\/2014\/08\/bwin_skrill_91-300x213.png 300w, https:\/\/bookmaker-info.com\/es\/wordpress\/wp-content\/uploads\/2014\/08\/bwin_skrill_91-624x444.png 624w\" sizes=\"auto, (max-width: 787px) 100vw, 787px\" \/><\/a><\/p>\n<p>Una vez que has entrado a la pesta\u00f1a de \u201cInformaci\u00f3n Personal\u201d, haz clic en \u201cEditar\u201d en la secci\u00f3n de correo electr\u00f3nico para agregar otra direcci\u00f3n de correo electr\u00f3nico como se muestra en la imagen a continuaci\u00f3n.<\/p>\n<p><a href=\"http:\/\/bookmaker-info.com\/es\/wordpress\/wp-content\/uploads\/2014\/08\/bwin_skrill_101.png\"><img loading=\"lazy\" decoding=\"async\" class=\"alignnone size-full wp-image-11798\" alt=\"Bwin Skrill\" src=\"http:\/\/bookmaker-info.com\/es\/wordpress\/wp-content\/uploads\/2014\/08\/bwin_skrill_101.png\" width=\"774\" height=\"668\" srcset=\"https:\/\/bookmaker-info.com\/es\/wordpress\/wp-content\/uploads\/2014\/08\/bwin_skrill_101.png 774w, https:\/\/bookmaker-info.com\/es\/wordpress\/wp-content\/uploads\/2014\/08\/bwin_skrill_101-300x258.png 300w, https:\/\/bookmaker-info.com\/es\/wordpress\/wp-content\/uploads\/2014\/08\/bwin_skrill_101-624x538.png 624w\" sizes=\"auto, (max-width: 774px) 100vw, 774px\" \/><\/a><\/p>\n<p><a onclick=\"_gaq.push(['_trackEvent', 'Affiliate Links', 'Bwin', '\/skrill-bwin',, true]);\" href=\"https:\/\/mediaserver.bwinpartypartners.com\/renderBanner.do?zoneId=1661478\" rel=\"nofollow\"><img loading=\"lazy\" decoding=\"async\" class=\"alignnone size-full wp-image-8050\" title=\"Bwin Logotipo\" alt=\"Bwin Logotipo\" src=\"http:\/\/bookmaker-info.com\/en\/wordpress\/wp-content\/uploads\/2014\/08\/bwin-logo.jpg\" width=\"200\" height=\"77\" \/><\/a><br \/>\n<a onclick=\"_gaq.push(['_trackEvent', 'Affiliate Links', 'Bwin', '\/skrill-bwin',, true]);\" href=\"https:\/\/mediaserver.bwinpartypartners.com\/renderBanner.do?zoneId=1661478\" rel=\"nofollow\">Bwin<\/a><\/p>\n","protected":false},"excerpt":{"rendered":"<p>\uff08\uff11\uff09Inicia sesi\u00f3n en Bwin Necesitar\u00e1s un balance de m\u00e1s de US$10 o el equivalente si se usa otra divisa en tu cuenta de Skrill (anteriormente conocido como Moneybookers) para transferirlo a tu cuenta de Bwin. Si no has depositado US$10 o el equivalente en tu cuenta de Skrill, por favor consulta esta p\u00e1gina. Si tienes [&hellip;]<\/p>\n","protected":false},"author":1,"featured_media":0,"parent":0,"menu_order":0,"comment_status":"open","ping_status":"closed","template":"","meta":{"footnotes":""},"class_list":["post-7983","page","type-page","status-publish","hentry"],"_links":{"self":[{"href":"https:\/\/bookmaker-info.com\/es\/wp-json\/wp\/v2\/pages\/7983","targetHints":{"allow":["GET"]}}],"collection":[{"href":"https:\/\/bookmaker-info.com\/es\/wp-json\/wp\/v2\/pages"}],"about":[{"href":"https:\/\/bookmaker-info.com\/es\/wp-json\/wp\/v2\/types\/page"}],"author":[{"embeddable":true,"href":"https:\/\/bookmaker-info.com\/es\/wp-json\/wp\/v2\/users\/1"}],"replies":[{"embeddable":true,"href":"https:\/\/bookmaker-info.com\/es\/wp-json\/wp\/v2\/comments?post=7983"}],"version-history":[{"count":11,"href":"https:\/\/bookmaker-info.com\/es\/wp-json\/wp\/v2\/pages\/7983\/revisions"}],"predecessor-version":[{"id":11745,"href":"https:\/\/bookmaker-info.com\/es\/wp-json\/wp\/v2\/pages\/7983\/revisions\/11745"}],"wp:attachment":[{"href":"https:\/\/bookmaker-info.com\/es\/wp-json\/wp\/v2\/media?parent=7983"}],"curies":[{"name":"wp","href":"https:\/\/api.w.org\/{rel}","templated":true}]}}