{"id":7985,"date":"2014-08-30T00:06:06","date_gmt":"2014-08-29T15:06:06","guid":{"rendered":"http:\/\/bookmaker-info.com\/en\/?page_id=7985"},"modified":"2015-05-13T16:06:40","modified_gmt":"2015-05-13T16:06:40","slug":"bwin-retirada","status":"publish","type":"page","link":"https:\/\/bookmaker-info.com\/es\/bwin-retirada","title":{"rendered":"C\u00f3mo Retirar de mi Cuenta de Bwin"},"content":{"rendered":"<h2 class=\"title\">\uff08\uff11\uff09Inicia sesi\u00f3n en Bwin<\/h2>\n<p><a onclick=\"_gaq.push(['_trackEvent', 'Affiliate Links', 'Bwin', '\/bwin-retirada',, true]);\" href=\"https:\/\/mediaserver.bwinpartypartners.com\/renderBanner.do?zoneId=1661478\" rel=\"nofollow\">Bwin<\/a><\/p>\n<p><a href=\"http:\/\/bookmaker-info.com\/es\/wordpress\/wp-content\/uploads\/2014\/08\/bwin_retirada_1.png\"><img loading=\"lazy\" decoding=\"async\" class=\"alignnone size-full wp-image-12100\" alt=\"Bwin Retirada\" src=\"http:\/\/bookmaker-info.com\/es\/wordpress\/wp-content\/uploads\/2014\/08\/bwin_retirada_1.png\" width=\"977\" height=\"597\" srcset=\"https:\/\/bookmaker-info.com\/es\/wordpress\/wp-content\/uploads\/2014\/08\/bwin_retirada_1.png 977w, https:\/\/bookmaker-info.com\/es\/wordpress\/wp-content\/uploads\/2014\/08\/bwin_retirada_1-300x183.png 300w, https:\/\/bookmaker-info.com\/es\/wordpress\/wp-content\/uploads\/2014\/08\/bwin_retirada_1-624x381.png 624w\" sizes=\"auto, (max-width: 977px) 100vw, 977px\" \/><\/a><\/p>\n<p>Despu\u00e9s de introducir tu Nombre de Usuario y Contrase\u00f1a, haz clic en \u201cLogin\u201d para iniciar sesi\u00f3n.<\/p>\n<h2 class=\"title\">\uff08\uff12\uff09Haz clic en \u201cIngresar\u201d en la parte superior de la pantalla<\/h2>\n<p><a href=\"http:\/\/bookmaker-info.com\/es\/wordpress\/wp-content\/uploads\/2014\/08\/bwin_retirada_2.png\"><img loading=\"lazy\" decoding=\"async\" class=\"alignnone size-full wp-image-12101\" alt=\"Bwin Retirada\" src=\"http:\/\/bookmaker-info.com\/es\/wordpress\/wp-content\/uploads\/2014\/08\/bwin_retirada_2.png\" width=\"978\" height=\"391\" srcset=\"https:\/\/bookmaker-info.com\/es\/wordpress\/wp-content\/uploads\/2014\/08\/bwin_retirada_2.png 978w, https:\/\/bookmaker-info.com\/es\/wordpress\/wp-content\/uploads\/2014\/08\/bwin_retirada_2-300x119.png 300w, https:\/\/bookmaker-info.com\/es\/wordpress\/wp-content\/uploads\/2014\/08\/bwin_retirada_2-624x249.png 624w\" sizes=\"auto, (max-width: 978px) 100vw, 978px\" \/><\/a><\/p>\n<h2 class=\"title\">\uff08\uff13\uff09Selecciona \u201cPagos\u201d en la pantalla de Dep\u00f3sitos<\/h2>\n<p><a href=\"http:\/\/bookmaker-info.com\/es\/wordpress\/wp-content\/uploads\/2014\/08\/bwin_retirada_3.png\"><img loading=\"lazy\" decoding=\"async\" class=\"alignnone size-full wp-image-12102\" alt=\"Bwin Retirada\" src=\"http:\/\/bookmaker-info.com\/es\/wordpress\/wp-content\/uploads\/2014\/08\/bwin_retirada_3.png\" width=\"758\" height=\"533\" srcset=\"https:\/\/bookmaker-info.com\/es\/wordpress\/wp-content\/uploads\/2014\/08\/bwin_retirada_3.png 758w, https:\/\/bookmaker-info.com\/es\/wordpress\/wp-content\/uploads\/2014\/08\/bwin_retirada_3-300x210.png 300w, https:\/\/bookmaker-info.com\/es\/wordpress\/wp-content\/uploads\/2014\/08\/bwin_retirada_3-624x438.png 624w\" sizes=\"auto, (max-width: 758px) 100vw, 758px\" \/><\/a><\/p>\n<h2 class=\"title\">\uff08\uff14\uff09Si originalmente hiciste tu dep\u00f3sito v\u00eda NETELLER<\/h2>\n<p><a href=\"http:\/\/bookmaker-info.com\/es\/wordpress\/wp-content\/uploads\/2014\/08\/bwin_retirada_4.png\"><img loading=\"lazy\" decoding=\"async\" class=\"alignnone size-full wp-image-12103\" alt=\"Bwin Retirada\" src=\"http:\/\/bookmaker-info.com\/es\/wordpress\/wp-content\/uploads\/2014\/08\/bwin_retirada_4.png\" width=\"767\" height=\"271\" srcset=\"https:\/\/bookmaker-info.com\/es\/wordpress\/wp-content\/uploads\/2014\/08\/bwin_retirada_4.png 767w, https:\/\/bookmaker-info.com\/es\/wordpress\/wp-content\/uploads\/2014\/08\/bwin_retirada_4-300x105.png 300w, https:\/\/bookmaker-info.com\/es\/wordpress\/wp-content\/uploads\/2014\/08\/bwin_retirada_4-624x220.png 624w\" sizes=\"auto, (max-width: 767px) 100vw, 767px\" \/><\/a><\/p>\n<p>Para ver las opciones de retiro disponibles para tu pa\u00eds en espec\u00edfico, selecciona el pa\u00eds donde resides de la lista de pa\u00edses en el cuadro desplegable a la derecha de la pantalla.<\/p>\n<p>Si originalmente hiciste tu dep\u00f3sito v\u00eda <a href=\"http:\/\/bookmaker-info.com\/es\/neteller-registro\">NETELLER<\/a>, necesitar\u00e1s procesar tu retiro a trav\u00e9s de NETELLER tambi\u00e9n. Primero haz clic en el logotipo de NETELLER.<\/p>\n<p>Luego, introduce la cantidad que te gustar\u00eda retirar\u00a0(<strong>m\u00e1s de US$10 o el equivalente si se usa otra divisa<\/strong>) seguido de enviar tu solicitud para procesar tu transacci\u00f3n de retiro.<\/p>\n<p>\u203b Por favor ten en cuenta que tomar\u00e1 entre <strong>unas pocas horas hasta un (1) d\u00eda <\/strong> para que el pago del retiro se vea reflejado en tu cuenta de NETELLER.<\/p>\n<h2 class=\"title\">\uff08\uff15\uff09Si originalmente hiciste tu dep\u00f3sito v\u00eda Skrill<\/h2>\n<p><a href=\"http:\/\/bookmaker-info.com\/es\/wordpress\/wp-content\/uploads\/2014\/08\/bwin_retirada_5.png\"><img loading=\"lazy\" decoding=\"async\" class=\"alignnone size-full wp-image-12104\" alt=\"Bwin Retirada\" src=\"http:\/\/bookmaker-info.com\/es\/wordpress\/wp-content\/uploads\/2014\/08\/bwin_retirada_5.png\" width=\"767\" height=\"271\" srcset=\"https:\/\/bookmaker-info.com\/es\/wordpress\/wp-content\/uploads\/2014\/08\/bwin_retirada_5.png 767w, https:\/\/bookmaker-info.com\/es\/wordpress\/wp-content\/uploads\/2014\/08\/bwin_retirada_5-300x105.png 300w, https:\/\/bookmaker-info.com\/es\/wordpress\/wp-content\/uploads\/2014\/08\/bwin_retirada_5-624x220.png 624w\" sizes=\"auto, (max-width: 767px) 100vw, 767px\" \/><\/a><\/p>\n<p>Para ver las opciones de retiro disponibles para tu pa\u00eds en espec\u00edfico, selecciona el pa\u00eds donde resides de la lista de pa\u00edses en el cuadro desplegable a la derecha de la pantalla.<\/p>\n<p>Si originalmente hiciste tu dep\u00f3sito v\u00eda <a href=\"http:\/\/bookmaker-info.com\/es\/skrill-registro\">Skrill<\/a> (anteriormente conocido como Moneybookers), necesitar\u00e1s procesar tu retiro a trav\u00e9s de Skrill tambi\u00e9n. Primero haz clic en el logotipo de Skrill.<\/p>\n<p>Luego, introduce la cantidad que te gustar\u00eda retirar\u00a0(<strong>m\u00e1s de US$10 o el equivalente si se usa otra divisa<\/strong>) seguido de enviar tu solicitud para procesar tu transacci\u00f3n de retiro.<\/p>\n<p>\u203b Por favor ten en cuenta que tomar\u00e1 entre <strong>unas pocas horas hasta un (1) d\u00eda <\/strong> para que el pago del retiro se vea reflejado en tu cuenta de Skrill.<\/p>\n<p><a onclick=\"_gaq.push(['_trackEvent', 'Affiliate Links', 'Bwin', '\/bwin-retirada',, true]);\" href=\"https:\/\/mediaserver.bwinpartypartners.com\/renderBanner.do?zoneId=1661478\" rel=\"nofollow\"><img loading=\"lazy\" decoding=\"async\" class=\"alignnone size-full wp-image-8050\" title=\"Bwin Logotipo\" alt=\"Bwin Logotipo\" src=\"http:\/\/bookmaker-info.com\/en\/wordpress\/wp-content\/uploads\/2014\/08\/bwin-logo.jpg\" width=\"200\" height=\"77\" \/><\/a><br \/>\n<a onclick=\"_gaq.push(['_trackEvent', 'Affiliate Links', 'Bwin', '\/bwin-retirada',, true]);\" href=\"https:\/\/mediaserver.bwinpartypartners.com\/renderBanner.do?zoneId=1661478\" rel=\"nofollow\">Bwin<\/a><\/p>\n","protected":false},"excerpt":{"rendered":"<p>\uff08\uff11\uff09Inicia sesi\u00f3n en Bwin Bwin Despu\u00e9s de introducir tu Nombre de Usuario y Contrase\u00f1a, haz clic en \u201cLogin\u201d para iniciar sesi\u00f3n. \uff08\uff12\uff09Haz clic en \u201cIngresar\u201d en la parte superior de la pantalla \uff08\uff13\uff09Selecciona \u201cPagos\u201d en la pantalla de Dep\u00f3sitos \uff08\uff14\uff09Si originalmente hiciste tu dep\u00f3sito v\u00eda NETELLER Para ver las opciones de retiro disponibles para tu [&hellip;]<\/p>\n","protected":false},"author":1,"featured_media":0,"parent":0,"menu_order":0,"comment_status":"open","ping_status":"closed","template":"","meta":{"footnotes":""},"class_list":["post-7985","page","type-page","status-publish","hentry"],"_links":{"self":[{"href":"https:\/\/bookmaker-info.com\/es\/wp-json\/wp\/v2\/pages\/7985","targetHints":{"allow":["GET"]}}],"collection":[{"href":"https:\/\/bookmaker-info.com\/es\/wp-json\/wp\/v2\/pages"}],"about":[{"href":"https:\/\/bookmaker-info.com\/es\/wp-json\/wp\/v2\/types\/page"}],"author":[{"embeddable":true,"href":"https:\/\/bookmaker-info.com\/es\/wp-json\/wp\/v2\/users\/1"}],"replies":[{"embeddable":true,"href":"https:\/\/bookmaker-info.com\/es\/wp-json\/wp\/v2\/comments?post=7985"}],"version-history":[{"count":16,"href":"https:\/\/bookmaker-info.com\/es\/wp-json\/wp\/v2\/pages\/7985\/revisions"}],"predecessor-version":[{"id":12394,"href":"https:\/\/bookmaker-info.com\/es\/wp-json\/wp\/v2\/pages\/7985\/revisions\/12394"}],"wp:attachment":[{"href":"https:\/\/bookmaker-info.com\/es\/wp-json\/wp\/v2\/media?parent=7985"}],"curies":[{"name":"wp","href":"https:\/\/api.w.org\/{rel}","templated":true}]}}