{"id":7987,"date":"2014-08-30T00:06:38","date_gmt":"2014-08-29T15:06:38","guid":{"rendered":"http:\/\/bookmaker-info.com\/en\/?page_id=7987"},"modified":"2017-09-06T05:12:47","modified_gmt":"2017-09-06T05:12:47","slug":"bwin-perfil","status":"publish","type":"page","link":"https:\/\/bookmaker-info.com\/es\/bwin-perfil","title":{"rendered":"Perfil Bwin"},"content":{"rendered":"<p><a href=\"https:\/\/mediaserver.bwinpartypartners.com\/renderBanner.do?zoneId=1661478\" rel=\"nofollow\"><img loading=\"lazy\" decoding=\"async\" class=\"alignnone wp-image-9153\" title=\"Bwin Logotipo\" src=\"http:\/\/bookmaker-info.com\/en\/wordpress\/wp-content\/uploads\/2014\/08\/bwin_com_logo.jpg\" alt=\"Bwin Logotipo\" width=\"2920\" height=\"1146\" srcset=\"https:\/\/bookmaker-info.com\/es\/wordpress\/wp-content\/uploads\/2014\/08\/bwin_com_logo.jpg 2920w, https:\/\/bookmaker-info.com\/es\/wordpress\/wp-content\/uploads\/2014\/08\/bwin_com_logo-300x117.jpg 300w, https:\/\/bookmaker-info.com\/es\/wordpress\/wp-content\/uploads\/2014\/08\/bwin_com_logo-1024x401.jpg 1024w, https:\/\/bookmaker-info.com\/es\/wordpress\/wp-content\/uploads\/2014\/08\/bwin_com_logo-624x244.jpg 624w\" sizes=\"auto, (max-width: 2920px) 100vw, 2920px\" \/><\/a><\/p>\n<h2>Bwin<\/h2>\n<p><strong>Ubicaci\u00f3n:<\/strong> Gibraltar<br \/>\n<strong>Establecido:<\/strong> 1997<br \/>\n<strong>Tipo:<\/strong> Empresa que Cotiza en la Bolsa (Bolsa de Valores de Londres y Viena)<br \/>\n<strong>Licencia para el Juego:<\/strong> <a href=\"http:\/\/es.wikipedia.org\/wiki\/Gibraltar\">Gibraltar<\/a><\/p>\n<table id=\"page_table\">\n<tbody>\n<tr>\n<th style=\"text-align: center;\" colspan=\"7\"><span style=\"font-size: medium;\">Bwin Informaci\u00f3n de Dep\u00f3sito y Retiro<\/span><\/th>\n<\/tr>\n<tr>\n<th style=\"text-align: center;\"><span class=\"font_small\">Forma de Pago<\/span><\/th>\n<th style=\"text-align: center;\"><span class=\"font_small\">Dep\u00f3sito M\u00ednimo<\/span><\/th>\n<th style=\"text-align: center;\"><span class=\"font_small\">Duraci\u00f3n de Dep\u00f3sito<\/span><\/th>\n<th style=\"text-align: center;\"><span class=\"font_small\">Tarifa de Dep\u00f3sito<\/span><\/th>\n<th style=\"text-align: center;\"><span class=\"font_small\">Retiro M\u00ednimo<\/span><\/th>\n<th style=\"text-align: center;\"><span class=\"font_small\">Duraci\u00f3n de Retiro<\/span><\/th>\n<th style=\"text-align: center;\"><span class=\"font_small\">Tarifa de Retiro<\/span><\/th>\n<\/tr>\n<tr>\n<td style=\"text-align: center;\"><img decoding=\"async\" src=\"http:\/\/bookmaker-info.com\/en\/wordpress\/wp-content\/uploads\/2014\/08\/neteller.jpg\" alt=\"NETELLER\" \/><\/td>\n<td style=\"text-align: center;\">US$10<\/td>\n<td style=\"text-align: center;\">Instant\u00e1neamente<\/td>\n<td style=\"text-align: center;\">Ninguno<\/td>\n<td style=\"text-align: center;\">US$10<\/td>\n<td style=\"text-align: center;\">1 D\u00eda H\u00e1bil<\/td>\n<td style=\"text-align: center;\">3.0%<\/td>\n<\/tr>\n<tr>\n<td style=\"text-align: center;\"><img decoding=\"async\" src=\"http:\/\/bookmaker-info.com\/en\/wordpress\/wp-content\/uploads\/2014\/07\/Skrill.gif\" alt=\"Skrill\" \/><\/td>\n<td style=\"text-align: center;\">US$10<\/td>\n<td style=\"text-align: center;\">Instant\u00e1neamente<\/td>\n<td style=\"text-align: center;\">Ninguno<\/td>\n<td style=\"text-align: center;\">US$10<\/td>\n<td style=\"text-align: center;\">1 D\u00eda H\u00e1bil<\/td>\n<td style=\"text-align: center;\">3.0%<\/td>\n<\/tr>\n<\/tbody>\n<\/table>\n<p>\u203b\u3000Dep\u00f3sito M\u00e1ximo (por cada transacci\u00f3n de NETELLER) \uff1d US$50,000, Dep\u00f3sito M\u00e1ximo (por cada transacci\u00f3n de Skrill) \uff1d US$50,000<br \/>\n\u203b\u3000Retiro M\u00e1ximo (por cada transacci\u00f3n de NETELLER) \uff1d US$50,000, Retiro M\u00e1ximo (por cada transacci\u00f3n de Skrill) \uff1d US$10,000<br \/>\n\u203b\u3000Si no reinviertes la cantidad de tu dep\u00f3sito al menos 1 vez, no podr\u00e1s retirar nada de tu balance<\/p>\n<table id=\"page_table\">\n<tbody>\n<tr>\n<th style=\"text-align: center;\" colspan=\"3\"><span style=\"font-size: medium;\">Bwin Divisas para Apostar<\/span><\/th>\n<\/tr>\n<tr>\n<td style=\"text-align: center;\">Peso Argentino (ARS)<\/td>\n<td style=\"text-align: center;\">Libra Brit\u00e1nica (GBP)<\/td>\n<td style=\"text-align: center;\">Zloty Polaco (PLN)<\/td>\n<\/tr>\n<tr>\n<td style=\"text-align: center;\">Lev B\u00falgaro (BGN)<\/td>\n<td style=\"text-align: center;\">Kuna Croata (HRK)<\/td>\n<td style=\"text-align: center;\">Leu Rumano (RON)<\/td>\n<\/tr>\n<tr>\n<td style=\"text-align: center;\">Franco Suizo (CHF)<\/td>\n<td style=\"text-align: center;\">Forint de Hungr\u00eda (HUF)<\/td>\n<td style=\"text-align: center;\">Rublo Ruso (RUB)<\/td>\n<\/tr>\n<tr>\n<td style=\"text-align: center;\">Corona Checa (CZK)<\/td>\n<td style=\"text-align: center;\">Litas Lituania (LTL)<\/td>\n<td style=\"text-align: center;\">Corona Sueca (SEK)<\/td>\n<\/tr>\n<tr>\n<td style=\"text-align: center;\">Corona Danesa (DKK)<\/td>\n<td style=\"text-align: center;\">Peso Mexicano (MXN)<\/td>\n<td style=\"text-align: center;\">Lira Turca (TRY)<\/td>\n<\/tr>\n<tr>\n<td style=\"text-align: center;\">Euro (EUR)<\/td>\n<td style=\"text-align: center;\">Corona Noruega (NOK)<\/td>\n<td style=\"text-align: center;\">D\u00f3lar Estadounidense (USD)<\/td>\n<\/tr>\n<\/tbody>\n<\/table>\n<table id=\"page_table\">\n<tbody>\n<tr>\n<th style=\"text-align: center;\" colspan=\"3\"><span style=\"font-size: medium;\">Bwin Historia de los Patrocinadores de Deportes Profesionales<\/span><\/th>\n<\/tr>\n<tr>\n<th style=\"text-align: center;\"><span class=\"font_small\">Nombre de Liga\u30fbNombre del Equipo<\/span><\/th>\n<th style=\"text-align: center;\"><span class=\"font_small\">A\u00f1o<\/span><\/th>\n<th style=\"text-align: center;\"><span class=\"font_small\">Deportes<\/span><\/th>\n<\/tr>\n<tr>\n<td style=\"text-align: center;\"><a href=\"https:\/\/es.wikipedia.org\/wiki\/Inter_de_Mil%C3%A1n\">Inter de Mil\u00e1n<\/a><\/td>\n<td style=\"text-align: center;\">2017-presente<\/td>\n<td style=\"text-align: center;\">Italia &#8211; F\u00fatbol<\/td>\n<\/tr>\n<tr>\n<td style=\"text-align: center;\"><a href=\"https:\/\/es.wikipedia.org\/wiki\/Borussia_Dortmund\">Borussia Dortmund<\/a><\/td>\n<td style=\"text-align: center;\">2017-presente<\/td>\n<td style=\"text-align: center;\">Alemania &#8211; F\u00fatbol<\/td>\n<\/tr>\n<tr>\n<td style=\"text-align: center;\"><a href=\"http:\/\/en.wikipedia.org\/wiki\/Grand_Slam_of_Darts\">Grand Slam of Darts<\/a><\/td>\n<td style=\"text-align: center;\">2017-presente<\/td>\n<td style=\"text-align: center;\">Inglaterra &#8211; Dardos<\/td>\n<\/tr>\n<tr>\n<td style=\"text-align: center;\"><a href=\"http:\/\/www.villarrealcf.es\/\">Villarreal CF<\/a><\/td>\n<td style=\"text-align: center;\">2017-presente<\/td>\n<td style=\"text-align: center;\">Espa\u00f1a &#8211; F\u00fatbol<\/td>\n<\/tr>\n<tr>\n<td style=\"text-align: center;\"><a href=\"http:\/\/www.sevillafc.es\">Sevilla FC<\/a><\/td>\n<td style=\"text-align: center;\">2017-presente<\/td>\n<td style=\"text-align: center;\">Espa\u00f1a &#8211; F\u00fatbol<\/td>\n<\/tr>\n<tr>\n<td style=\"text-align: center;\"><a href=\"http:\/\/valenciacf.com\/\">Valencia CF<\/a><\/td>\n<td style=\"text-align: center;\">2017-presente<\/td>\n<td style=\"text-align: center;\">Espa\u00f1a &#8211; F\u00fatbol<\/td>\n<\/tr>\n<tr>\n<td style=\"text-align: center;\"><a href=\"https:\/\/atleticodemadrid.com\/\">Atletico Madrid<\/a><\/td>\n<td style=\"text-align: center;\">2017-presente<\/td>\n<td style=\"text-align: center;\">Espa\u00f1a &#8211; F\u00fatbol<\/td>\n<\/tr>\n<tr>\n<td style=\"text-align: center;\"><a href=\"http:\/\/es.wikipedia.org\/wiki\/Philadelphia_76ers\">Philadelphia 76ers<\/a><\/td>\n<td style=\"text-align: center;\">2014-2015<\/td>\n<td style=\"text-align: center;\">Baloncesto<\/td>\n<\/tr>\n<tr>\n<td style=\"text-align: center;\"><a href=\"http:\/\/es.wikipedia.org\/wiki\/New_Jersey_Devils\">New Jersey Devils<\/a><\/td>\n<td style=\"text-align: center;\">2014-presente<\/td>\n<td style=\"text-align: center;\">Hockey sobre Hielo<\/td>\n<\/tr>\n<tr>\n<td style=\"text-align: center;\"><a href=\"http:\/\/es.wikipedia.org\/wiki\/Royal_Sporting_Club_Anderlecht\">R.S.C. Anderlecht<\/a><\/td>\n<td style=\"text-align: center;\">2013-presente<\/td>\n<td style=\"text-align: center;\">B\u00e9lgica &#8211; F\u00fatbol<\/td>\n<\/tr>\n<tr>\n<td style=\"text-align: center;\"><a href=\"http:\/\/es.wikipedia.org\/wiki\/Olympique_de_Marsella\">Olympique de Marsella<\/a><\/td>\n<td style=\"text-align: center;\">2013-presente<\/td>\n<td style=\"text-align: center;\">Francia &#8211; F\u00fatbol<\/td>\n<\/tr>\n<tr>\n<td style=\"text-align: center;\"><a href=\"http:\/\/es.wikipedia.org\/wiki\/Manchester_United_Football_Club\">Manchester United F.C.<\/a><\/td>\n<td style=\"text-align: center;\">2012-2015<\/td>\n<td style=\"text-align: center;\">Inglaterra &#8211; F\u00fatbol<\/td>\n<\/tr>\n<tr>\n<td style=\"text-align: center;\"><a href=\"http:\/\/es.wikipedia.org\/wiki\/Bayern_M%C3%BAnich_%28baloncesto%29\">FC Bayern Munich<\/a><\/td>\n<td style=\"text-align: center;\">2011-presente<\/td>\n<td style=\"text-align: center;\">Alemania &#8211; Baloncesto<\/td>\n<\/tr>\n<tr>\n<td style=\"text-align: center;\"><a href=\"http:\/\/es.wikipedia.org\/wiki\/ULEB_Euroleague\">ULEB Euroleague<\/a><\/td>\n<td style=\"text-align: center;\">2011-presente<\/td>\n<td style=\"text-align: center;\">Baloncesto<\/td>\n<\/tr>\n<tr>\n<td style=\"text-align: center;\"><a href=\"http:\/\/es.wikipedia.org\/wiki\/Serie_B_%28Italia%29\">Serie B<\/a><\/td>\n<td style=\"text-align: center;\">2010-2012<\/td>\n<td style=\"text-align: center;\">Italia &#8211; F\u00fatbol<\/td>\n<\/tr>\n<tr>\n<td style=\"text-align: center;\"><a href=\"http:\/\/es.wikipedia.org\/wiki\/Bayern_de_M%C3%BAnich\">FC Bayern Munich<\/a><\/td>\n<td style=\"text-align: center;\">2008-presente<\/td>\n<td style=\"text-align: center;\">Alemania &#8211; F\u00fatbol<\/td>\n<\/tr>\n<tr>\n<td style=\"text-align: center;\"><a href=\"http:\/\/www.realmadrid.com\/\">Real Madrid C.F.<\/a><\/td>\n<td style=\"text-align: center;\">2007-2013<\/td>\n<td style=\"text-align: center;\">Espa\u00f1a &#8211; F\u00fatbol<\/td>\n<\/tr>\n<tr>\n<td style=\"text-align: center;\"><a href=\"http:\/\/es.wikipedia.org\/wiki\/FC_St._Pauli\">FC St. Pauli<\/a><\/td>\n<td style=\"text-align: center;\">2007-2010<\/td>\n<td style=\"text-align: center;\">Alemania &#8211; F\u00fatbol<\/td>\n<\/tr>\n<tr>\n<td style=\"text-align: center;\"><a href=\"http:\/\/es.wikipedia.org\/wiki\/Federaci%C3%B3n_Internacional_de_Baloncesto\">FIBA<\/a><\/td>\n<td style=\"text-align: center;\">2006-presente<\/td>\n<td style=\"text-align: center;\">Baloncesto<\/td>\n<\/tr>\n<tr>\n<td style=\"text-align: center;\"><a href=\"http:\/\/es.wikipedia.org\/wiki\/Associazione_Calcio_Milan\">A.C. Milan<\/a><\/td>\n<td style=\"text-align: center;\">2006-2010<\/td>\n<td style=\"text-align: center;\">Italia &#8211; F\u00fatbol<\/td>\n<\/tr>\n<tr>\n<td style=\"text-align: center;\"><a href=\"http:\/\/es.wikipedia.org\/wiki\/Werder_Bremen\">SV Werder Bremen<\/a><\/td>\n<td style=\"text-align: center;\">2006-2007<\/td>\n<td style=\"text-align: center;\">Alemania &#8211; F\u00fatbol<\/td>\n<\/tr>\n<tr>\n<td style=\"text-align: center;\"><a href=\"http:\/\/es.wikipedia.org\/wiki\/TSV_1860_M%C3%BAnich\">TSV 1860 M\u00fanich<\/a><\/td>\n<td style=\"text-align: center;\">2006-2007<\/td>\n<td style=\"text-align: center;\">Alemania &#8211; F\u00fatbol<\/td>\n<\/tr>\n<tr>\n<td style=\"text-align: center;\"><a href=\"http:\/\/es.wikipedia.org\/wiki\/VfB_Stuttgart\">VfB Stuttgart<\/a><\/td>\n<td style=\"text-align: center;\">2006-2007<\/td>\n<td style=\"text-align: center;\">Alemania &#8211; F\u00fatbol<\/td>\n<\/tr>\n<tr>\n<td style=\"text-align: center;\"><a href=\"http:\/\/es.wikipedia.org\/wiki\/Legia_de_Varsovia\">Legia de Varsovia<\/a><\/td>\n<td style=\"text-align: center;\">2006-2007<\/td>\n<td style=\"text-align: center;\">Polonia &#8211; F\u00fatbol<\/td>\n<\/tr>\n<tr>\n<td style=\"text-align: center;\"><a href=\"http:\/\/es.wikipedia.org\/wiki\/Juventus_de_Tur%C3%ADn\">Juventus F.C.<\/a><\/td>\n<td style=\"text-align: center;\">2005-2006, 2013-presente<\/td>\n<td style=\"text-align: center;\">Italia &#8211; F\u00fatbol<\/td>\n<\/tr>\n<tr>\n<td style=\"text-align: center;\"><a href=\"http:\/\/es.wikipedia.org\/wiki\/Primeira_Liga\">Primeira Liga<\/a><\/td>\n<td style=\"text-align: center;\">2005-2008<\/td>\n<td style=\"text-align: center;\">Portugal &#8211; F\u00fatbol<\/td>\n<\/tr>\n<tr>\n<td style=\"text-align: center;\"><a href=\"http:\/\/es.wikipedia.org\/wiki\/Football_Club_Slovan_Liberec\">FC Slovan Liberec<\/a><\/td>\n<td style=\"text-align: center;\">2005-2008<\/td>\n<td style=\"text-align: center;\">Rep\u00fablica Checa &#8211; F\u00fatbol<\/td>\n<\/tr>\n<tr>\n<td style=\"text-align: center;\"><a href=\"http:\/\/www.motogp.com\/es\/\">MotoGP<\/a><\/td>\n<td style=\"text-align: center;\">2004-presente<\/td>\n<td style=\"text-align: center;\">Deportes de Motor<\/td>\n<\/tr>\n<tr>\n<td style=\"text-align: center;\"><a href=\"http:\/\/www.fcbarcelona.es\/\">FC Barcelona<\/a><\/td>\n<td style=\"text-align: center;\">2004-2008<\/td>\n<td style=\"text-align: center;\">Espa\u00f1a &#8211; F\u00fatbol<\/td>\n<\/tr>\n<\/tbody>\n<\/table>\n<table id=\"page_table\">\n<tbody>\n<tr>\n<th style=\"text-align: center;\" colspan=\"2\"><span style=\"font-size: medium;\">Bwin Historia de Ganadoras de Premios de eGaming Review (EGR)<\/span><\/th>\n<\/tr>\n<tr>\n<th style=\"text-align: center;\"><span class=\"font_small\">Categor\u00eda<\/span><\/th>\n<th style=\"text-align: center;\"><span class=\"font_small\">A\u00f1o<\/span><\/th>\n<\/tr>\n<tr>\n<td style=\"text-align: center;\">Socially Responsible Operator of the Year<\/td>\n<td style=\"text-align: center;\">2011<\/td>\n<\/tr>\n<tr>\n<td style=\"text-align: center;\">Spread Betting<\/td>\n<td style=\"text-align: center;\">2011<\/td>\n<\/tr>\n<tr>\n<td style=\"text-align: center;\">Italian Operator of the Year<\/td>\n<td style=\"text-align: center;\">2011<\/td>\n<\/tr>\n<tr>\n<td style=\"text-align: center;\">European Sports Betting Operator of the Year<\/td>\n<td style=\"text-align: center;\">2010<\/td>\n<\/tr>\n<tr>\n<td style=\"text-align: center;\">Outstanding Contribution to the Industry<\/td>\n<td style=\"text-align: center;\">2010<\/td>\n<\/tr>\n<tr>\n<td style=\"text-align: center;\">Operator of the Year<\/td>\n<td style=\"text-align: center;\">2009<\/td>\n<\/tr>\n<\/tbody>\n<\/table>\n<h3>\u00bfPorque Bwin?<\/h3>\n<ul>\n<li>Especializada en deportes Europeos<\/li>\n<li>Apuestas durante el juego<\/li>\n<li>Juegos de casino con mano en vivo<\/li>\n<\/ul>\n<p>S\u00f3lido en deportes Europeos, Bwin es reconocido en toda Europa por el patrocinio de muchos equipos y ligas deportivas. Ya como una marca reconocida por s\u00ed misma, Bwin obtuvo un gran impulso cuando uni\u00f3 sus fuerzas con Party Gaming en una fusi\u00f3n en el 2011, para convertirse en el gigante del juego que es en la actualidad. Cotizando en ambas bolsas de valores, Londres y Viena, los jugadores no se equivocan al jugar en un corredor de apuestas confiable como Bwin.<\/p>\n<div class=\"bookmaker_link link_hover\"><a href=\"http:\/\/bookmaker-info.com\/es\/bwin-registro\">C\u00f3mo Abrir una Cuenta de Bwin<\/a><\/div>\n<div class=\"bookmaker_link link_hover\"><a href=\"http:\/\/bookmaker-info.com\/es\/neteller-bwin\">C\u00f3mo Transferir Dinero desde NETELLER hacia Bwin<\/a><\/div>\n<div class=\"bookmaker_link link_hover\"><a href=\"http:\/\/bookmaker-info.com\/es\/skrill-bwin\">C\u00f3mo Transferir Dinero desde Skrill hacia Bwin<\/a><\/div>\n<div class=\"bookmaker_link link_hover\"><a href=\"http:\/\/bookmaker-info.com\/es\/bwin-apuesta\">C\u00f3mo Apostar en Bwin<\/a><\/div>\n<div class=\"bookmaker_link link_hover\"><a href=\"http:\/\/bookmaker-info.com\/es\/bwin-retirada\">C\u00f3mo Retirar de mi Cuenta de Bwin<\/a><\/div>\n<p><span style=\"border-radius: 2px; text-indent: 20px; width: auto; padding: 0px 4px 0px 0px; text-align: center; font: bold 11px\/20px 'Helvetica Neue',Helvetica,sans-serif; color: #ffffff; background: #bd081c  no-repeat scroll 3px 50% \/ 14px 14px; position: absolute; opacity: 1; z-index: 8675309; display: none; cursor: pointer;\">Save<\/span><\/p>\n","protected":false},"excerpt":{"rendered":"<p>Bwin Ubicaci\u00f3n: Gibraltar Establecido: 1997 Tipo: Empresa que Cotiza en la Bolsa (Bolsa de Valores de Londres y Viena) Licencia para el Juego: Gibraltar Bwin Informaci\u00f3n de Dep\u00f3sito y Retiro Forma de Pago Dep\u00f3sito M\u00ednimo Duraci\u00f3n de Dep\u00f3sito Tarifa de Dep\u00f3sito Retiro M\u00ednimo Duraci\u00f3n de Retiro Tarifa de Retiro US$10 Instant\u00e1neamente Ninguno US$10 1 D\u00eda [&hellip;]<\/p>\n","protected":false},"author":1,"featured_media":0,"parent":0,"menu_order":0,"comment_status":"open","ping_status":"closed","template":"","meta":{"footnotes":""},"class_list":["post-7987","page","type-page","status-publish","hentry"],"_links":{"self":[{"href":"https:\/\/bookmaker-info.com\/es\/wp-json\/wp\/v2\/pages\/7987","targetHints":{"allow":["GET"]}}],"collection":[{"href":"https:\/\/bookmaker-info.com\/es\/wp-json\/wp\/v2\/pages"}],"about":[{"href":"https:\/\/bookmaker-info.com\/es\/wp-json\/wp\/v2\/types\/page"}],"author":[{"embeddable":true,"href":"https:\/\/bookmaker-info.com\/es\/wp-json\/wp\/v2\/users\/1"}],"replies":[{"embeddable":true,"href":"https:\/\/bookmaker-info.com\/es\/wp-json\/wp\/v2\/comments?post=7987"}],"version-history":[{"count":29,"href":"https:\/\/bookmaker-info.com\/es\/wp-json\/wp\/v2\/pages\/7987\/revisions"}],"predecessor-version":[{"id":12809,"href":"https:\/\/bookmaker-info.com\/es\/wp-json\/wp\/v2\/pages\/7987\/revisions\/12809"}],"wp:attachment":[{"href":"https:\/\/bookmaker-info.com\/es\/wp-json\/wp\/v2\/media?parent=7987"}],"curies":[{"name":"wp","href":"https:\/\/api.w.org\/{rel}","templated":true}]}}