{"id":835,"date":"2013-08-01T19:11:57","date_gmt":"2013-08-01T10:11:57","guid":{"rendered":"http:\/\/bookmaker-info.com\/?page_id=835"},"modified":"2020-02-03T09:18:55","modified_gmt":"2020-02-03T09:18:55","slug":"william-hill-retirada","status":"publish","type":"page","link":"https:\/\/bookmaker-info.com\/es\/william-hill-retirada","title":{"rendered":"C\u00f3mo Retirar de mi Cuenta de William Hill"},"content":{"rendered":"<h2 class=\"title\">\uff08\uff11\uff09Inicia sesi\u00f3n en William Hill<\/h2>\n<p><a href=\"https:\/\/campaigns.williamhill.com\/C.ashx?btag=a_35862b_793c_&amp;affid=1597071&amp;siteid=35862&amp;adid=793&amp;c=\">William Hill<\/a><\/p>\n<p><a href=\"http:\/\/bookmaker-info.com\/es\/wordpress\/wp-content\/uploads\/2013\/08\/william_hill_retirada_1.png\"><img loading=\"lazy\" decoding=\"async\" class=\"alignnone size-full wp-image-12131\" src=\"http:\/\/bookmaker-info.com\/es\/wordpress\/wp-content\/uploads\/2013\/08\/william_hill_retirada_1.png\" alt=\"William Hill Retirada\" width=\"993\" height=\"266\" srcset=\"https:\/\/bookmaker-info.com\/es\/wordpress\/wp-content\/uploads\/2013\/08\/william_hill_retirada_1.png 993w, https:\/\/bookmaker-info.com\/es\/wordpress\/wp-content\/uploads\/2013\/08\/william_hill_retirada_1-300x80.png 300w, https:\/\/bookmaker-info.com\/es\/wordpress\/wp-content\/uploads\/2013\/08\/william_hill_retirada_1-624x167.png 624w\" sizes=\"auto, (max-width: 993px) 100vw, 993px\" \/><\/a><\/p>\n<p>Si el sitio no se muestra en tu idioma preferido, puedes cambiar el idioma al ir a la esquina superior derecha de la pantalla para seleccionar el idioma de tu preferencia.<\/p>\n<p>Despu\u00e9s de introducir tu Nombre de Usuario y Contrase\u00f1a, haz clic en \u201cInciar\u201d para iniciar sesi\u00f3n.<\/p>\n<h2 class=\"title\">\uff08\uff12\uff09Haz clic en &#8220;Mi cuenta&#8221;<\/h2>\n<p><a href=\"http:\/\/bookmaker-info.com\/es\/wordpress\/wp-content\/uploads\/2013\/08\/william_hill_retirada_2.png\"><img loading=\"lazy\" decoding=\"async\" class=\"alignnone size-full wp-image-12132\" src=\"http:\/\/bookmaker-info.com\/es\/wordpress\/wp-content\/uploads\/2013\/08\/william_hill_retirada_2.png\" alt=\"William Hill Retirada\" width=\"994\" height=\"269\" srcset=\"https:\/\/bookmaker-info.com\/es\/wordpress\/wp-content\/uploads\/2013\/08\/william_hill_retirada_2.png 994w, https:\/\/bookmaker-info.com\/es\/wordpress\/wp-content\/uploads\/2013\/08\/william_hill_retirada_2-300x81.png 300w, https:\/\/bookmaker-info.com\/es\/wordpress\/wp-content\/uploads\/2013\/08\/william_hill_retirada_2-624x168.png 624w\" sizes=\"auto, (max-width: 994px) 100vw, 994px\" \/><\/a><\/p>\n<h2 class=\"title\">\uff08\uff13\uff09Haz clic en &#8220;Retiros&#8221;<\/h2>\n<p><a href=\"http:\/\/bookmaker-info.com\/es\/wordpress\/wp-content\/uploads\/2013\/08\/william_hill_retirada_3.png\"><img loading=\"lazy\" decoding=\"async\" class=\"alignnone size-full wp-image-12133\" src=\"http:\/\/bookmaker-info.com\/es\/wordpress\/wp-content\/uploads\/2013\/08\/william_hill_retirada_3.png\" alt=\"William Hill Retirada\" width=\"580\" height=\"427\" srcset=\"https:\/\/bookmaker-info.com\/es\/wordpress\/wp-content\/uploads\/2013\/08\/william_hill_retirada_3.png 580w, https:\/\/bookmaker-info.com\/es\/wordpress\/wp-content\/uploads\/2013\/08\/william_hill_retirada_3-300x220.png 300w\" sizes=\"auto, (max-width: 580px) 100vw, 580px\" \/><\/a><\/p>\n<h2 class=\"title\">\uff08\uff14\uff09Introduce el monto de tu retiro<\/h2>\n<p><a href=\"http:\/\/bookmaker-info.com\/es\/wordpress\/wp-content\/uploads\/2013\/08\/william_hill_retirada_4.png\"><img loading=\"lazy\" decoding=\"async\" class=\"alignnone size-full wp-image-12134\" src=\"http:\/\/bookmaker-info.com\/es\/wordpress\/wp-content\/uploads\/2013\/08\/william_hill_retirada_4.png\" alt=\"William Hill Retirada\" width=\"775\" height=\"258\" srcset=\"https:\/\/bookmaker-info.com\/es\/wordpress\/wp-content\/uploads\/2013\/08\/william_hill_retirada_4.png 775w, https:\/\/bookmaker-info.com\/es\/wordpress\/wp-content\/uploads\/2013\/08\/william_hill_retirada_4-300x99.png 300w, https:\/\/bookmaker-info.com\/es\/wordpress\/wp-content\/uploads\/2013\/08\/william_hill_retirada_4-624x207.png 624w\" sizes=\"auto, (max-width: 775px) 100vw, 775px\" \/><\/a><\/p>\n<p>En la siguiente pantalla, ingresa la cantidad que te gustar\u00eda retirar y haz clic en \u201cVer datos del retiro\u201d.<\/p>\n<h2 class=\"title\">\uff08\uff15\uff09Si originalmente hiciste tu dep\u00f3sito v\u00eda NETELLER<\/h2>\n<p><a href=\"http:\/\/bookmaker-info.com\/es\/wordpress\/wp-content\/uploads\/2013\/08\/william_hill_retirada_5.png\"><img loading=\"lazy\" decoding=\"async\" class=\"alignnone size-full wp-image-12135\" src=\"http:\/\/bookmaker-info.com\/es\/wordpress\/wp-content\/uploads\/2013\/08\/william_hill_retirada_5.png\" alt=\"William Hill Retirada\" width=\"773\" height=\"346\" srcset=\"https:\/\/bookmaker-info.com\/es\/wordpress\/wp-content\/uploads\/2013\/08\/william_hill_retirada_5.png 773w, https:\/\/bookmaker-info.com\/es\/wordpress\/wp-content\/uploads\/2013\/08\/william_hill_retirada_5-300x134.png 300w, https:\/\/bookmaker-info.com\/es\/wordpress\/wp-content\/uploads\/2013\/08\/william_hill_retirada_5-624x279.png 624w\" sizes=\"auto, (max-width: 773px) 100vw, 773px\" \/><\/a><\/p>\n<p>Si originalmente hiciste tu dep\u00f3sito v\u00eda <a href=\"http:\/\/bookmaker-info.com\/es\/neteller-registro\">NETELLER<\/a>, necesitar\u00e1s procesar tu retiro a trav\u00e9s de NETELLER tambi\u00e9n. Despu\u00e9s de confirmar la cantidad que te gustar\u00eda retirar (<strong>m\u00e1s de \u00a35 o el equivalente si se usa otra divisa<\/strong>), haz clic en \u201cProcesar retiro\u201d para finalizar y procesar la transacci\u00f3n.<\/p>\n<p>\u203b Por favor ten en cuenta que tomar\u00e1 entre <strong>unas pocas horas hasta un (1) d\u00eda h\u00e1bil<\/strong> para que el pago del retiro se vea reflejado en tu cuenta de NETELLER.<\/p>\n<h2 class=\"title\">\uff08\uff16\uff09Si originalmente hiciste tu dep\u00f3sito v\u00eda Skrill<\/h2>\n<p><a href=\"http:\/\/bookmaker-info.com\/es\/wordpress\/wp-content\/uploads\/2013\/08\/william_hill_retirada_6.png\"><img loading=\"lazy\" decoding=\"async\" class=\"alignnone size-full wp-image-12136\" src=\"http:\/\/bookmaker-info.com\/es\/wordpress\/wp-content\/uploads\/2013\/08\/william_hill_retirada_6.png\" alt=\"William Hill Retirada\" width=\"772\" height=\"347\" srcset=\"https:\/\/bookmaker-info.com\/es\/wordpress\/wp-content\/uploads\/2013\/08\/william_hill_retirada_6.png 772w, https:\/\/bookmaker-info.com\/es\/wordpress\/wp-content\/uploads\/2013\/08\/william_hill_retirada_6-300x134.png 300w, https:\/\/bookmaker-info.com\/es\/wordpress\/wp-content\/uploads\/2013\/08\/william_hill_retirada_6-624x280.png 624w\" sizes=\"auto, (max-width: 772px) 100vw, 772px\" \/><\/a><\/p>\n<p>Si originalmente hiciste tu dep\u00f3sito v\u00eda <a href=\"http:\/\/bookmaker-info.com\/es\/skrill-registro\">Skrill<\/a> (anteriormente conocido como Moneybookers), necesitar\u00e1s procesar tu retiro a trav\u00e9s de Skrill tambi\u00e9n. Despu\u00e9s de confirmar la cantidad que te gustar\u00eda retirar (<strong>m\u00e1s de \u00a35 o el equivalente si se usa otra divisa<\/strong>), haz clic en \u201cProcesar retiro\u201d para finalizar y procesar la transacci\u00f3n.<\/p>\n<p>\u203b Por favor ten en cuenta que tomar\u00e1 entre <strong>unas pocas horas hasta un (1) d\u00eda h\u00e1bil<\/strong> para que el pago del retiro se vea reflejado en tu cuenta de Skrill.<\/p>\n<p><a href=\"https:\/\/campaigns.williamhill.com\/C.ashx?btag=a_35862b_793c_&amp;affid=1597071&amp;siteid=35862&amp;adid=793&amp;c=\"><img loading=\"lazy\" decoding=\"async\" class=\"alignnone size-full wp-image-2772\" title=\"William Hill Logotipo\" src=\"http:\/\/bookmaker-info.com\/wordpress\/wp-content\/uploads\/2013\/06\/whLogo2.jpg\" alt=\"William Hill Logotipo\" width=\"212\" height=\"77\"><br \/>\n<\/a><a href=\"https:\/\/campaigns.williamhill.com\/C.ashx?btag=a_35862b_793c_&amp;affid=1597071&amp;siteid=35862&amp;adid=793&amp;c=\">William Hill<\/a><\/p>\n","protected":false},"excerpt":{"rendered":"<p>\uff08\uff11\uff09Inicia sesi\u00f3n en William Hill William Hill Si el sitio no se muestra en tu idioma preferido, puedes cambiar el idioma al ir a la esquina superior derecha de la pantalla para seleccionar el idioma de tu preferencia. Despu\u00e9s de introducir tu Nombre de Usuario y Contrase\u00f1a, haz clic en \u201cInciar\u201d para iniciar sesi\u00f3n. \uff08\uff12\uff09Haz [&hellip;]<\/p>\n","protected":false},"author":1,"featured_media":0,"parent":0,"menu_order":0,"comment_status":"open","ping_status":"closed","template":"","meta":{"footnotes":""},"class_list":["post-835","page","type-page","status-publish","hentry"],"_links":{"self":[{"href":"https:\/\/bookmaker-info.com\/es\/wp-json\/wp\/v2\/pages\/835","targetHints":{"allow":["GET"]}}],"collection":[{"href":"https:\/\/bookmaker-info.com\/es\/wp-json\/wp\/v2\/pages"}],"about":[{"href":"https:\/\/bookmaker-info.com\/es\/wp-json\/wp\/v2\/types\/page"}],"author":[{"embeddable":true,"href":"https:\/\/bookmaker-info.com\/es\/wp-json\/wp\/v2\/users\/1"}],"replies":[{"embeddable":true,"href":"https:\/\/bookmaker-info.com\/es\/wp-json\/wp\/v2\/comments?post=835"}],"version-history":[{"count":28,"href":"https:\/\/bookmaker-info.com\/es\/wp-json\/wp\/v2\/pages\/835\/revisions"}],"predecessor-version":[{"id":13141,"href":"https:\/\/bookmaker-info.com\/es\/wp-json\/wp\/v2\/pages\/835\/revisions\/13141"}],"wp:attachment":[{"href":"https:\/\/bookmaker-info.com\/es\/wp-json\/wp\/v2\/media?parent=835"}],"curies":[{"name":"wp","href":"https:\/\/api.w.org\/{rel}","templated":true}]}}