{"id":8400,"date":"2014-09-05T01:57:50","date_gmt":"2014-09-05T01:57:50","guid":{"rendered":"http:\/\/bookmaker-info.com\/en\/?page_id=8400"},"modified":"2025-02-28T03:45:15","modified_gmt":"2025-02-28T03:45:15","slug":"bet-at-home-registro","status":"publish","type":"page","link":"https:\/\/bookmaker-info.com\/es\/bet-at-home-registro","title":{"rendered":"C\u00f3mo Abrir una Cuenta de bet-at-home"},"content":{"rendered":"<h2 class=\"title\">\uff08\uff11\uff09Haz clic en el logotipo o en el v\u00ednculo de abajo para ingresar a bet-at-home<\/h2>\n<p><iframe loading=\"lazy\" scrolling=\"no\" style=\"padding:0px; margin:0px; border:0px;border-style:none;border-style:none;\" src=\"https:\/\/tracker.bet-at-home.com\/link?btag=36911509_234666\" width=\"350\" height=\"116\" frameborder=\"0\"><\/iframe><br \/>\n<a href=\"https:\/\/tracker.bet-at-home.com\/link?btag=36911509_234666\">bet-at-home<\/a><\/p>\n<h2 class=\"title\">\uff08\uff12\uff09Haz clic en \u201c\u00a1Reg\u00edstrese gratis ahora!&gt;\u201d en la mitad de la pantalla<\/h2>\n<p><a href=\"http:\/\/bookmaker-info.com\/es\/wordpress\/wp-content\/uploads\/2014\/09\/bet-at-home_registro_1.png\"><img loading=\"lazy\" decoding=\"async\" class=\"alignnone  wp-image-11628\" title=\"bet-at-home Registro\" alt=\"bet-at-home Registro\" src=\"http:\/\/bookmaker-info.com\/es\/wordpress\/wp-content\/uploads\/2014\/09\/bet-at-home_registro_1.png\" width=\"913\" height=\"952\" srcset=\"https:\/\/bookmaker-info.com\/es\/wordpress\/wp-content\/uploads\/2014\/09\/bet-at-home_registro_1.png 913w, https:\/\/bookmaker-info.com\/es\/wordpress\/wp-content\/uploads\/2014\/09\/bet-at-home_registro_1-287x300.png 287w, https:\/\/bookmaker-info.com\/es\/wordpress\/wp-content\/uploads\/2014\/09\/bet-at-home_registro_1-624x650.png 624w\" sizes=\"auto, (max-width: 913px) 100vw, 913px\" \/><\/a><\/p>\n<p>Si el sitio no se muestra en tu idioma preferido, puedes cambiar el idioma en la parte inferior derecha de la pantalla seleccionando el idioma de tu preferencia.<\/p>\n<h2 class=\"title\">\uff08\uff13\uff09Despu\u00e9s de hacer clic en \u201c\u00a1Reg\u00edstrese gratis ahora!&gt;\u201d, la pantalla de registro aparecer\u00e1 para que introduzcas tus detalles<\/h2>\n<p><a href=\"http:\/\/bookmaker-info.com\/es\/wordpress\/wp-content\/uploads\/2014\/09\/bet-at-home_registro_2.png\"><img loading=\"lazy\" decoding=\"async\" class=\"alignnone  wp-image-11629\" title=\"bet-at-home Registro\" alt=\"bet-at-home Registro\" src=\"http:\/\/bookmaker-info.com\/es\/wordpress\/wp-content\/uploads\/2014\/09\/bet-at-home_registro_2.png\" width=\"699\" height=\"618\" srcset=\"https:\/\/bookmaker-info.com\/es\/wordpress\/wp-content\/uploads\/2014\/09\/bet-at-home_registro_2.png 699w, https:\/\/bookmaker-info.com\/es\/wordpress\/wp-content\/uploads\/2014\/09\/bet-at-home_registro_2-300x265.png 300w, https:\/\/bookmaker-info.com\/es\/wordpress\/wp-content\/uploads\/2014\/09\/bet-at-home_registro_2-624x551.png 624w\" sizes=\"auto, (max-width: 699px) 100vw, 699px\" \/><\/a><\/p>\n<p>Al escoger la divisa de tu cuenta, selecciona la misma divisa del portal de pago (nosotros recomendamos <a href=\"http:\/\/bookmaker-info.com\/es\/neteller-registro\">NETELLER<\/a> y <a href=\"http:\/\/bookmaker-info.com\/es\/skrill-registro\">Skrill<\/a>) para ahorrarte en las tarifas por transacci\u00f3n al depositar o retirar desde tu cuenta de bet-at-home.<\/p>\n<p>Haz clic en el bot\u00f3n verde de \u201c\u00a1Reg\u00edstrese ahora!&gt;\u201d para completar tu registro.<\/p>\n<h2 class=\"title\">\uff08\uff14\uff09Registro Completado<\/h2>\n<p><a href=\"http:\/\/bookmaker-info.com\/es\/wordpress\/wp-content\/uploads\/2014\/09\/bet-at-home_registro_3.png\"><img loading=\"lazy\" decoding=\"async\" class=\"alignnone size-full wp-image-11630\" title=\"bet-at-home Registro\" alt=\"bet-at-home Registro\" src=\"http:\/\/bookmaker-info.com\/es\/wordpress\/wp-content\/uploads\/2014\/09\/bet-at-home_registro_3.png\" width=\"563\" height=\"317\" srcset=\"https:\/\/bookmaker-info.com\/es\/wordpress\/wp-content\/uploads\/2014\/09\/bet-at-home_registro_3.png 563w, https:\/\/bookmaker-info.com\/es\/wordpress\/wp-content\/uploads\/2014\/09\/bet-at-home_registro_3-300x168.png 300w\" sizes=\"auto, (max-width: 563px) 100vw, 563px\" \/><\/a><\/p>\n<p>Despu\u00e9s de completar tu registro, podr\u00eda aparecer una pantalla como se muestra anteriormente pidi\u00e9ndote realizar un dep\u00f3sito. Como puedes registrar esta informaci\u00f3n despu\u00e9s, puedes omitir esta pantalla en este momento si as\u00ed lo deseas.<\/p>\n<p>Como es el caso de los corredores de apuestas en l\u00ednea, ellos han subcontratado el flujo de dep\u00f3sitos y retiros a portales de pago terceros para minimizar las tarifas asociadas a las transacciones. Hemos explicado en m\u00e1s detalle sobre c\u00f3mo registrarse en dos de los portales de pago m\u00e1s reconocidos de la industria &#8211; <a href=\"http:\/\/bookmaker-info.com\/es\/neteller-registro\">NETELLER<\/a> y <a href=\"http:\/\/bookmaker-info.com\/es\/skrill-registro\">Skrill<\/a> (anteriormente conocido como Moneybookers) en las p\u00e1ginas siguientes para su conveniencia.<\/p>\n<p>\u203b Ten en cuenta que dependiendo del pa\u00eds que introduzcas como tu residencia durante el registro, los m\u00e9todos de dep\u00f3sito\/retiro de NETELLER o Skrill podr\u00edan no estar disponibles para algunos corredores de apuestas en l\u00ednea. En este caso, por favor utiliza un m\u00e9todo diferente para realizar los dep\u00f3sitos y retiros.<\/p>\n<p><iframe loading=\"lazy\" scrolling=\"no\" style=\"padding:0px; margin:0px; border:0px;border-style:none;border-style:none;\" src=\"https:\/\/tracker.bet-at-home.com\/link?btag=36911509_234666\" width=\"350\" height=\"116\" frameborder=\"0\"><\/iframe><br \/>\n<a href=\"https:\/\/tracker.bet-at-home.com\/link?btag=36911509_234666\">bet-at-home<\/a><\/p>\n","protected":false},"excerpt":{"rendered":"<p>\uff08\uff11\uff09Haz clic en el logotipo o en el v\u00ednculo de abajo para ingresar a bet-at-home bet-at-home \uff08\uff12\uff09Haz clic en \u201c\u00a1Reg\u00edstrese gratis ahora!&gt;\u201d en la mitad de la pantalla Si el sitio no se muestra en tu idioma preferido, puedes cambiar el idioma en la parte inferior derecha de la pantalla seleccionando el idioma de tu [&hellip;]<\/p>\n","protected":false},"author":1,"featured_media":0,"parent":0,"menu_order":0,"comment_status":"open","ping_status":"closed","template":"","meta":{"footnotes":""},"class_list":["post-8400","page","type-page","status-publish","hentry"],"_links":{"self":[{"href":"https:\/\/bookmaker-info.com\/es\/wp-json\/wp\/v2\/pages\/8400","targetHints":{"allow":["GET"]}}],"collection":[{"href":"https:\/\/bookmaker-info.com\/es\/wp-json\/wp\/v2\/pages"}],"about":[{"href":"https:\/\/bookmaker-info.com\/es\/wp-json\/wp\/v2\/types\/page"}],"author":[{"embeddable":true,"href":"https:\/\/bookmaker-info.com\/es\/wp-json\/wp\/v2\/users\/1"}],"replies":[{"embeddable":true,"href":"https:\/\/bookmaker-info.com\/es\/wp-json\/wp\/v2\/comments?post=8400"}],"version-history":[{"count":20,"href":"https:\/\/bookmaker-info.com\/es\/wp-json\/wp\/v2\/pages\/8400\/revisions"}],"predecessor-version":[{"id":13274,"href":"https:\/\/bookmaker-info.com\/es\/wp-json\/wp\/v2\/pages\/8400\/revisions\/13274"}],"wp:attachment":[{"href":"https:\/\/bookmaker-info.com\/es\/wp-json\/wp\/v2\/media?parent=8400"}],"curies":[{"name":"wp","href":"https:\/\/api.w.org\/{rel}","templated":true}]}}