{"id":8402,"date":"2014-09-05T01:58:30","date_gmt":"2014-09-05T01:58:30","guid":{"rendered":"http:\/\/bookmaker-info.com\/en\/?page_id=8402"},"modified":"2025-02-28T03:45:06","modified_gmt":"2025-02-28T03:45:06","slug":"bet-at-home-apuesta","status":"publish","type":"page","link":"https:\/\/bookmaker-info.com\/es\/bet-at-home-apuesta","title":{"rendered":"C\u00f3mo Apostar en bet-at-home"},"content":{"rendered":"<h2 class=\"title\">\uff08\uff11\uff09Inicia sesi\u00f3n en bet-at-home<\/h2>\n<p><a href=\"https:\/\/tracker.bet-at-home.com\/link?btag=36911509_234666\">bet-at-home<\/a><\/p>\n<p><a href=\"http:\/\/bookmaker-info.com\/es\/wordpress\/wp-content\/uploads\/2014\/09\/bet-at-home_apuesta_1.png\"><img loading=\"lazy\" decoding=\"async\" class=\"alignnone size-full wp-image-11983\" alt=\"bet-at-home Apuesta\" src=\"http:\/\/bookmaker-info.com\/es\/wordpress\/wp-content\/uploads\/2014\/09\/bet-at-home_apuesta_1.png\" width=\"1016\" height=\"305\" srcset=\"https:\/\/bookmaker-info.com\/es\/wordpress\/wp-content\/uploads\/2014\/09\/bet-at-home_apuesta_1.png 1016w, https:\/\/bookmaker-info.com\/es\/wordpress\/wp-content\/uploads\/2014\/09\/bet-at-home_apuesta_1-300x90.png 300w, https:\/\/bookmaker-info.com\/es\/wordpress\/wp-content\/uploads\/2014\/09\/bet-at-home_apuesta_1-624x187.png 624w\" sizes=\"auto, (max-width: 1016px) 100vw, 1016px\" \/><\/a><\/p>\n<p>Despu\u00e9s de introducir tu Numero de cuenta y Contrase\u00f1a, haz clic en \u201cIniciar sesi\u00f3n &gt;\u201d para iniciar sesi\u00f3n.<\/p>\n<h2 class=\"title\">\uff08\uff12\uff09Haz clic en \u201cDEPORTE\u201d y luego en \u201cApuestas deportivas\u201d<\/h2>\n<p><a href=\"http:\/\/bookmaker-info.com\/es\/wordpress\/wp-content\/uploads\/2014\/09\/bet-at-home_apuesta_2.png\"><img loading=\"lazy\" decoding=\"async\" class=\"alignnone size-full wp-image-11984\" alt=\"bet-at-home Apuesta\" src=\"http:\/\/bookmaker-info.com\/es\/wordpress\/wp-content\/uploads\/2014\/09\/bet-at-home_apuesta_2.png\" width=\"1015\" height=\"277\" srcset=\"https:\/\/bookmaker-info.com\/es\/wordpress\/wp-content\/uploads\/2014\/09\/bet-at-home_apuesta_2.png 1015w, https:\/\/bookmaker-info.com\/es\/wordpress\/wp-content\/uploads\/2014\/09\/bet-at-home_apuesta_2-300x81.png 300w, https:\/\/bookmaker-info.com\/es\/wordpress\/wp-content\/uploads\/2014\/09\/bet-at-home_apuesta_2-624x170.png 624w\" sizes=\"auto, (max-width: 1015px) 100vw, 1015px\" \/><\/a><\/p>\n<h2 class=\"title\">\uff08\uff13\uff09Selecciona el juego\/partido en el que te gustar\u00eda apostar<\/h2>\n<p><a href=\"http:\/\/bookmaker-info.com\/es\/wordpress\/wp-content\/uploads\/2014\/09\/bet-at-home_apuesta_3.png\"><img loading=\"lazy\" decoding=\"async\" class=\"alignnone size-full wp-image-11985\" alt=\"bet-at-home Apuesta\" src=\"http:\/\/bookmaker-info.com\/es\/wordpress\/wp-content\/uploads\/2014\/09\/bet-at-home_apuesta_3.png\" width=\"702\" height=\"401\" srcset=\"https:\/\/bookmaker-info.com\/es\/wordpress\/wp-content\/uploads\/2014\/09\/bet-at-home_apuesta_3.png 702w, https:\/\/bookmaker-info.com\/es\/wordpress\/wp-content\/uploads\/2014\/09\/bet-at-home_apuesta_3-300x171.png 300w, https:\/\/bookmaker-info.com\/es\/wordpress\/wp-content\/uploads\/2014\/09\/bet-at-home_apuesta_3-624x356.png 624w\" sizes=\"auto, (max-width: 702px) 100vw, 702px\" \/><\/a><\/p>\n<p>En este ejemplo, te mostraremos c\u00f3mo apostar en un juego de la Liga Premier de Inglaterra. Primero, haz clic en &#8220;F\u00fatbol&#8221; en la lista que est\u00e1 a la izquierda de la pantalla.<\/p>\n<p><a href=\"http:\/\/bookmaker-info.com\/es\/wordpress\/wp-content\/uploads\/2014\/09\/bet-at-home_apuesta_4.png\"><img loading=\"lazy\" decoding=\"async\" class=\"alignnone size-full wp-image-11986\" alt=\"bet-at-home Apuesta\" src=\"http:\/\/bookmaker-info.com\/es\/wordpress\/wp-content\/uploads\/2014\/09\/bet-at-home_apuesta_4.png\" width=\"693\" height=\"573\" srcset=\"https:\/\/bookmaker-info.com\/es\/wordpress\/wp-content\/uploads\/2014\/09\/bet-at-home_apuesta_4.png 693w, https:\/\/bookmaker-info.com\/es\/wordpress\/wp-content\/uploads\/2014\/09\/bet-at-home_apuesta_4-300x248.png 300w, https:\/\/bookmaker-info.com\/es\/wordpress\/wp-content\/uploads\/2014\/09\/bet-at-home_apuesta_4-624x515.png 624w\" sizes=\"auto, (max-width: 693px) 100vw, 693px\" \/><\/a><\/p>\n<p>Luego haz clic en \u201cInglaterra\u201d seguido de \u201cPremier League\u201d.<\/p>\n<h2 class=\"title\">\uff08\uff14\uff09Selecciona el tipo de apuesta<\/h2>\n<p><a href=\"http:\/\/bookmaker-info.com\/es\/wordpress\/wp-content\/uploads\/2014\/09\/bet-at-home_apuesta_5.png\"><img loading=\"lazy\" decoding=\"async\" class=\"alignnone size-full wp-image-11987\" alt=\"bet-at-home Apuesta\" src=\"http:\/\/bookmaker-info.com\/es\/wordpress\/wp-content\/uploads\/2014\/09\/bet-at-home_apuesta_5.png\" width=\"705\" height=\"306\" srcset=\"https:\/\/bookmaker-info.com\/es\/wordpress\/wp-content\/uploads\/2014\/09\/bet-at-home_apuesta_5.png 705w, https:\/\/bookmaker-info.com\/es\/wordpress\/wp-content\/uploads\/2014\/09\/bet-at-home_apuesta_5-300x130.png 300w, https:\/\/bookmaker-info.com\/es\/wordpress\/wp-content\/uploads\/2014\/09\/bet-at-home_apuesta_5-624x270.png 624w\" sizes=\"auto, (max-width: 705px) 100vw, 705px\" \/><\/a><\/p>\n<p>Uno de los tipos de apuestas m\u00e1s f\u00e1ciles de entender es el &#8220;Resultado del Tiempo Completo&#8221; (tambi\u00e9n conocido como Apuesta del Juego o L\u00ednea de Dinero). Un Resultado del Tiempo Completo significa que predices que equipo piensas que ganar\u00e1 o empatar\u00e1. En nuestro ejemplo anterior, tenemos tres opciones ya sea prediciendo 1 &#8211; Casa) que el Manchester City gana, 2 &#8211; Visitante) el West Bromwich Albion gana o X &#8211; Empate)&nbsp;el Manchester City empata con el West Bromwich Albion. En este ejemplo, escogeremos a&nbsp;Manchester City como ganador, por lo tanto haremos clic en las cuotas 1.30.<\/p>\n<p><a href=\"http:\/\/bookmaker-info.com\/es\/wordpress\/wp-content\/uploads\/2014\/09\/bet-at-home_apuesta_6.png\"><img loading=\"lazy\" decoding=\"async\" class=\"alignnone size-full wp-image-11988\" alt=\"bet-at-home Apuesta\" src=\"http:\/\/bookmaker-info.com\/es\/wordpress\/wp-content\/uploads\/2014\/09\/bet-at-home_apuesta_6.png\" width=\"705\" height=\"306\" srcset=\"https:\/\/bookmaker-info.com\/es\/wordpress\/wp-content\/uploads\/2014\/09\/bet-at-home_apuesta_6.png 705w, https:\/\/bookmaker-info.com\/es\/wordpress\/wp-content\/uploads\/2014\/09\/bet-at-home_apuesta_6-300x130.png 300w, https:\/\/bookmaker-info.com\/es\/wordpress\/wp-content\/uploads\/2014\/09\/bet-at-home_apuesta_6-624x270.png 624w\" sizes=\"auto, (max-width: 705px) 100vw, 705px\" \/><\/a><\/p>\n<p>\u203b Ten en cuenta que la fecha y la hora del partido se encuentra a la izquierda de las cuotas. La fecha y hora predeterminadas se muestran como Hora Central Europea (HCE o CET), lo que ser\u00eda un GMT+2 durante Marzo\/Abril hasta Octubre\/Noviembre y un GMT +1 durante Octubre\/Noviembre hasta Marzo\/Abril. La configuraci\u00f3n de la zona horaria no puede ser modificada.<\/p>\n<h2 class=\"title\">\uff08\uff15\uff09Introduce el monto de tu apuesta<\/h2>\n<p><a href=\"http:\/\/bookmaker-info.com\/es\/wordpress\/wp-content\/uploads\/2014\/09\/bet-at-home_apuesta_7.png\"><img loading=\"lazy\" decoding=\"async\" class=\"alignnone size-full wp-image-11989\" alt=\"bet-at-home Apuesta\" src=\"http:\/\/bookmaker-info.com\/es\/wordpress\/wp-content\/uploads\/2014\/09\/bet-at-home_apuesta_7.png\" width=\"809\" height=\"421\" srcset=\"https:\/\/bookmaker-info.com\/es\/wordpress\/wp-content\/uploads\/2014\/09\/bet-at-home_apuesta_7.png 809w, https:\/\/bookmaker-info.com\/es\/wordpress\/wp-content\/uploads\/2014\/09\/bet-at-home_apuesta_7-300x156.png 300w, https:\/\/bookmaker-info.com\/es\/wordpress\/wp-content\/uploads\/2014\/09\/bet-at-home_apuesta_7-624x324.png 624w\" sizes=\"auto, (max-width: 809px) 100vw, 809px\" \/><\/a><\/p>\n<p>Despu\u00e9s de hacer clic en las cuotas donde te gustar\u00eda apostar, la selecci\u00f3n de tu apuesta se mostrar\u00e1 debajo de \u201cBoleto de apuestas\u201d ubicado a la derecha de la pantalla.<\/p>\n<p>Una vez que introduces tu participaci\u00f3n o apuesta (la cantidad de dinero que te gustar\u00eda apostar), la cantidad de dinero (participaci\u00f3n + ganancia) que te ser\u00eda devuelta si ganar\u00e1s la apuesta se mostrar\u00eda autom\u00e1ticamente debajo de \u201cGanancias posibles\u201d.<\/p>\n<p>Una vez que colocaste tu participaci\u00f3n en la apuesta, haz clic en el bot\u00f3n verde de \u201cSiguiente\u201d para finalizar t\u00fa(s) apuesta(s).<\/p>\n<h2 class=\"title\">\u203b Otras Opciones de Apuesta<\/h2>\n<p>Si consultas la captura de pantalla a continuaci\u00f3n, ver\u00e1s un &#8220;+70&#8221;&nbsp;a la derecha de las cuotas del juego. Si haces clic en esta pesta\u00f1a, todos los tipos de apuestas disponibles (70 en este ejemplo) se mostrar\u00e1n para este juego en particular.<\/p>\n<p><a href=\"http:\/\/bookmaker-info.com\/es\/wordpress\/wp-content\/uploads\/2014\/09\/bet-at-home_apuesta_8.png\"><img loading=\"lazy\" decoding=\"async\" class=\"alignnone size-full wp-image-11990\" alt=\"bet-at-home Apuesta\" src=\"http:\/\/bookmaker-info.com\/es\/wordpress\/wp-content\/uploads\/2014\/09\/bet-at-home_apuesta_8.png\" width=\"705\" height=\"306\" srcset=\"https:\/\/bookmaker-info.com\/es\/wordpress\/wp-content\/uploads\/2014\/09\/bet-at-home_apuesta_8.png 705w, https:\/\/bookmaker-info.com\/es\/wordpress\/wp-content\/uploads\/2014\/09\/bet-at-home_apuesta_8-300x130.png 300w, https:\/\/bookmaker-info.com\/es\/wordpress\/wp-content\/uploads\/2014\/09\/bet-at-home_apuesta_8-624x270.png 624w\" sizes=\"auto, (max-width: 705px) 100vw, 705px\" \/><\/a><\/p>\n<h2 class=\"title\">Ejemplos de otras opciones de apuesta<\/h2>\n<p><strong>Doble Oportunidad<br \/>\n<a href=\"http:\/\/bookmaker-info.com\/es\/wordpress\/wp-content\/uploads\/2014\/09\/bet-at-home_apuesta_9.png\"><img loading=\"lazy\" decoding=\"async\" class=\"alignnone size-full wp-image-11991\" title=\"bet-at-home Apuesta - Doble Oportunidad\" alt=\"bet-at-home Apuesta - Doble Oportunidad\" src=\"http:\/\/bookmaker-info.com\/es\/wordpress\/wp-content\/uploads\/2014\/09\/bet-at-home_apuesta_9.png\" width=\"510\" height=\"56\" srcset=\"https:\/\/bookmaker-info.com\/es\/wordpress\/wp-content\/uploads\/2014\/09\/bet-at-home_apuesta_9.png 510w, https:\/\/bookmaker-info.com\/es\/wordpress\/wp-content\/uploads\/2014\/09\/bet-at-home_apuesta_9-300x32.png 300w\" sizes=\"auto, (max-width: 510px) 100vw, 510px\" \/><\/a><\/strong><\/p>\n<p>Una apuesta de \u201cDoble Oportunidad\u201d significa que puedes apostar una vez a dos resultados diferentes tal como, 1) el equipo local gana o empata, 2) el equipo visitante gana o empata, 3) no hay empate, lo que significa que el equipo local gana o el visitante gana.<\/p>\n<p><strong>Resultado Exacto<br \/>\n<a href=\"http:\/\/bookmaker-info.com\/es\/wordpress\/wp-content\/uploads\/2014\/09\/bet-at-home_apuesta_10.png\"><img loading=\"lazy\" decoding=\"async\" class=\"alignnone size-full wp-image-11992\" title=\"bet-at-home Apuesta - Resultado Exacto\" alt=\"bet-at-home Apuesta - Resultado Exacto\" src=\"http:\/\/bookmaker-info.com\/es\/wordpress\/wp-content\/uploads\/2014\/09\/bet-at-home_apuesta_10.png\" width=\"513\" height=\"133\" srcset=\"https:\/\/bookmaker-info.com\/es\/wordpress\/wp-content\/uploads\/2014\/09\/bet-at-home_apuesta_10.png 513w, https:\/\/bookmaker-info.com\/es\/wordpress\/wp-content\/uploads\/2014\/09\/bet-at-home_apuesta_10-300x77.png 300w\" sizes=\"auto, (max-width: 513px) 100vw, 513px\" \/><\/a><\/strong><\/p>\n<p>Una apuesta de \u201cResultado Exacto\u201d significa que puedes apostarle al que tu piensas que ser\u00e1 el marcador final del partido.<\/p>\n<p><strong>1er Tiempo\/Resultado Final<br \/>\n<a href=\"http:\/\/bookmaker-info.com\/es\/wordpress\/wp-content\/uploads\/2014\/09\/bet-at-home_apuesta_11.png\"><img loading=\"lazy\" decoding=\"async\" class=\"alignnone size-full wp-image-11993\" title=\"bet-at-home Apuesta - 1er Tiempo\/Resultado Final\" alt=\"bet-at-home Apuesta - 1er Tiempo\/Resultado Final\" src=\"http:\/\/bookmaker-info.com\/es\/wordpress\/wp-content\/uploads\/2014\/09\/bet-at-home_apuesta_11.png\" width=\"513\" height=\"114\" srcset=\"https:\/\/bookmaker-info.com\/es\/wordpress\/wp-content\/uploads\/2014\/09\/bet-at-home_apuesta_11.png 513w, https:\/\/bookmaker-info.com\/es\/wordpress\/wp-content\/uploads\/2014\/09\/bet-at-home_apuesta_11-300x66.png 300w\" sizes=\"auto, (max-width: 513px) 100vw, 513px\" \/><\/a><\/strong><\/p>\n<p>Una apuesta de&nbsp;\u201c1er Tiempo\/Resultado Final\u201d significa que puedes apostarle al resultado correcto que piensas se dar\u00e1 en el primer tiempo y tambi\u00e9n en el marcador final. Utilizando el ejemplo de Manchester City &#8211; West Bromwich Albion, si el marcador en el medio tiempo es de 0-1 y el marcador final es de 2-1, necesitar\u00edas apostar a &#8220;2\/1&#8221; para poder ganar la apuesta.<\/p>\n<p><strong>Under\/Over<br \/>\n<\/strong><a href=\"http:\/\/bookmaker-info.com\/es\/wordpress\/wp-content\/uploads\/2014\/09\/bet-at-home_apuesta_12.png\"><img loading=\"lazy\" decoding=\"async\" class=\"alignnone size-full wp-image-11994\" title=\"bet-at-home Apuesta - Under\/Over\" alt=\"bet-at-home Apuesta - Under\/Over\" src=\"http:\/\/bookmaker-info.com\/es\/wordpress\/wp-content\/uploads\/2014\/09\/bet-at-home_apuesta_12.png\" width=\"513\" height=\"163\" srcset=\"https:\/\/bookmaker-info.com\/es\/wordpress\/wp-content\/uploads\/2014\/09\/bet-at-home_apuesta_12.png 513w, https:\/\/bookmaker-info.com\/es\/wordpress\/wp-content\/uploads\/2014\/09\/bet-at-home_apuesta_12-300x95.png 300w\" sizes=\"auto, (max-width: 513px) 100vw, 513px\" \/><\/a><\/p>\n<p>Una apuesta de \u201cUnder\/Over\u201d que siempre se fija en &#8220;M\u00e1s de X.5&#8221; y &#8220;Menos de X.5&#8221;, significa que apuestas al n\u00famero total de goles que crees ser\u00e1n anotados en un partido. &#8220;M\u00e1s de 2.5&#8221; significa que 3 goles o m\u00e1s ser\u00edan una apuesta ganadora mientras que &#8220;Menos de 2.5&#8221; significa que 2 goles o menos ser\u00edan una apuesta ganadora.<\/p>\n<p><strong>2 Posibilidades<br \/>\n<a href=\"http:\/\/bookmaker-info.com\/es\/wordpress\/wp-content\/uploads\/2014\/09\/bet-at-home_apuesta_13.png\"><img loading=\"lazy\" decoding=\"async\" class=\"alignnone size-full wp-image-11995\" title=\"bet-at-home Apuesta - 2 Posibilidades\" alt=\"bet-at-home Apuesta - 2 Posibilidades\" src=\"http:\/\/bookmaker-info.com\/es\/wordpress\/wp-content\/uploads\/2014\/09\/bet-at-home_apuesta_13.png\" width=\"512\" height=\"65\" srcset=\"https:\/\/bookmaker-info.com\/es\/wordpress\/wp-content\/uploads\/2014\/09\/bet-at-home_apuesta_13.png 512w, https:\/\/bookmaker-info.com\/es\/wordpress\/wp-content\/uploads\/2014\/09\/bet-at-home_apuesta_13-300x38.png 300w\" sizes=\"auto, (max-width: 512px) 100vw, 512px\" \/><\/a><\/strong><\/p>\n<p>Una apuesta de&nbsp;\u201c2 Posibilidades\u201d significa que apostaste en el equipo que piensas que ganar\u00e1. Si el resultado es un empate, entonces tu participaci\u00f3n o apuesta ser\u00e1 reembolsada y no incurrir\u00e1 en ninguna p\u00e9rdida.<\/p>\n<p><iframe loading=\"lazy\" scrolling=\"no\" style=\"padding:0px; margin:0px; border:0px;border-style:none;border-style:none;\" src=\"https:\/\/tracker.bet-at-home.com\/link?btag=36911509_234666\" width=\"350\" height=\"116\" frameborder=\"0\"><\/iframe><br \/>\n<a href=\"https:\/\/tracker.bet-at-home.com\/link?btag=36911509_234666\">bet-at-home<\/a><\/p>\n","protected":false},"excerpt":{"rendered":"<p>\uff08\uff11\uff09Inicia sesi\u00f3n en bet-at-home bet-at-home Despu\u00e9s de introducir tu Numero de cuenta y Contrase\u00f1a, haz clic en \u201cIniciar sesi\u00f3n &gt;\u201d para iniciar sesi\u00f3n. \uff08\uff12\uff09Haz clic en \u201cDEPORTE\u201d y luego en \u201cApuestas deportivas\u201d \uff08\uff13\uff09Selecciona el juego\/partido en el que te gustar\u00eda apostar En este ejemplo, te mostraremos c\u00f3mo apostar en un juego de la Liga Premier [&hellip;]<\/p>\n","protected":false},"author":1,"featured_media":0,"parent":0,"menu_order":0,"comment_status":"open","ping_status":"closed","template":"","meta":{"footnotes":""},"class_list":["post-8402","page","type-page","status-publish","hentry"],"_links":{"self":[{"href":"https:\/\/bookmaker-info.com\/es\/wp-json\/wp\/v2\/pages\/8402","targetHints":{"allow":["GET"]}}],"collection":[{"href":"https:\/\/bookmaker-info.com\/es\/wp-json\/wp\/v2\/pages"}],"about":[{"href":"https:\/\/bookmaker-info.com\/es\/wp-json\/wp\/v2\/types\/page"}],"author":[{"embeddable":true,"href":"https:\/\/bookmaker-info.com\/es\/wp-json\/wp\/v2\/users\/1"}],"replies":[{"embeddable":true,"href":"https:\/\/bookmaker-info.com\/es\/wp-json\/wp\/v2\/comments?post=8402"}],"version-history":[{"count":17,"href":"https:\/\/bookmaker-info.com\/es\/wp-json\/wp\/v2\/pages\/8402\/revisions"}],"predecessor-version":[{"id":13273,"href":"https:\/\/bookmaker-info.com\/es\/wp-json\/wp\/v2\/pages\/8402\/revisions\/13273"}],"wp:attachment":[{"href":"https:\/\/bookmaker-info.com\/es\/wp-json\/wp\/v2\/media?parent=8402"}],"curies":[{"name":"wp","href":"https:\/\/api.w.org\/{rel}","templated":true}]}}