{"id":8404,"date":"2014-09-05T01:59:19","date_gmt":"2014-09-05T01:59:19","guid":{"rendered":"http:\/\/bookmaker-info.com\/en\/?page_id=8404"},"modified":"2025-02-28T03:44:04","modified_gmt":"2025-02-28T03:44:04","slug":"neteller-bet-at-home","status":"publish","type":"page","link":"https:\/\/bookmaker-info.com\/es\/neteller-bet-at-home","title":{"rendered":"C\u00f3mo Transferir Dinero desde NETELLER hacia bet-at-home"},"content":{"rendered":"<h2 class=\"title\">\uff08\uff11\uff09Inicia sesi\u00f3n en bet-at-home<\/h2>\n<p>Necesitar\u00e1s un balance de <strong>m\u00e1s de US$10\/\u20ac10\/\u00a310 o el equivalente si se usa otra divisa<\/strong> en tu cuenta de NETELLER para transferirlo a tu cuenta de bet-at-home. Si no has depositado US$10\/\u20ac10\/\u00a310 o el equivalente en tu cuenta de NETELLER, por favor consulta <a href=\"http:\/\/bookmaker-info.com\/es\/neteller-deposito\">esta p\u00e1gina<\/a>.<\/p>\n<p>Si tienes m\u00e1s de US$10\/\u20ac10\/\u00a310 o el equivalente en tu cuenta de NETELLER, haz clic en el v\u00ednculo a continuaci\u00f3n para acceder a bet-at-home.<\/p>\n<p><a href=\"https:\/\/tracker.bet-at-home.com\/link?btag=36911509_234666\">bet-at-home<\/a><\/p>\n<p><a href=\"http:\/\/bookmaker-info.com\/es\/wordpress\/wp-content\/uploads\/2014\/09\/bet-at-home_neteller_11.png\"><img loading=\"lazy\" decoding=\"async\" class=\"alignnone size-full wp-image-11727\" alt=\"bet-at-home NETELLER\" src=\"http:\/\/bookmaker-info.com\/es\/wordpress\/wp-content\/uploads\/2014\/09\/bet-at-home_neteller_11.png\" width=\"1016\" height=\"305\" srcset=\"https:\/\/bookmaker-info.com\/es\/wordpress\/wp-content\/uploads\/2014\/09\/bet-at-home_neteller_11.png 1016w, https:\/\/bookmaker-info.com\/es\/wordpress\/wp-content\/uploads\/2014\/09\/bet-at-home_neteller_11-300x90.png 300w, https:\/\/bookmaker-info.com\/es\/wordpress\/wp-content\/uploads\/2014\/09\/bet-at-home_neteller_11-624x187.png 624w\" sizes=\"auto, (max-width: 1016px) 100vw, 1016px\" \/><\/a><\/p>\n<p>Despu\u00e9s de introducir tu&nbsp;Numero de cuenta y Contrase\u00f1a, haz clic en \u201cIniciar sesi\u00f3n &gt;\u201d para iniciar sesi\u00f3n.<\/p>\n<h2 class=\"title\">\uff08\uff12\uff09Haz clic en \u201cRecargue su cuenta ahora &gt;\u201d en la esquina superior derecha de la pantalla<\/h2>\n<p><a href=\"http:\/\/bookmaker-info.com\/es\/wordpress\/wp-content\/uploads\/2014\/09\/bet-at-home_neteller_21.png\"><img loading=\"lazy\" decoding=\"async\" class=\"alignnone size-full wp-image-11728\" alt=\"bet-at-home NETELLER\" src=\"http:\/\/bookmaker-info.com\/es\/wordpress\/wp-content\/uploads\/2014\/09\/bet-at-home_neteller_21.png\" width=\"1019\" height=\"285\" srcset=\"https:\/\/bookmaker-info.com\/es\/wordpress\/wp-content\/uploads\/2014\/09\/bet-at-home_neteller_21.png 1019w, https:\/\/bookmaker-info.com\/es\/wordpress\/wp-content\/uploads\/2014\/09\/bet-at-home_neteller_21-300x83.png 300w, https:\/\/bookmaker-info.com\/es\/wordpress\/wp-content\/uploads\/2014\/09\/bet-at-home_neteller_21-624x174.png 624w\" sizes=\"auto, (max-width: 1019px) 100vw, 1019px\" \/><\/a><\/p>\n<h2 class=\"title\">\uff08\uff13\uff09De los m\u00e9todos de dep\u00f3sito disponibles, selecciona NETELLER<\/h2>\n<p><a href=\"http:\/\/bookmaker-info.com\/es\/wordpress\/wp-content\/uploads\/2014\/09\/bet-at-home_neteller_31.png\"><img loading=\"lazy\" decoding=\"async\" class=\"alignnone size-full wp-image-11729\" alt=\"bet-at-home NETELLER\" src=\"http:\/\/bookmaker-info.com\/es\/wordpress\/wp-content\/uploads\/2014\/09\/bet-at-home_neteller_31.png\" width=\"987\" height=\"564\" srcset=\"https:\/\/bookmaker-info.com\/es\/wordpress\/wp-content\/uploads\/2014\/09\/bet-at-home_neteller_31.png 987w, https:\/\/bookmaker-info.com\/es\/wordpress\/wp-content\/uploads\/2014\/09\/bet-at-home_neteller_31-300x171.png 300w, https:\/\/bookmaker-info.com\/es\/wordpress\/wp-content\/uploads\/2014\/09\/bet-at-home_neteller_31-624x356.png 624w\" sizes=\"auto, (max-width: 987px) 100vw, 987px\" \/><\/a><\/p>\n<h2 class=\"title\">\uff08\uff14\uff09Completar tu dep\u00f3sito v\u00eda NETELLER<\/h2>\n<p><a href=\"http:\/\/bookmaker-info.com\/es\/wordpress\/wp-content\/uploads\/2014\/09\/bet-at-home_neteller_41.png\"><img loading=\"lazy\" decoding=\"async\" class=\"alignnone size-full wp-image-11730\" alt=\"bet-at-home NETELLER\" src=\"http:\/\/bookmaker-info.com\/es\/wordpress\/wp-content\/uploads\/2014\/09\/bet-at-home_neteller_41.png\" width=\"483\" height=\"565\" srcset=\"https:\/\/bookmaker-info.com\/es\/wordpress\/wp-content\/uploads\/2014\/09\/bet-at-home_neteller_41.png 483w, https:\/\/bookmaker-info.com\/es\/wordpress\/wp-content\/uploads\/2014\/09\/bet-at-home_neteller_41-256x300.png 256w\" sizes=\"auto, (max-width: 483px) 100vw, 483px\" \/><\/a><\/p>\n<p>Despu\u00e9s de seleccionar NETELLER, introduce tus 12 n\u00fameros de identificaci\u00f3n de tu cuenta NETELLER y los 6 n\u00fameros de identificaci\u00f3n segura NETELLER en la siguiente pantalla. Luego, introduce la cantidad que te gustar\u00eda depositar (deber\u00eda ser m\u00e1s de US$10\/\u20ac10\/\u00a310 o el equivalente) y seleccionar tu divisa para el dep\u00f3sito. Por \u00faltimo, haz clic en el bot\u00f3n verde de \u201cRecargue la cuenta de apuestas &gt;\u201d para completar tu transacci\u00f3n de dep\u00f3sito.<\/p>\n<p><iframe loading=\"lazy\" scrolling=\"no\" style=\"padding:0px; margin:0px; border:0px;border-style:none;border-style:none;\" src=\"https:\/\/tracker.bet-at-home.com\/link?btag=36911509_234666\" width=\"350\" height=\"116\" frameborder=\"0\"><\/iframe><br \/>\n<a href=\"https:\/\/tracker.bet-at-home.com\/link?btag=36911509_234666\">bet-at-home<\/a><\/p>\n","protected":false},"excerpt":{"rendered":"<p>\uff08\uff11\uff09Inicia sesi\u00f3n en bet-at-home Necesitar\u00e1s un balance de m\u00e1s de US$10\/\u20ac10\/\u00a310 o el equivalente si se usa otra divisa en tu cuenta de NETELLER para transferirlo a tu cuenta de bet-at-home. Si no has depositado US$10\/\u20ac10\/\u00a310 o el equivalente en tu cuenta de NETELLER, por favor consulta esta p\u00e1gina. Si tienes m\u00e1s de US$10\/\u20ac10\/\u00a310 o [&hellip;]<\/p>\n","protected":false},"author":1,"featured_media":0,"parent":0,"menu_order":0,"comment_status":"open","ping_status":"closed","template":"","meta":{"footnotes":""},"class_list":["post-8404","page","type-page","status-publish","hentry"],"_links":{"self":[{"href":"https:\/\/bookmaker-info.com\/es\/wp-json\/wp\/v2\/pages\/8404","targetHints":{"allow":["GET"]}}],"collection":[{"href":"https:\/\/bookmaker-info.com\/es\/wp-json\/wp\/v2\/pages"}],"about":[{"href":"https:\/\/bookmaker-info.com\/es\/wp-json\/wp\/v2\/types\/page"}],"author":[{"embeddable":true,"href":"https:\/\/bookmaker-info.com\/es\/wp-json\/wp\/v2\/users\/1"}],"replies":[{"embeddable":true,"href":"https:\/\/bookmaker-info.com\/es\/wp-json\/wp\/v2\/comments?post=8404"}],"version-history":[{"count":15,"href":"https:\/\/bookmaker-info.com\/es\/wp-json\/wp\/v2\/pages\/8404\/revisions"}],"predecessor-version":[{"id":13271,"href":"https:\/\/bookmaker-info.com\/es\/wp-json\/wp\/v2\/pages\/8404\/revisions\/13271"}],"wp:attachment":[{"href":"https:\/\/bookmaker-info.com\/es\/wp-json\/wp\/v2\/media?parent=8404"}],"curies":[{"name":"wp","href":"https:\/\/api.w.org\/{rel}","templated":true}]}}