{"id":8406,"date":"2014-09-05T02:00:03","date_gmt":"2014-09-05T02:00:03","guid":{"rendered":"http:\/\/bookmaker-info.com\/en\/?page_id=8406"},"modified":"2025-02-28T03:43:10","modified_gmt":"2025-02-28T03:43:10","slug":"skrill-bet-at-home","status":"publish","type":"page","link":"https:\/\/bookmaker-info.com\/es\/skrill-bet-at-home","title":{"rendered":"C\u00f3mo Transferir Dinero desde Skrill hacia bet-at-home"},"content":{"rendered":"<h2 class=\"title\">\uff08\uff11\uff09Inicia sesi\u00f3n en bet-at-home<\/h2>\n<p>Necesitar\u00e1s un balance de <strong>m\u00e1s de US$10\/\u20ac10\/\u00a310 o el equivalente si se usa otra divisa<\/strong> en tu cuenta de Skrill (anteriormente conocido como Moneybookers) para transferirlo a tu cuenta de bet-at-home. Si no has depositado US$10\/\u20ac10\/\u00a310 o el equivalente en tu cuenta de Skrill, por favor consulta <a href=\"http:\/\/bookmaker-info.com\/es\/skrill-deposito\">esta p\u00e1gina<\/a>.<\/p>\n<p>Si tienes m\u00e1s de US$10\/\u20ac10\/\u00a310 o el equivalente en tu cuenta de Skrill, haz clic en el v\u00ednculo a continuaci\u00f3n para acceder a bet-at-home.<\/p>\n<p><a href=\"https:\/\/tracker.bet-at-home.com\/link?btag=36911509_234666\">bet-at-home<\/a><\/p>\n<p><a href=\"http:\/\/bookmaker-info.com\/es\/wordpress\/wp-content\/uploads\/2014\/09\/bet-at-home_skrill_11.png\"><img loading=\"lazy\" decoding=\"async\" class=\"alignnone size-full wp-image-11777\" alt=\"bet-at-home Skrill\" src=\"http:\/\/bookmaker-info.com\/es\/wordpress\/wp-content\/uploads\/2014\/09\/bet-at-home_skrill_11.png\" width=\"1016\" height=\"305\" srcset=\"https:\/\/bookmaker-info.com\/es\/wordpress\/wp-content\/uploads\/2014\/09\/bet-at-home_skrill_11.png 1016w, https:\/\/bookmaker-info.com\/es\/wordpress\/wp-content\/uploads\/2014\/09\/bet-at-home_skrill_11-300x90.png 300w, https:\/\/bookmaker-info.com\/es\/wordpress\/wp-content\/uploads\/2014\/09\/bet-at-home_skrill_11-624x187.png 624w\" sizes=\"auto, (max-width: 1016px) 100vw, 1016px\" \/><\/a><\/p>\n<p>Despu\u00e9s de introducir tu Numero de cuenta y Contrase\u00f1a, haz clic en \u201cIniciar sesi\u00f3n &gt;\u201d para iniciar sesi\u00f3n.<\/p>\n<h2 class=\"title\">\uff08\uff12\uff09Haz clic en \u201cRecargue su cuenta ahora &gt;\u201d en la esquina superior derecha de la pantalla<\/h2>\n<p><a href=\"http:\/\/bookmaker-info.com\/es\/wordpress\/wp-content\/uploads\/2014\/09\/bet-at-home_skrill_21.png\"><img loading=\"lazy\" decoding=\"async\" class=\"alignnone size-full wp-image-11778\" alt=\"bet-at-home Skrill\" src=\"http:\/\/bookmaker-info.com\/es\/wordpress\/wp-content\/uploads\/2014\/09\/bet-at-home_skrill_21.png\" width=\"1019\" height=\"285\" srcset=\"https:\/\/bookmaker-info.com\/es\/wordpress\/wp-content\/uploads\/2014\/09\/bet-at-home_skrill_21.png 1019w, https:\/\/bookmaker-info.com\/es\/wordpress\/wp-content\/uploads\/2014\/09\/bet-at-home_skrill_21-300x83.png 300w, https:\/\/bookmaker-info.com\/es\/wordpress\/wp-content\/uploads\/2014\/09\/bet-at-home_skrill_21-624x174.png 624w\" sizes=\"auto, (max-width: 1019px) 100vw, 1019px\" \/><\/a><\/p>\n<h2 class=\"title\">\uff08\uff13\uff09De los m\u00e9todos de dep\u00f3sito disponibles, selecciona Skrill<\/h2>\n<p><a href=\"http:\/\/bookmaker-info.com\/es\/wordpress\/wp-content\/uploads\/2014\/09\/bet-at-home_skrill_31.png\"><img loading=\"lazy\" decoding=\"async\" class=\"alignnone size-full wp-image-11779\" alt=\"bet-at-home Skrill\" src=\"http:\/\/bookmaker-info.com\/es\/wordpress\/wp-content\/uploads\/2014\/09\/bet-at-home_skrill_31.png\" width=\"987\" height=\"564\" srcset=\"https:\/\/bookmaker-info.com\/es\/wordpress\/wp-content\/uploads\/2014\/09\/bet-at-home_skrill_31.png 987w, https:\/\/bookmaker-info.com\/es\/wordpress\/wp-content\/uploads\/2014\/09\/bet-at-home_skrill_31-300x171.png 300w, https:\/\/bookmaker-info.com\/es\/wordpress\/wp-content\/uploads\/2014\/09\/bet-at-home_skrill_31-624x356.png 624w\" sizes=\"auto, (max-width: 987px) 100vw, 987px\" \/><\/a><\/p>\n<h2 class=\"title\">\uff08\uff14\uff09Completar tu dep\u00f3sito v\u00eda Skrill<\/h2>\n<p><a href=\"http:\/\/bookmaker-info.com\/es\/wordpress\/wp-content\/uploads\/2014\/09\/bet-at-home_skrill_41.png\"><img loading=\"lazy\" decoding=\"async\" class=\"alignnone size-full wp-image-11780\" alt=\"bet-at-home Skrill\" src=\"http:\/\/bookmaker-info.com\/es\/wordpress\/wp-content\/uploads\/2014\/09\/bet-at-home_skrill_41.png\" width=\"483\" height=\"484\" srcset=\"https:\/\/bookmaker-info.com\/es\/wordpress\/wp-content\/uploads\/2014\/09\/bet-at-home_skrill_41.png 483w, https:\/\/bookmaker-info.com\/es\/wordpress\/wp-content\/uploads\/2014\/09\/bet-at-home_skrill_41-150x150.png 150w, https:\/\/bookmaker-info.com\/es\/wordpress\/wp-content\/uploads\/2014\/09\/bet-at-home_skrill_41-300x300.png 300w, https:\/\/bookmaker-info.com\/es\/wordpress\/wp-content\/uploads\/2014\/09\/bet-at-home_skrill_41-120x120.png 120w\" sizes=\"auto, (max-width: 483px) 100vw, 483px\" \/><\/a><\/p>\n<p>Despu\u00e9s de seleccionar Skrill, introduce tu correo electr\u00f3nico registrado en Skrill seguido de la cantidad que te gustar\u00eda depositar (deber\u00eda ser m\u00e1s de US$10\/\u20ac10\/\u00a310 o el equivalente). Luego, selecciona la divisa para tu dep\u00f3sito y luego haz clic en el bot\u00f3n verde de \u201cRecargue la cuenta de apuestas &gt;\u201d para continuar.<\/p>\n<p><a href=\"http:\/\/bookmaker-info.com\/es\/wordpress\/wp-content\/uploads\/2014\/09\/bet-at-home_skrill_51.png\"><img loading=\"lazy\" decoding=\"async\" class=\"alignnone size-full wp-image-11781\" alt=\"bet-at-home Skrill\" src=\"http:\/\/bookmaker-info.com\/es\/wordpress\/wp-content\/uploads\/2014\/09\/bet-at-home_skrill_51.png\" width=\"758\" height=\"214\" srcset=\"https:\/\/bookmaker-info.com\/es\/wordpress\/wp-content\/uploads\/2014\/09\/bet-at-home_skrill_51.png 758w, https:\/\/bookmaker-info.com\/es\/wordpress\/wp-content\/uploads\/2014\/09\/bet-at-home_skrill_51-300x84.png 300w, https:\/\/bookmaker-info.com\/es\/wordpress\/wp-content\/uploads\/2014\/09\/bet-at-home_skrill_51-624x176.png 624w\" sizes=\"auto, (max-width: 758px) 100vw, 758px\" \/><\/a><\/p>\n<p>Despu\u00e9s de hacer clic en \u201cRecargue la cuenta de apuestas &gt;\u201d, aparecer\u00e1 la pantalla siguiente. Despu\u00e9s de unos pocos segundos ser\u00e1s redirigido hacia el sitio web de Skrill.<\/p>\n<h2 class=\"title\">\uff08\uff15\uff09Despues de hacer clic en \u201cRecargue la cuenta de apuestas &gt;\u201d, ser\u00e1s llevado hacia la p\u00e1gina de Skrill<\/h2>\n<p><a href=\"http:\/\/bookmaker-info.com\/es\/wordpress\/wp-content\/uploads\/2014\/09\/bet-at-home_skrill_61.png\"><img loading=\"lazy\" decoding=\"async\" class=\"alignnone size-full wp-image-11782\" alt=\"bet-at-home Skrill\" src=\"http:\/\/bookmaker-info.com\/es\/wordpress\/wp-content\/uploads\/2014\/09\/bet-at-home_skrill_61.png\" width=\"778\" height=\"522\" srcset=\"https:\/\/bookmaker-info.com\/es\/wordpress\/wp-content\/uploads\/2014\/09\/bet-at-home_skrill_61.png 778w, https:\/\/bookmaker-info.com\/es\/wordpress\/wp-content\/uploads\/2014\/09\/bet-at-home_skrill_61-300x201.png 300w, https:\/\/bookmaker-info.com\/es\/wordpress\/wp-content\/uploads\/2014\/09\/bet-at-home_skrill_61-624x418.png 624w\" sizes=\"auto, (max-width: 778px) 100vw, 778px\" \/><\/a><\/p>\n<p>En la siguiente p\u00e1gina, te pedir\u00e1n que introduzcas los detalles de tu tarjeta de cr\u00e9dito. Por favor haz caso omiso de esto y despl\u00e1zate hacia el final de la pantalla y haz clic en \u201cYa tengo una cuenta en Skrill\u201d como se muestra en la imagen de arriba.<\/p>\n<h2 class=\"title\">\uff08\uff16\uff09Inicia sesi\u00f3n en tu cuenta de Skrill<\/h2>\n<p><a href=\"http:\/\/bookmaker-info.com\/es\/wordpress\/wp-content\/uploads\/2014\/09\/bet-at-home_skrill_71.png\"><img loading=\"lazy\" decoding=\"async\" class=\"alignnone size-full wp-image-11783\" alt=\"bet-at-home Skrill\" src=\"http:\/\/bookmaker-info.com\/es\/wordpress\/wp-content\/uploads\/2014\/09\/bet-at-home_skrill_71.png\" width=\"778\" height=\"423\" srcset=\"https:\/\/bookmaker-info.com\/es\/wordpress\/wp-content\/uploads\/2014\/09\/bet-at-home_skrill_71.png 778w, https:\/\/bookmaker-info.com\/es\/wordpress\/wp-content\/uploads\/2014\/09\/bet-at-home_skrill_71-300x163.png 300w, https:\/\/bookmaker-info.com\/es\/wordpress\/wp-content\/uploads\/2014\/09\/bet-at-home_skrill_71-624x339.png 624w\" sizes=\"auto, (max-width: 778px) 100vw, 778px\" \/><\/a><\/p>\n<p>En la siguiente p\u00e1gina, inicia sesi\u00f3n en tu cuenta de Skrill introduciendo tu correo electr\u00f3nico de Skrill y la contrase\u00f1a para completar tu transacci\u00f3n de dep\u00f3sito.<\/p>\n<p>\u203b Por favor ten en cuenta que t\u00fa correo electr\u00f3nico de Skrill debe ser el mismo que registraste en bet-at-home. Si este no es el caso, puedes agregar tu correo electr\u00f3nico registrado de bet-at-home como un segundo correo electr\u00f3nico en Skrill al seguir los pasos que se indican a continuaci\u00f3n.<\/p>\n<h2 class=\"title\">\uff08\uff11\uff09Inicia sesi\u00f3n en Skrill<\/h2>\n<p><a href=\"http:\/\/bookmaker-info.com\/es\/wordpress\/wp-content\/uploads\/2014\/09\/bet-at-home_skrill_81.png\"><img loading=\"lazy\" decoding=\"async\" class=\"alignnone size-full wp-image-11784\" alt=\"bet-at-home Skrill\" src=\"http:\/\/bookmaker-info.com\/es\/wordpress\/wp-content\/uploads\/2014\/09\/bet-at-home_skrill_81.png\" width=\"1196\" height=\"409\" srcset=\"https:\/\/bookmaker-info.com\/es\/wordpress\/wp-content\/uploads\/2014\/09\/bet-at-home_skrill_81.png 1196w, https:\/\/bookmaker-info.com\/es\/wordpress\/wp-content\/uploads\/2014\/09\/bet-at-home_skrill_81-300x102.png 300w, https:\/\/bookmaker-info.com\/es\/wordpress\/wp-content\/uploads\/2014\/09\/bet-at-home_skrill_81-1024x350.png 1024w, https:\/\/bookmaker-info.com\/es\/wordpress\/wp-content\/uploads\/2014\/09\/bet-at-home_skrill_81-624x213.png 624w\" sizes=\"auto, (max-width: 1196px) 100vw, 1196px\" \/><\/a><\/p>\n<p>Luego de iniciar sesi\u00f3n, haz clic en \u201cAjustes\u201d.<\/p>\n<h2 class=\"title\">\uff08\uff12\uff09Navega hacia la pesta\u00f1a de Informaci\u00f3n Personal<\/h2>\n<p><a href=\"http:\/\/bookmaker-info.com\/es\/wordpress\/wp-content\/uploads\/2014\/09\/bet-at-home_skrill_91.png\"><img loading=\"lazy\" decoding=\"async\" class=\"alignnone size-full wp-image-11785\" alt=\"bet-at-home Skrill\" src=\"http:\/\/bookmaker-info.com\/es\/wordpress\/wp-content\/uploads\/2014\/09\/bet-at-home_skrill_91.png\" width=\"787\" height=\"560\" srcset=\"https:\/\/bookmaker-info.com\/es\/wordpress\/wp-content\/uploads\/2014\/09\/bet-at-home_skrill_91.png 787w, https:\/\/bookmaker-info.com\/es\/wordpress\/wp-content\/uploads\/2014\/09\/bet-at-home_skrill_91-300x213.png 300w, https:\/\/bookmaker-info.com\/es\/wordpress\/wp-content\/uploads\/2014\/09\/bet-at-home_skrill_91-624x444.png 624w\" sizes=\"auto, (max-width: 787px) 100vw, 787px\" \/><\/a><\/p>\n<p>Una vez que has entrado a la pesta\u00f1a de \u201cInformaci\u00f3n Personal\u201d, haz clic en \u201cEditar\u201d en la secci\u00f3n de correo electr\u00f3nico para agregar otra direcci\u00f3n de correo electr\u00f3nico como se muestra en la imagen a continuaci\u00f3n.<\/p>\n<p><a href=\"http:\/\/bookmaker-info.com\/es\/wordpress\/wp-content\/uploads\/2014\/09\/bet-at-home_skrill_101.png\"><img loading=\"lazy\" decoding=\"async\" class=\"alignnone size-full wp-image-11786\" alt=\"bet-at-home Skrill\" src=\"http:\/\/bookmaker-info.com\/es\/wordpress\/wp-content\/uploads\/2014\/09\/bet-at-home_skrill_101.png\" width=\"774\" height=\"668\" srcset=\"https:\/\/bookmaker-info.com\/es\/wordpress\/wp-content\/uploads\/2014\/09\/bet-at-home_skrill_101.png 774w, https:\/\/bookmaker-info.com\/es\/wordpress\/wp-content\/uploads\/2014\/09\/bet-at-home_skrill_101-300x258.png 300w, https:\/\/bookmaker-info.com\/es\/wordpress\/wp-content\/uploads\/2014\/09\/bet-at-home_skrill_101-624x538.png 624w\" sizes=\"auto, (max-width: 774px) 100vw, 774px\" \/><\/a><\/p>\n<p><iframe loading=\"lazy\" scrolling=\"no\" style=\"padding:0px; margin:0px; border:0px;border-style:none;border-style:none;\" src=\"https:\/\/tracker.bet-at-home.com\/link?btag=36911509_234666\" width=\"350\" height=\"116\" frameborder=\"0\"><\/iframe><br \/>\n<a href=\"https:\/\/tracker.bet-at-home.com\/link?btag=36911509_234666\">bet-at-home<\/a><\/p>\n","protected":false},"excerpt":{"rendered":"<p>\uff08\uff11\uff09Inicia sesi\u00f3n en bet-at-home Necesitar\u00e1s un balance de m\u00e1s de US$10\/\u20ac10\/\u00a310 o el equivalente si se usa otra divisa en tu cuenta de Skrill (anteriormente conocido como Moneybookers) para transferirlo a tu cuenta de bet-at-home. Si no has depositado US$10\/\u20ac10\/\u00a310 o el equivalente en tu cuenta de Skrill, por favor consulta esta p\u00e1gina. Si tienes [&hellip;]<\/p>\n","protected":false},"author":1,"featured_media":0,"parent":0,"menu_order":0,"comment_status":"open","ping_status":"closed","template":"","meta":{"footnotes":""},"class_list":["post-8406","page","type-page","status-publish","hentry"],"_links":{"self":[{"href":"https:\/\/bookmaker-info.com\/es\/wp-json\/wp\/v2\/pages\/8406","targetHints":{"allow":["GET"]}}],"collection":[{"href":"https:\/\/bookmaker-info.com\/es\/wp-json\/wp\/v2\/pages"}],"about":[{"href":"https:\/\/bookmaker-info.com\/es\/wp-json\/wp\/v2\/types\/page"}],"author":[{"embeddable":true,"href":"https:\/\/bookmaker-info.com\/es\/wp-json\/wp\/v2\/users\/1"}],"replies":[{"embeddable":true,"href":"https:\/\/bookmaker-info.com\/es\/wp-json\/wp\/v2\/comments?post=8406"}],"version-history":[{"count":13,"href":"https:\/\/bookmaker-info.com\/es\/wp-json\/wp\/v2\/pages\/8406\/revisions"}],"predecessor-version":[{"id":13270,"href":"https:\/\/bookmaker-info.com\/es\/wp-json\/wp\/v2\/pages\/8406\/revisions\/13270"}],"wp:attachment":[{"href":"https:\/\/bookmaker-info.com\/es\/wp-json\/wp\/v2\/media?parent=8406"}],"curies":[{"name":"wp","href":"https:\/\/api.w.org\/{rel}","templated":true}]}}