{"id":8408,"date":"2014-09-05T02:00:45","date_gmt":"2014-09-05T02:00:45","guid":{"rendered":"http:\/\/bookmaker-info.com\/en\/?page_id=8408"},"modified":"2025-02-28T03:44:45","modified_gmt":"2025-02-28T03:44:45","slug":"bet-at-home-retirada","status":"publish","type":"page","link":"https:\/\/bookmaker-info.com\/es\/bet-at-home-retirada","title":{"rendered":"C\u00f3mo Retirar de mi Cuenta de bet-at-home"},"content":{"rendered":"<h2 class=\"title\">\uff08\uff11\uff09Inicia sesi\u00f3n en bet-at-home<\/h2>\n<p><a href=\"https:\/\/tracker.bet-at-home.com\/link?btag=36911509_234666\">bet-at-home<\/a><\/p>\n<p><a href=\"http:\/\/bookmaker-info.com\/es\/wordpress\/wp-content\/uploads\/2014\/09\/bet-at-home_retirada_1.png\"><img loading=\"lazy\" decoding=\"async\" class=\"alignnone size-full wp-image-12093\" alt=\"bet-at-home Retirada\" src=\"http:\/\/bookmaker-info.com\/es\/wordpress\/wp-content\/uploads\/2014\/09\/bet-at-home_retirada_1.png\" width=\"1016\" height=\"305\" srcset=\"https:\/\/bookmaker-info.com\/es\/wordpress\/wp-content\/uploads\/2014\/09\/bet-at-home_retirada_1.png 1016w, https:\/\/bookmaker-info.com\/es\/wordpress\/wp-content\/uploads\/2014\/09\/bet-at-home_retirada_1-300x90.png 300w, https:\/\/bookmaker-info.com\/es\/wordpress\/wp-content\/uploads\/2014\/09\/bet-at-home_retirada_1-624x187.png 624w\" sizes=\"auto, (max-width: 1016px) 100vw, 1016px\" \/><\/a><\/p>\n<p>Despu\u00e9s de introducir tu Numero de cuenta y Contrase\u00f1a, haz clic en \u201cIniciar sesi\u00f3n &gt;\u201d para iniciar sesi\u00f3n.<\/p>\n<h2 class=\"title\">\uff08\uff12\uff09Haz clic en \u201cRecargue su cuenta ahora &gt;\u201d en la esquina superior derecha de la pantalla<\/h2>\n<p><a href=\"http:\/\/bookmaker-info.com\/es\/wordpress\/wp-content\/uploads\/2014\/09\/bet-at-home_retirada_2.png\"><img loading=\"lazy\" decoding=\"async\" class=\"alignnone size-full wp-image-12094\" alt=\"bet-at-home Retirada\" src=\"http:\/\/bookmaker-info.com\/es\/wordpress\/wp-content\/uploads\/2014\/09\/bet-at-home_retirada_2.png\" width=\"1019\" height=\"285\" srcset=\"https:\/\/bookmaker-info.com\/es\/wordpress\/wp-content\/uploads\/2014\/09\/bet-at-home_retirada_2.png 1019w, https:\/\/bookmaker-info.com\/es\/wordpress\/wp-content\/uploads\/2014\/09\/bet-at-home_retirada_2-300x83.png 300w, https:\/\/bookmaker-info.com\/es\/wordpress\/wp-content\/uploads\/2014\/09\/bet-at-home_retirada_2-624x174.png 624w\" sizes=\"auto, (max-width: 1019px) 100vw, 1019px\" \/><\/a><\/p>\n<h2 class=\"title\">\uff08\uff13\uff09Selecciona \u201cReintegro\u201d en la pantalla de Dep\u00f3sito<\/h2>\n<p><a href=\"http:\/\/bookmaker-info.com\/es\/wordpress\/wp-content\/uploads\/2014\/09\/bet-at-home_retirada_3.png\"><img loading=\"lazy\" decoding=\"async\" class=\"alignnone size-full wp-image-12095\" alt=\"bet-at-home Retirada\" src=\"http:\/\/bookmaker-info.com\/es\/wordpress\/wp-content\/uploads\/2014\/09\/bet-at-home_retirada_3.png\" width=\"987\" height=\"564\" srcset=\"https:\/\/bookmaker-info.com\/es\/wordpress\/wp-content\/uploads\/2014\/09\/bet-at-home_retirada_3.png 987w, https:\/\/bookmaker-info.com\/es\/wordpress\/wp-content\/uploads\/2014\/09\/bet-at-home_retirada_3-300x171.png 300w, https:\/\/bookmaker-info.com\/es\/wordpress\/wp-content\/uploads\/2014\/09\/bet-at-home_retirada_3-624x356.png 624w\" sizes=\"auto, (max-width: 987px) 100vw, 987px\" \/><\/a><\/p>\n<h2>\uff08\uff14\uff09Si originalmente hiciste tu dep\u00f3sito v\u00eda NETELLER<\/h2>\n<p><a href=\"http:\/\/bookmaker-info.com\/es\/wordpress\/wp-content\/uploads\/2014\/09\/bet-at-home_retirada_4.png\"><img loading=\"lazy\" decoding=\"async\" class=\"alignnone size-full wp-image-12096\" alt=\"bet-at-home Retirada\" src=\"http:\/\/bookmaker-info.com\/es\/wordpress\/wp-content\/uploads\/2014\/09\/bet-at-home_retirada_4.png\" width=\"765\" height=\"179\" srcset=\"https:\/\/bookmaker-info.com\/es\/wordpress\/wp-content\/uploads\/2014\/09\/bet-at-home_retirada_4.png 765w, https:\/\/bookmaker-info.com\/es\/wordpress\/wp-content\/uploads\/2014\/09\/bet-at-home_retirada_4-300x70.png 300w, https:\/\/bookmaker-info.com\/es\/wordpress\/wp-content\/uploads\/2014\/09\/bet-at-home_retirada_4-624x146.png 624w\" sizes=\"auto, (max-width: 765px) 100vw, 765px\" \/><\/a><\/p>\n<p>Si originalmente hiciste tu dep\u00f3sito v\u00eda <a href=\"http:\/\/bookmaker-info.com\/es\/neteller-registro\">NETELLER<\/a>, necesitar\u00e1s procesar tu retiro a trav\u00e9s de NETELLER tambi\u00e9n. Primero haz clic en el logotipo de NETELLER.<\/p>\n<p><a href=\"http:\/\/bookmaker-info.com\/es\/wordpress\/wp-content\/uploads\/2014\/09\/bet-at-home_retirada_5.png\"><img loading=\"lazy\" decoding=\"async\" class=\"alignnone size-full wp-image-12097\" alt=\"bet-at-home Retirada\" src=\"http:\/\/bookmaker-info.com\/es\/wordpress\/wp-content\/uploads\/2014\/09\/bet-at-home_retirada_5.png\" width=\"484\" height=\"495\" srcset=\"https:\/\/bookmaker-info.com\/es\/wordpress\/wp-content\/uploads\/2014\/09\/bet-at-home_retirada_5.png 484w, https:\/\/bookmaker-info.com\/es\/wordpress\/wp-content\/uploads\/2014\/09\/bet-at-home_retirada_5-293x300.png 293w\" sizes=\"auto, (max-width: 484px) 100vw, 484px\" \/><\/a><\/p>\n<p>En la pantalla siguiente, introduce la cantidad que te gustar\u00eda retirar (<strong>m\u00e1s de US$10\/\u20ac10\/\u00a310 o el equivalente si se usa otra divisa<\/strong>) y selecciona tu divisa para retirar. Por \u00faltimo, haz clic en el bot\u00f3n verde de \u201cPedido de reintegro &gt;\u201d para procesar tu transacci\u00f3n de retiro.<\/p>\n<p>\u203b Por favor ten en cuenta que tomar\u00e1 entre <strong>unas pocas horas hasta un (1) d\u00eda <\/strong> para que el pago del retiro se vea reflejado en tu cuenta de NETELLER.<\/p>\n<h2 class=\"title\">\uff08\uff15\uff09Si originalmente hiciste tu dep\u00f3sito v\u00eda Skrill<\/h2>\n<p><a href=\"http:\/\/bookmaker-info.com\/es\/wordpress\/wp-content\/uploads\/2014\/09\/bet-at-home_retirada_6.png\"><img loading=\"lazy\" decoding=\"async\" class=\"alignnone size-full wp-image-12098\" alt=\"bet-at-home Retirada\" src=\"http:\/\/bookmaker-info.com\/es\/wordpress\/wp-content\/uploads\/2014\/09\/bet-at-home_retirada_6.png\" width=\"765\" height=\"179\" srcset=\"https:\/\/bookmaker-info.com\/es\/wordpress\/wp-content\/uploads\/2014\/09\/bet-at-home_retirada_6.png 765w, https:\/\/bookmaker-info.com\/es\/wordpress\/wp-content\/uploads\/2014\/09\/bet-at-home_retirada_6-300x70.png 300w, https:\/\/bookmaker-info.com\/es\/wordpress\/wp-content\/uploads\/2014\/09\/bet-at-home_retirada_6-624x146.png 624w\" sizes=\"auto, (max-width: 765px) 100vw, 765px\" \/><\/a><\/p>\n<p>Si originalmente hiciste tu dep\u00f3sito v\u00eda <a href=\"http:\/\/bookmaker-info.com\/es\/skrill-registro\">Skrill<\/a> (anteriormente conocido como Moneybookers), necesitar\u00e1s procesar tu retiro a trav\u00e9s de Skrill tambi\u00e9n. Primero haz clic en el logotipo de Skrill.<\/p>\n<p>En la pantalla siguiente, introduce la cantidad que te gustar\u00eda retirar (<strong>m\u00e1s de US$10\/\u20ac10\/\u00a310 o el equivalente si se usa otra divisa<\/strong>) y selecciona tu divisa para retirar. Por \u00faltimo, haz clic en el bot\u00f3n verde de \u201cPedido de reintegro &gt;\u201d para procesar tu transacci\u00f3n de retiro.<\/p>\n<p>\u203b Por favor ten en cuenta que tomar\u00e1 entre <strong>unas pocas horas hasta un (1) d\u00eda <\/strong> para que el pago del retiro se vea reflejado en tu cuenta de Skrill.<\/p>\n<p><iframe loading=\"lazy\" scrolling=\"no\" style=\"padding:0px; margin:0px; border:0px;border-style:none;border-style:none;\" src=\"https:\/\/tracker.bet-at-home.com\/link?btag=36911509_234666\" width=\"350\" height=\"116\" frameborder=\"0\"><\/iframe><br \/>\n<a href=\"https:\/\/tracker.bet-at-home.com\/link?btag=36911509_234666\">bet-at-home<\/a><\/p>\n","protected":false},"excerpt":{"rendered":"<p>\uff08\uff11\uff09Inicia sesi\u00f3n en bet-at-home bet-at-home Despu\u00e9s de introducir tu Numero de cuenta y Contrase\u00f1a, haz clic en \u201cIniciar sesi\u00f3n &gt;\u201d para iniciar sesi\u00f3n. \uff08\uff12\uff09Haz clic en \u201cRecargue su cuenta ahora &gt;\u201d en la esquina superior derecha de la pantalla \uff08\uff13\uff09Selecciona \u201cReintegro\u201d en la pantalla de Dep\u00f3sito \uff08\uff14\uff09Si originalmente hiciste tu dep\u00f3sito v\u00eda NETELLER Si originalmente [&hellip;]<\/p>\n","protected":false},"author":1,"featured_media":0,"parent":0,"menu_order":0,"comment_status":"open","ping_status":"closed","template":"","meta":{"footnotes":""},"class_list":["post-8408","page","type-page","status-publish","hentry"],"_links":{"self":[{"href":"https:\/\/bookmaker-info.com\/es\/wp-json\/wp\/v2\/pages\/8408","targetHints":{"allow":["GET"]}}],"collection":[{"href":"https:\/\/bookmaker-info.com\/es\/wp-json\/wp\/v2\/pages"}],"about":[{"href":"https:\/\/bookmaker-info.com\/es\/wp-json\/wp\/v2\/types\/page"}],"author":[{"embeddable":true,"href":"https:\/\/bookmaker-info.com\/es\/wp-json\/wp\/v2\/users\/1"}],"replies":[{"embeddable":true,"href":"https:\/\/bookmaker-info.com\/es\/wp-json\/wp\/v2\/comments?post=8408"}],"version-history":[{"count":19,"href":"https:\/\/bookmaker-info.com\/es\/wp-json\/wp\/v2\/pages\/8408\/revisions"}],"predecessor-version":[{"id":13272,"href":"https:\/\/bookmaker-info.com\/es\/wp-json\/wp\/v2\/pages\/8408\/revisions\/13272"}],"wp:attachment":[{"href":"https:\/\/bookmaker-info.com\/es\/wp-json\/wp\/v2\/media?parent=8408"}],"curies":[{"name":"wp","href":"https:\/\/api.w.org\/{rel}","templated":true}]}}