{"id":8410,"date":"2014-09-05T02:01:13","date_gmt":"2014-09-05T02:01:13","guid":{"rendered":"http:\/\/bookmaker-info.com\/en\/?page_id=8410"},"modified":"2025-02-28T03:41:36","modified_gmt":"2025-02-28T03:41:36","slug":"bet-at-home-perfil","status":"publish","type":"page","link":"https:\/\/bookmaker-info.com\/es\/bet-at-home-perfil","title":{"rendered":"Perfil bet-at-home"},"content":{"rendered":"<p style=\"text-align: center;\"><a onclick=\"_gaq.push(['_trackEvent', 'Affiliate Links', 'bet-at-home', '\/bet-at-home-perfil',, true]);\" href=\"https:\/\/tracker.bet-at-home.com\/link?btag=36911509_234666\"><img loading=\"lazy\" decoding=\"async\" class=\"size-full wp-image-9164 aligncenter\" title=\"bet-at-home Logotipo\" alt=\"bet-at-home Logotipo\" src=\"http:\/\/bookmaker-info.com\/en\/wordpress\/wp-content\/uploads\/2014\/09\/bet-at-home_logo.jpeg\" width=\"430\" height=\"117\" srcset=\"https:\/\/bookmaker-info.com\/es\/wordpress\/wp-content\/uploads\/2014\/09\/bet-at-home_logo.jpeg 430w, https:\/\/bookmaker-info.com\/es\/wordpress\/wp-content\/uploads\/2014\/09\/bet-at-home_logo-300x81.jpeg 300w\" sizes=\"auto, (max-width: 430px) 100vw, 430px\" \/><\/a><\/p>\n<h2>bet-at-home<\/h2>\n<p><strong>Ubicaci\u00f3n:<\/strong> Austria<br \/>\n<strong>Establecido:<\/strong> 1999<br \/>\n<strong>Tipo:<\/strong> Empresa que Cotiza en la Bolsa (Bolsa de Valores de Frankfurt y Viena)<br \/>\n<strong>Licencia para el Juego:<\/strong> <a href=\"http:\/\/es.wikipedia.org\/wiki\/Malta\">Malta<\/a><\/p>\n<table id=\"page_table\">\n<tbody>\n<tr>\n<th style=\"text-align: center;\" colspan=\"7\"><span style=\"font-size: medium;\">bet-at-home Informaci\u00f3n de Dep\u00f3sito y Retiro<\/span><\/th>\n<\/tr>\n<tr>\n<th style=\"text-align: center;\"><span class=\"font_small\">Forma de Pago<\/span><\/th>\n<th style=\"text-align: center;\"><span class=\"font_small\">Dep\u00f3sito M\u00ednimo<\/span><\/th>\n<th style=\"text-align: center;\"><span class=\"font_small\">Duraci\u00f3n de Dep\u00f3sito<\/span><\/th>\n<th style=\"text-align: center;\"><span class=\"font_small\">Tarifa de Dep\u00f3sito<\/span><\/th>\n<th style=\"text-align: center;\"><span class=\"font_small\">Retiro M\u00ednimo<\/span><\/th>\n<th style=\"text-align: center;\"><span class=\"font_small\">Duraci\u00f3n de Retiro<\/span><\/th>\n<th style=\"text-align: center;\"><span class=\"font_small\">Tarifa de Retiro<\/span><\/th>\n<\/tr>\n<tr>\n<td style=\"text-align: center;\"><img decoding=\"async\" alt=\"NETELLER\" src=\"http:\/\/bookmaker-info.com\/en\/wordpress\/wp-content\/uploads\/2014\/08\/neteller.jpg\"><\/td>\n<td style=\"text-align: center;\">US$10<\/td>\n<td style=\"text-align: center;\">Instant\u00e1neamente<\/td>\n<td style=\"text-align: center;\">Ninguno<\/td>\n<td style=\"text-align: center;\">US$10<\/td>\n<td style=\"text-align: center;\">1 D\u00eda H\u00e1bil<\/td>\n<td style=\"text-align: center;\">Ninguno<\/td>\n<\/tr>\n<tr>\n<td style=\"text-align: center;\"><img decoding=\"async\" alt=\"Skrill\" src=\"http:\/\/bookmaker-info.com\/en\/wordpress\/wp-content\/uploads\/2014\/07\/Skrill.gif\"><\/td>\n<td style=\"text-align: center;\">US$10<\/td>\n<td style=\"text-align: center;\">Instant\u00e1neamente<\/td>\n<td style=\"text-align: center;\">Ninguno<\/td>\n<td style=\"text-align: center;\">US$10<\/td>\n<td style=\"text-align: center;\">1 D\u00eda H\u00e1bil<\/td>\n<td style=\"text-align: center;\">Ninguno<\/td>\n<\/tr>\n<\/tbody>\n<\/table>\n<p>\u203b\u3000No hay un l\u00edmite m\u00e1ximo de transacciones de dep\u00f3sito a trav\u00e9s de NETELLER o Skrill<br \/>\n\u203b\u3000Retiro M\u00e1ximo (por cada transacci\u00f3n de NETELLER) \uff1d \u20ac6,000, Retiro M\u00e1ximo (por cada transacci\u00f3n de Skrill) \uff1d \u20ac6,000<br \/>\n\u203b\u3000Si no reinviertes la cantidad de tu dep\u00f3sito al menos 1 vez, no podr\u00e1s retirar nada de tu balance<\/p>\n<table id=\"page_table\">\n<tbody>\n<tr>\n<th style=\"text-align: center;\" colspan=\"3\"><span style=\"font-size: medium;\">bet-at-home Divisas para Apostar<\/span><\/th>\n<\/tr>\n<tr>\n<td style=\"text-align: center;\">Lev B\u00falgaro (BGN)<\/td>\n<td style=\"text-align: center;\">Euro (EUR)<\/td>\n<td style=\"text-align: center;\">Rublo Ruso (RUB)<\/td>\n<\/tr>\n<tr>\n<td style=\"text-align: center;\">Franco Suizo (CHF)<\/td>\n<td style=\"text-align: center;\">Libra Brit\u00e1nica (GBP)<\/td>\n<td style=\"text-align: center;\">Franco Suizo (CHF)<\/td>\n<\/tr>\n<tr>\n<td style=\"text-align: center;\">Corona Checa (CZK)<\/td>\n<td style=\"text-align: center;\">Zloty Polaco (PLN)<\/td>\n<td style=\"text-align: center;\">D\u00f3lar Estadounidense (USD)<\/td>\n<\/tr>\n<tr>\n<td style=\"text-align: center;\">Corona Danesa (DKK)<\/td>\n<td style=\"text-align: center;\">Leu Rumano (RON)<\/td>\n<td style=\"text-align: center;\"><\/td>\n<\/tr>\n<\/tbody>\n<\/table>\n<table id=\"page_table\">\n<tbody>\n<tr>\n<th style=\"text-align: center;\" colspan=\"3\"><span style=\"font-size: medium;\">bet-at-home Historia de los Patrocinadores de Deportes Profesionales<\/span><\/th>\n<\/tr>\n<tr>\n<th style=\"text-align: center;\"><span class=\"font_small\">Nombre de Liga\u30fbNombre del Equipo<\/span><\/th>\n<th style=\"text-align: center;\"><span class=\"font_small\">A\u00f1o<\/span><\/th>\n<th style=\"text-align: center;\"><span class=\"font_small\">Deportes<\/span><\/th>\n<\/tr>\n<tr>\n<td style=\"text-align: center;\"><a href=\"https:\/\/es.wikipedia.org\/wiki\/Hertha_Berliner_Sport_Club\">Hertha BSC<\/a><\/td>\n<td style=\"text-align: center;\">2015-presente<\/td>\n<td style=\"text-align: center;\">Alemania &#8211; F\u00fatbol<\/td>\n<\/tr>\n<tr>\n<td style=\"text-align: center;\"><a href=\"http:\/\/en.wikipedia.org\/wiki\/K%C3%B6lner_Haie\">K\u00f6lner Haie<\/a><\/td>\n<td style=\"text-align: center;\">2013-2014<\/td>\n<td style=\"text-align: center;\">Alemania &#8211; Hockey sobre Hielo<\/td>\n<\/tr>\n<tr>\n<td style=\"text-align: center;\"><a href=\"http:\/\/es.wikipedia.org\/wiki\/FC_Schalke_04\">FC Schalke 04<\/a><\/td>\n<td style=\"text-align: center;\">2012-presente<\/td>\n<td style=\"text-align: center;\">Alemania &#8211; F\u00fatbol<\/td>\n<\/tr>\n<tr>\n<td style=\"text-align: center;\"><a href=\"http:\/\/es.wikipedia.org\/wiki\/FC_St._Pauli\">FC St. Pauli<\/a><\/td>\n<td style=\"text-align: center;\">2012-2013<\/td>\n<td style=\"text-align: center;\">Alemania &#8211; F\u00fatbol<\/td>\n<\/tr>\n<tr>\n<td style=\"text-align: center;\"><a href=\"http:\/\/bet-at-home-open.com\/en\/\">bet-at-home Open Hamburg<\/a><\/td>\n<td style=\"text-align: center;\">2011-presente<\/td>\n<td style=\"text-align: center;\">ATP &#8211; Tenis<\/td>\n<\/tr>\n<tr>\n<td style=\"text-align: center;\"><a href=\"http:\/\/www.atpworldtour.com\/Tennis\/Tournaments\/Kitzbuhel.aspx\">bet-at-home Cup Kitzb\u00fchel<\/a><\/td>\n<td style=\"text-align: center;\">2011-presente<\/td>\n<td style=\"text-align: center;\">ATP &#8211; Tenis<\/td>\n<\/tr>\n<tr>\n<td style=\"text-align: center;\"><a href=\"http:\/\/es.wikipedia.org\/wiki\/Borussia_M%C3%B6nchengladbach\">Borussia M\u00f6nchengladbach<\/a><\/td>\n<td style=\"text-align: center;\">2011-2012<\/td>\n<td style=\"text-align: center;\">Alemania &#8211; F\u00fatbol<\/td>\n<\/tr>\n<tr>\n<td style=\"text-align: center;\"><a href=\"http:\/\/en.wikipedia.org\/wiki\/HC_Plze%C5%88\">HC Plzen<\/a><\/td>\n<td style=\"text-align: center;\">2011-2012<\/td>\n<td style=\"text-align: center;\">Rep\u00fablica Checa &#8211; Hockey sobre Hielo<\/td>\n<\/tr>\n<tr>\n<td style=\"text-align: center;\"><a href=\"http:\/\/es.wikipedia.org\/wiki\/Campeonato_Mundial_de_Hockey_sobre_Hielo\">Campeonato Mundial<\/a><\/td>\n<td style=\"text-align: center;\">2011<\/td>\n<td style=\"text-align: center;\">Hockey sobre Hielo<\/td>\n<\/tr>\n<tr>\n<td style=\"text-align: center;\"><a href=\"http:\/\/www.rcdmallorca.es\/\">RCD Mallorca<\/a><\/td>\n<td style=\"text-align: center;\">2010-2012<\/td>\n<td style=\"text-align: center;\">Espa\u00f1a &#8211; F\u00fatbol<\/td>\n<\/tr>\n<tr>\n<td style=\"text-align: center;\"><a href=\"http:\/\/www.ehf-euro.com\/EHF-EURO-EVENTS.1151.0.html\">EHF EURO<\/a><\/td>\n<td style=\"text-align: center;\">2010<\/td>\n<td style=\"text-align: center;\">Balonmano<\/td>\n<\/tr>\n<tr>\n<td style=\"text-align: center;\"><a href=\"http:\/\/en.wikipedia.org\/wiki\/FC_Blau-Wei%C3%9F_Linz\">FC Blau Wei\u00df Linz<\/a><\/td>\n<td style=\"text-align: center;\">2009-2013<\/td>\n<td style=\"text-align: center;\">Austria &#8211; F\u00fatbol<\/td>\n<\/tr>\n<tr>\n<td style=\"text-align: center;\"><a href=\"http:\/\/es.wikipedia.org\/wiki\/Wis%C5%82a_Cracovia\">Wis\u0142a Cracovia<\/a><\/td>\n<td style=\"text-align: center;\">2009-2011<\/td>\n<td style=\"text-align: center;\">Polonia &#8211; F\u00fatbol<\/td>\n<\/tr>\n<tr>\n<td style=\"text-align: center;\"><a href=\"http:\/\/es.wikipedia.org\/wiki\/Copa_Emirates\">Copa Emirates<\/a><\/td>\n<td style=\"text-align: center;\">2009-2010<\/td>\n<td style=\"text-align: center;\">Inglaterra &#8211; F\u00fatbol<\/td>\n<\/tr>\n<tr>\n<td style=\"text-align: center;\"><a href=\"http:\/\/en.wikipedia.org\/wiki\/HC_Ko%C5%A1ice\">HC Ko\u0161ice<\/a><\/td>\n<td style=\"text-align: center;\">2009-2010<\/td>\n<td style=\"text-align: center;\">Slovakia &#8211; Hockey sobre Hielo<\/td>\n<\/tr>\n<tr>\n<td style=\"text-align: center;\"><a href=\"http:\/\/es.wikipedia.org\/wiki\/Uni%C3%B3n_de_F%C3%BAtbol_de_Bulgaria\">Uni\u00f3n de F\u00fatbol de Bulgaria<\/a><\/td>\n<td style=\"text-align: center;\">2008-2009<\/td>\n<td style=\"text-align: center;\">Bulgaria &#8211; F\u00fatbol<\/td>\n<\/tr>\n<tr>\n<td style=\"text-align: center;\"><a href=\"http:\/\/es.wikipedia.org\/wiki\/Torneo_de_los_4_Trampolines\">Torneo de los 4 Trampolines<\/a><\/td>\n<td style=\"text-align: center;\">2007-2008 &amp; 2011-2014<\/td>\n<td style=\"text-align: center;\">Salto de Esqu\u00ed<\/td>\n<\/tr>\n<tr>\n<td style=\"text-align: center;\"><a href=\"http:\/\/es.wikipedia.org\/wiki\/FK_Austria_Viena\">FK Austria Viena<\/a><\/td>\n<td style=\"text-align: center;\">2007-presente<\/td>\n<td style=\"text-align: center;\">Austria &#8211; F\u00fatbol<\/td>\n<\/tr>\n<tr>\n<td style=\"text-align: center;\"><a href=\"hhttp:\/\/es.wikipedia.org\/wiki\/Torneo_de_Linz\">Torneo de Linz<\/a><\/td>\n<td style=\"text-align: center;\">2006-presente<\/td>\n<td style=\"text-align: center;\">WTA &#8211; Tenis<\/td>\n<\/tr>\n<tr>\n<td style=\"text-align: center;\"><a href=\"hhttp:\/\/es.wikipedia.org\/wiki\/Liga_de_Campeones_de_la_EHF\">Liga de Campeones de la EHF<\/a><\/td>\n<td style=\"text-align: center;\">2006-presente<\/td>\n<td style=\"text-align: center;\">Balonmano<\/td>\n<\/tr>\n<tr>\n<td style=\"text-align: center;\"><a href=\"http:\/\/en.wikipedia.org\/wiki\/Austrian_Hockey_League\">Austrian Hockey League<\/a><\/td>\n<td style=\"text-align: center;\">2006-presente<\/td>\n<td style=\"text-align: center;\">Austria &#8211; Hockey sobre Hielo<\/td>\n<\/tr>\n<tr>\n<td style=\"text-align: center;\"><a href=\"http:\/\/es.wikipedia.org\/wiki\/Sportvereinigung_Ried\">SV Ried<\/a><\/td>\n<td style=\"text-align: center;\">2002-presente<\/td>\n<td style=\"text-align: center;\">Austria &#8211; F\u00fatbol<\/td>\n<\/tr>\n<\/tbody>\n<\/table>\n<h3>\u00bfPorque bet-at-home?<\/h3>\n<ul>\n<li>Especializada en deportes Europeos<\/li>\n<li>Apuestas durante el juego<\/li>\n<li>Juegos de casino con mano en vivo<\/li>\n<li>Soporte con chat en vivo (7:00 a.m. &#8211; 11:30 p.m. GMT+2)<\/li>\n<\/ul>\n<p>Fuertes en cuanto a los deportes Europeos, bet-at-home ha estado en el mercado por m\u00e1s de 15 a\u00f1os. Catalogado en la bolsa de valores de ambos Frankfurt y Viena, los jugadores pueden estar tranquilos sabiendo que est\u00e1n jugando con un corredor de apuestas confiable en bet-at-home.<\/p>\n<div class=\"bookmaker_link link_hover\"><a href=\"http:\/\/bookmaker-info.com\/es\/bet-at-home-registro\">C\u00f3mo Abrir una Cuenta de bet-at-home<\/a><\/div>\n<div class=\"bookmaker_link link_hover\"><a href=\"http:\/\/bookmaker-info.com\/es\/neteller-bet-at-home\">C\u00f3mo Transferir Dinero desde NETELLER hacia bet-at-home<\/a><\/div>\n<div class=\"bookmaker_link link_hover\"><a href=\"http:\/\/bookmaker-info.com\/es\/skrill-bet-at-home\">C\u00f3mo Transferir Dinero desde Skrill hacia bet-at-home<\/a><\/div>\n<div class=\"bookmaker_link link_hover\"><a href=\"http:\/\/bookmaker-info.com\/es\/bet-at-home-apuesta\">C\u00f3mo Apostar en bet-at-home<\/a><\/div>\n<div class=\"bookmaker_link link_hover\"><a href=\"http:\/\/bookmaker-info.com\/es\/bet-at-home-retirada\">C\u00f3mo Retirar de mi Cuenta de bet-at-home<\/a><\/div>\n","protected":false},"excerpt":{"rendered":"<p>bet-at-home Ubicaci\u00f3n: Austria Establecido: 1999 Tipo: Empresa que Cotiza en la Bolsa (Bolsa de Valores de Frankfurt y Viena) Licencia para el Juego: Malta bet-at-home Informaci\u00f3n de Dep\u00f3sito y Retiro Forma de Pago Dep\u00f3sito M\u00ednimo Duraci\u00f3n de Dep\u00f3sito Tarifa de Dep\u00f3sito Retiro M\u00ednimo Duraci\u00f3n de Retiro Tarifa de Retiro US$10 Instant\u00e1neamente Ninguno US$10 1 D\u00eda [&hellip;]<\/p>\n","protected":false},"author":1,"featured_media":0,"parent":0,"menu_order":0,"comment_status":"open","ping_status":"closed","template":"","meta":{"footnotes":""},"class_list":["post-8410","page","type-page","status-publish","hentry"],"_links":{"self":[{"href":"https:\/\/bookmaker-info.com\/es\/wp-json\/wp\/v2\/pages\/8410","targetHints":{"allow":["GET"]}}],"collection":[{"href":"https:\/\/bookmaker-info.com\/es\/wp-json\/wp\/v2\/pages"}],"about":[{"href":"https:\/\/bookmaker-info.com\/es\/wp-json\/wp\/v2\/types\/page"}],"author":[{"embeddable":true,"href":"https:\/\/bookmaker-info.com\/es\/wp-json\/wp\/v2\/users\/1"}],"replies":[{"embeddable":true,"href":"https:\/\/bookmaker-info.com\/es\/wp-json\/wp\/v2\/comments?post=8410"}],"version-history":[{"count":22,"href":"https:\/\/bookmaker-info.com\/es\/wp-json\/wp\/v2\/pages\/8410\/revisions"}],"predecessor-version":[{"id":13266,"href":"https:\/\/bookmaker-info.com\/es\/wp-json\/wp\/v2\/pages\/8410\/revisions\/13266"}],"wp:attachment":[{"href":"https:\/\/bookmaker-info.com\/es\/wp-json\/wp\/v2\/media?parent=8410"}],"curies":[{"name":"wp","href":"https:\/\/api.w.org\/{rel}","templated":true}]}}