{"id":85,"date":"2013-06-09T03:26:50","date_gmt":"2013-06-08T18:26:50","guid":{"rendered":"http:\/\/bookmaker-info.com\/?page_id=85"},"modified":"2020-01-11T04:59:02","modified_gmt":"2020-01-11T04:59:02","slug":"neteller-deposito","status":"publish","type":"page","link":"https:\/\/bookmaker-info.com\/es\/neteller-deposito","title":{"rendered":"C\u00f3mo Depositar en mi Cuenta de NETELLER"},"content":{"rendered":"<h2 class=\"title\">\uff08\uff11\uff09Inicia sesi\u00f3n en NETELLER<\/h2>\n<p><a href=\"http:\/\/wlnetelleragents.adsrv.eacdn.com\/C.ashx?btag=a_44958b_500c_&amp;affid=15036&amp;siteid=44958&amp;adid=500&amp;c=\">NETELLER<\/a><\/p>\n<p><a href=\"http:\/\/bookmaker-info.com\/es\/wordpress\/wp-content\/uploads\/2013\/06\/7c9bb431a487b51744859590b499cf78.png\"><img loading=\"lazy\" decoding=\"async\" class=\"alignnone size-full wp-image-12184\" src=\"http:\/\/bookmaker-info.com\/es\/wordpress\/wp-content\/uploads\/2013\/06\/7c9bb431a487b51744859590b499cf78.png\" alt=\"NETELLER Depo\u0301sito\" width=\"955\" height=\"631\" srcset=\"https:\/\/bookmaker-info.com\/es\/wordpress\/wp-content\/uploads\/2013\/06\/7c9bb431a487b51744859590b499cf78.png 955w, https:\/\/bookmaker-info.com\/es\/wordpress\/wp-content\/uploads\/2013\/06\/7c9bb431a487b51744859590b499cf78-300x198.png 300w, https:\/\/bookmaker-info.com\/es\/wordpress\/wp-content\/uploads\/2013\/06\/7c9bb431a487b51744859590b499cf78-624x412.png 624w\" sizes=\"auto, (max-width: 955px) 100vw, 955px\" \/><\/a><\/p>\n<p>Si el sitio no se muestra en tu idioma preferido, puedes cambiar el idioma al ir a la esquina superior derecha de la pantalla para seleccionar el idioma de tu preferencia.<\/p>\n<p>Haga clic en \u201cInicie su sesi\u00f3n\u201d en la esquina superior derecha para continuar.<\/p>\n<h2 class=\"title\">\uff08\uff12\uff09Despu\u00e9s de hacer clic en \u201cInicie su sesi\u00f3n\u201d, aparecer\u00e1 la siguiente pantalla<\/h2>\n<p><a href=\"http:\/\/bookmaker-info.com\/es\/wordpress\/wp-content\/uploads\/2013\/06\/bd4ee8900b55d762f4543f62a5ad592b.png\"><img loading=\"lazy\" decoding=\"async\" class=\"alignnone size-full wp-image-12185\" src=\"http:\/\/bookmaker-info.com\/es\/wordpress\/wp-content\/uploads\/2013\/06\/bd4ee8900b55d762f4543f62a5ad592b.png\" alt=\"NETELLER Depo\u0301sito\" width=\"952\" height=\"365\" srcset=\"https:\/\/bookmaker-info.com\/es\/wordpress\/wp-content\/uploads\/2013\/06\/bd4ee8900b55d762f4543f62a5ad592b.png 952w, https:\/\/bookmaker-info.com\/es\/wordpress\/wp-content\/uploads\/2013\/06\/bd4ee8900b55d762f4543f62a5ad592b-300x115.png 300w, https:\/\/bookmaker-info.com\/es\/wordpress\/wp-content\/uploads\/2013\/06\/bd4ee8900b55d762f4543f62a5ad592b-624x239.png 624w\" sizes=\"auto, (max-width: 952px) 100vw, 952px\" \/><\/a><\/p>\n<p>Escriba su informaci\u00f3n de ingreso y haga clic en el bot\u00f3n verde \u201cInicie su sesi\u00f3n\u201d para acceder a su pantalla de cuenta.<\/p>\n<p>\u203b Dependiendo del pa\u00eds en el que usted indic\u00f3 que radica durante el proceso de registro de cuenta, su pantalla de cuenta podr\u00eda ser ligeramente diferente a lo que se muestra en las im\u00e1genes de abajo.<\/p>\n<h2 class=\"title\">\uff08\uff13\uff09Haga clic en \u201cDep\u00f3sitos\u201d para ver sus opciones de dep\u00f3sito\u3000\u203b Como residente del Reino Unido<\/h2>\n<p><a href=\"http:\/\/bookmaker-info.com\/es\/wordpress\/wp-content\/uploads\/2013\/06\/233d12be0f0298ada75bf0cfc7831156.png\"><img loading=\"lazy\" decoding=\"async\" class=\"alignnone size-full wp-image-12186\" src=\"http:\/\/bookmaker-info.com\/es\/wordpress\/wp-content\/uploads\/2013\/06\/233d12be0f0298ada75bf0cfc7831156.png\" alt=\"NETELLER Depo\u0301sito\" width=\"950\" height=\"425\" srcset=\"https:\/\/bookmaker-info.com\/es\/wordpress\/wp-content\/uploads\/2013\/06\/233d12be0f0298ada75bf0cfc7831156.png 950w, https:\/\/bookmaker-info.com\/es\/wordpress\/wp-content\/uploads\/2013\/06\/233d12be0f0298ada75bf0cfc7831156-300x134.png 300w, https:\/\/bookmaker-info.com\/es\/wordpress\/wp-content\/uploads\/2013\/06\/233d12be0f0298ada75bf0cfc7831156-624x279.png 624w\" sizes=\"auto, (max-width: 950px) 100vw, 950px\" \/><\/a><\/p>\n<p>Despu\u00e9s de ingresar con \u00e9xito, haga clic en &#8220;Dep\u00f3sitos&#8221; en la esquina superior izquierda de la pantalla para ver las opciones para dep\u00f3sito disponibles.<\/p>\n<h2 class=\"title\">\uff08\uff14\uff09Opci\u00f3n para dep\u00f3sito por transferencia bancaria r\u00e1pida (Fast Bank Transfer)\u3000\u203b Como residente del Reino Unido<\/h2>\n<p><a href=\"http:\/\/bookmaker-info.com\/es\/wordpress\/wp-content\/uploads\/2013\/06\/e7ce0944ca978b7234d18815117298e2.png\"><img loading=\"lazy\" decoding=\"async\" class=\"alignnone size-full wp-image-12187\" src=\"http:\/\/bookmaker-info.com\/es\/wordpress\/wp-content\/uploads\/2013\/06\/e7ce0944ca978b7234d18815117298e2.png\" alt=\"NETELLER Depo\u0301sito\" width=\"779\" height=\"416\" srcset=\"https:\/\/bookmaker-info.com\/es\/wordpress\/wp-content\/uploads\/2013\/06\/e7ce0944ca978b7234d18815117298e2.png 779w, https:\/\/bookmaker-info.com\/es\/wordpress\/wp-content\/uploads\/2013\/06\/e7ce0944ca978b7234d18815117298e2-300x160.png 300w, https:\/\/bookmaker-info.com\/es\/wordpress\/wp-content\/uploads\/2013\/06\/e7ce0944ca978b7234d18815117298e2-624x333.png 624w\" sizes=\"auto, (max-width: 779px) 100vw, 779px\" \/><\/a><\/p>\n<p>La opci\u00f3n de NETELLER para transferencia bancaria r\u00e1pida (Fast Bank Transfer) es una opci\u00f3n <strong>local<\/strong> que le permite realizar un dep\u00f3sito que normalmente se ver\u00e1 reflejado en su cuenta de NETELLER <strong>dentro de dos (2) horas<\/strong>.<\/p>\n<p><a href=\"http:\/\/bookmaker-info.com\/es\/wordpress\/wp-content\/uploads\/2013\/06\/afa4d2c4d360678341915eddec442508.png\"><img loading=\"lazy\" decoding=\"async\" class=\"alignnone size-full wp-image-12188\" src=\"http:\/\/bookmaker-info.com\/es\/wordpress\/wp-content\/uploads\/2013\/06\/afa4d2c4d360678341915eddec442508.png\" alt=\"NETELLER Depo\u0301sito\" width=\"744\" height=\"211\" srcset=\"https:\/\/bookmaker-info.com\/es\/wordpress\/wp-content\/uploads\/2013\/06\/afa4d2c4d360678341915eddec442508.png 744w, https:\/\/bookmaker-info.com\/es\/wordpress\/wp-content\/uploads\/2013\/06\/afa4d2c4d360678341915eddec442508-300x85.png 300w, https:\/\/bookmaker-info.com\/es\/wordpress\/wp-content\/uploads\/2013\/06\/afa4d2c4d360678341915eddec442508-624x176.png 624w\" sizes=\"auto, (max-width: 744px) 100vw, 744px\" \/><\/a><\/p>\n<p>Haga clic en el bot\u00f3n verde \u201cContinuar\u201d para pasar a la siguiente pantalla.<\/p>\n<p><a href=\"http:\/\/bookmaker-info.com\/es\/wordpress\/wp-content\/uploads\/2013\/06\/8e9532a12b661af859740d33713b695c.png\"><img loading=\"lazy\" decoding=\"async\" class=\"alignnone size-full wp-image-12189\" src=\"http:\/\/bookmaker-info.com\/es\/wordpress\/wp-content\/uploads\/2013\/06\/8e9532a12b661af859740d33713b695c.png\" alt=\"NETELLER Depo\u0301sito\" width=\"751\" height=\"247\" srcset=\"https:\/\/bookmaker-info.com\/es\/wordpress\/wp-content\/uploads\/2013\/06\/8e9532a12b661af859740d33713b695c.png 751w, https:\/\/bookmaker-info.com\/es\/wordpress\/wp-content\/uploads\/2013\/06\/8e9532a12b661af859740d33713b695c-300x98.png 300w, https:\/\/bookmaker-info.com\/es\/wordpress\/wp-content\/uploads\/2013\/06\/8e9532a12b661af859740d33713b695c-624x205.png 624w\" sizes=\"auto, (max-width: 751px) 100vw, 751px\" \/><\/a><\/p>\n<p>Haga clic en el bot\u00f3n verde \u201cContinuar\u201d para pasar a la pantalla de confirmaci\u00f3n.<\/p>\n<p><a href=\"http:\/\/bookmaker-info.com\/es\/wordpress\/wp-content\/uploads\/2013\/06\/6dd8dec9e24bcf6970d8afd87e27b266.png\"><img loading=\"lazy\" decoding=\"async\" class=\"alignnone size-full wp-image-12190\" src=\"http:\/\/bookmaker-info.com\/es\/wordpress\/wp-content\/uploads\/2013\/06\/6dd8dec9e24bcf6970d8afd87e27b266.png\" alt=\"NETELLER Depo\u0301sito\" width=\"1021\" height=\"481\" srcset=\"https:\/\/bookmaker-info.com\/es\/wordpress\/wp-content\/uploads\/2013\/06\/6dd8dec9e24bcf6970d8afd87e27b266.png 1021w, https:\/\/bookmaker-info.com\/es\/wordpress\/wp-content\/uploads\/2013\/06\/6dd8dec9e24bcf6970d8afd87e27b266-300x141.png 300w, https:\/\/bookmaker-info.com\/es\/wordpress\/wp-content\/uploads\/2013\/06\/6dd8dec9e24bcf6970d8afd87e27b266-624x293.png 624w\" sizes=\"auto, (max-width: 1021px) 100vw, 1021px\" \/><\/a><\/p>\n<p>Note su n\u00famero de referencia de pago y los bancos disponibles para que pueda realizar su dep\u00f3sito.<\/p>\n<h2 class=\"title\">\uff08\uff15\uff09Opci\u00f3n de dep\u00f3sito por transferencia de banco local\u3000\u203b Como residente del Reino Unido<\/h2>\n<p><a href=\"http:\/\/bookmaker-info.com\/es\/wordpress\/wp-content\/uploads\/2013\/06\/5167c7c915cd7f630702cea7cdec915b.png\"><img loading=\"lazy\" decoding=\"async\" class=\"alignnone size-full wp-image-12191\" src=\"http:\/\/bookmaker-info.com\/es\/wordpress\/wp-content\/uploads\/2013\/06\/5167c7c915cd7f630702cea7cdec915b.png\" alt=\"NETELLER Depo\u0301sito\" width=\"779\" height=\"416\" srcset=\"https:\/\/bookmaker-info.com\/es\/wordpress\/wp-content\/uploads\/2013\/06\/5167c7c915cd7f630702cea7cdec915b.png 779w, https:\/\/bookmaker-info.com\/es\/wordpress\/wp-content\/uploads\/2013\/06\/5167c7c915cd7f630702cea7cdec915b-300x160.png 300w, https:\/\/bookmaker-info.com\/es\/wordpress\/wp-content\/uploads\/2013\/06\/5167c7c915cd7f630702cea7cdec915b-624x333.png 624w\" sizes=\"auto, (max-width: 779px) 100vw, 779px\" \/><\/a><\/p>\n<p>Haga clic en &#8220;Depositar ahora GRATUITO&#8221; seg\u00fan se indica para continuar.<\/p>\n<p><a href=\"http:\/\/bookmaker-info.com\/es\/wordpress\/wp-content\/uploads\/2013\/06\/39db806f329c63245db21543f4543d26.png\"><img loading=\"lazy\" decoding=\"async\" class=\"alignnone size-full wp-image-12192\" src=\"http:\/\/bookmaker-info.com\/es\/wordpress\/wp-content\/uploads\/2013\/06\/39db806f329c63245db21543f4543d26.png\" alt=\"NETELLER Depo\u0301sito\" width=\"750\" height=\"477\" srcset=\"https:\/\/bookmaker-info.com\/es\/wordpress\/wp-content\/uploads\/2013\/06\/39db806f329c63245db21543f4543d26.png 750w, https:\/\/bookmaker-info.com\/es\/wordpress\/wp-content\/uploads\/2013\/06\/39db806f329c63245db21543f4543d26-300x190.png 300w, https:\/\/bookmaker-info.com\/es\/wordpress\/wp-content\/uploads\/2013\/06\/39db806f329c63245db21543f4543d26-624x396.png 624w\" sizes=\"auto, (max-width: 750px) 100vw, 750px\" \/><\/a><\/p>\n<p>Despu\u00e9s de ingresar y confirmar la cantidad de su dep\u00f3sito, aparecer\u00e1 una \u00faltima pantalla de confirmaci\u00f3n para que usted revise la informaci\u00f3n para que pueda realizar su dep\u00f3sito a trav\u00e9s de una transferencia de banco local.<\/p>\n<p>Los dep\u00f3sitos mediante la opci\u00f3n de NETELLER para transferencia de banco local normalmente se ver\u00e1n reflejados en su cuenta NETELLER <strong>dentro de un (1) d\u00eda h\u00e1bil<\/strong>. Sin embargo, en ocasiones podr\u00eda tomar hasta dos (2) d\u00edas h\u00e1biles.<\/p>\n<h2 class=\"title\">\uff08\uff16\uff09Opci\u00f3n para dep\u00f3sito mediante transferencia de banco internacional\u3000\u203b Como residente del Reino Unido<\/h2>\n<p><a href=\"http:\/\/bookmaker-info.com\/es\/wordpress\/wp-content\/uploads\/2013\/06\/58d4334eaafb6c7ae7d6c099876161d5.png\"><img loading=\"lazy\" decoding=\"async\" class=\"alignnone size-full wp-image-12193\" src=\"http:\/\/bookmaker-info.com\/es\/wordpress\/wp-content\/uploads\/2013\/06\/58d4334eaafb6c7ae7d6c099876161d5.png\" alt=\"NETELLER Depo\u0301sito\" width=\"779\" height=\"416\" srcset=\"https:\/\/bookmaker-info.com\/es\/wordpress\/wp-content\/uploads\/2013\/06\/58d4334eaafb6c7ae7d6c099876161d5.png 779w, https:\/\/bookmaker-info.com\/es\/wordpress\/wp-content\/uploads\/2013\/06\/58d4334eaafb6c7ae7d6c099876161d5-300x160.png 300w, https:\/\/bookmaker-info.com\/es\/wordpress\/wp-content\/uploads\/2013\/06\/58d4334eaafb6c7ae7d6c099876161d5-624x333.png 624w\" sizes=\"auto, (max-width: 779px) 100vw, 779px\" \/><\/a><\/p>\n<p>Haga clic en &#8220;Depositar ahora GRATUITO&#8221; seg\u00fan se indica para continuar.<\/p>\n<p><a href=\"http:\/\/bookmaker-info.com\/es\/wordpress\/wp-content\/uploads\/2013\/06\/35fd2db5ca9e0e931797940236273dc9.png\"><img loading=\"lazy\" decoding=\"async\" class=\"alignnone size-full wp-image-12194\" src=\"http:\/\/bookmaker-info.com\/es\/wordpress\/wp-content\/uploads\/2013\/06\/35fd2db5ca9e0e931797940236273dc9.png\" alt=\"NETELLER Depo\u0301sito\" width=\"752\" height=\"572\" srcset=\"https:\/\/bookmaker-info.com\/es\/wordpress\/wp-content\/uploads\/2013\/06\/35fd2db5ca9e0e931797940236273dc9.png 752w, https:\/\/bookmaker-info.com\/es\/wordpress\/wp-content\/uploads\/2013\/06\/35fd2db5ca9e0e931797940236273dc9-300x228.png 300w, https:\/\/bookmaker-info.com\/es\/wordpress\/wp-content\/uploads\/2013\/06\/35fd2db5ca9e0e931797940236273dc9-624x474.png 624w\" sizes=\"auto, (max-width: 752px) 100vw, 752px\" \/><\/a><\/p>\n<p>Despu\u00e9s de ingresar y confirmar la cantidad de su dep\u00f3sito, aparecer\u00e1 una \u00faltima pantalla de confirmaci\u00f3n para que usted revise la informaci\u00f3n para que pueda realizar su dep\u00f3sito a trav\u00e9s de una transferencia de banco internacional.<\/p>\n<p>Los dep\u00f3sitos mediante la opci\u00f3n de NETELLER para transferencia de banco internacional normalmente se ver\u00e1n reflejados en su cuenta NETELLER <strong>dentro de tres (3) d\u00edas h\u00e1biles<\/strong>. Sin embargo, en ocasiones podr\u00eda tomar m\u00e1s tiempo.<\/p>\n<p><a href=\"https:\/\/www.neteller.com\/es\"><br \/>\n<\/a><a href=\"http:\/\/wlnetelleragents.adsrv.eacdn.com\/C.ashx?btag=a_44958b_500c_&amp;affid=15036&amp;siteid=44958&amp;adid=500&amp;c=\"><img loading=\"lazy\" decoding=\"async\" class=\"alignnone wp-image-13023 size-full\" src=\"http:\/\/bookmaker-info.com\/es\/wordpress\/wp-content\/uploads\/2013\/06\/Neteller-Logo-Small.jpg\" alt=\"Neteller Logo\" width=\"200\" height=\"200\" srcset=\"https:\/\/bookmaker-info.com\/es\/wordpress\/wp-content\/uploads\/2013\/06\/Neteller-Logo-Small.jpg 200w, https:\/\/bookmaker-info.com\/es\/wordpress\/wp-content\/uploads\/2013\/06\/Neteller-Logo-Small-150x150.jpg 150w\" sizes=\"auto, (max-width: 200px) 100vw, 200px\" \/><\/a><br \/>\n<a href=\"http:\/\/wlnetelleragents.adsrv.eacdn.com\/C.ashx?btag=a_44958b_500c_&amp;affid=15036&amp;siteid=44958&amp;adid=500&amp;c=\">NETELLER<\/a><\/p>\n","protected":false},"excerpt":{"rendered":"<p>\uff08\uff11\uff09Inicia sesi\u00f3n en NETELLER NETELLER Si el sitio no se muestra en tu idioma preferido, puedes cambiar el idioma al ir a la esquina superior derecha de la pantalla para seleccionar el idioma de tu preferencia. Haga clic en \u201cInicie su sesi\u00f3n\u201d en la esquina superior derecha para continuar. \uff08\uff12\uff09Despu\u00e9s de hacer clic en \u201cInicie [&hellip;]<\/p>\n","protected":false},"author":1,"featured_media":0,"parent":0,"menu_order":0,"comment_status":"open","ping_status":"closed","template":"","meta":{"footnotes":""},"class_list":["post-85","page","type-page","status-publish","hentry"],"_links":{"self":[{"href":"https:\/\/bookmaker-info.com\/es\/wp-json\/wp\/v2\/pages\/85","targetHints":{"allow":["GET"]}}],"collection":[{"href":"https:\/\/bookmaker-info.com\/es\/wp-json\/wp\/v2\/pages"}],"about":[{"href":"https:\/\/bookmaker-info.com\/es\/wp-json\/wp\/v2\/types\/page"}],"author":[{"embeddable":true,"href":"https:\/\/bookmaker-info.com\/es\/wp-json\/wp\/v2\/users\/1"}],"replies":[{"embeddable":true,"href":"https:\/\/bookmaker-info.com\/es\/wp-json\/wp\/v2\/comments?post=85"}],"version-history":[{"count":50,"href":"https:\/\/bookmaker-info.com\/es\/wp-json\/wp\/v2\/pages\/85\/revisions"}],"predecessor-version":[{"id":13135,"href":"https:\/\/bookmaker-info.com\/es\/wp-json\/wp\/v2\/pages\/85\/revisions\/13135"}],"wp:attachment":[{"href":"https:\/\/bookmaker-info.com\/es\/wp-json\/wp\/v2\/media?parent=85"}],"curies":[{"name":"wp","href":"https:\/\/api.w.org\/{rel}","templated":true}]}}