{"id":88,"date":"2013-06-09T03:39:02","date_gmt":"2013-06-08T18:39:02","guid":{"rendered":"http:\/\/bookmaker-info.com\/?page_id=88"},"modified":"2021-05-20T01:59:19","modified_gmt":"2021-05-20T01:59:19","slug":"neteller-bet365","status":"publish","type":"page","link":"https:\/\/bookmaker-info.com\/es\/neteller-bet365","title":{"rendered":"C\u00f3mo Transferir Dinero desde NETELLER hacia bet365"},"content":{"rendered":"<h2 class=\"title\">\uff08\uff11\uff09Inicia sesi\u00f3n en bet365<\/h2>\n<p>Necesitar\u00e1s un balance de <strong>m\u00e1s de US$20\/\u20ac15\/\u00a310 o el equivalente si se usa otra divisa<\/strong> en tu cuenta de NETELLER para transferirlo a tu cuenta de bet365. Si no has depositado US$20\/\u20ac15\/\u00a310 o el equivalente en tu cuenta de NETELLER, por favor consulta <a href=\"http:\/\/bookmaker-info.com\/es\/neteller-deposito\">esta p\u00e1gina<\/a>.<\/p>\n<p>Si tienes m\u00e1s de US$20\/\u20ac15\/\u00a310 o el equivalente en tu cuenta de NETELLER, haz clic en el v\u00ednculo a continuaci\u00f3n para acceder a bet365.<\/p>\n<p><a href=\"http:\/\/www.bet365.com\/home\/?affiliate=365_372111\">bet365<\/a> (Publicidad)<\/p>\n<p>Despu\u00e9s de introducir tu Nombre de Usuario y Contrase\u00f1a, haz clic en \u201cIR\u201d para iniciar sesi\u00f3n.<br \/>\n<img loading=\"lazy\" decoding=\"async\" src=\"http:\/\/bookmaker-info.com\/es\/wordpress\/wp-content\/uploads\/2013\/06\/bet365_login_es.jpg\" alt=\"bet365_login_es\" class=\"alignleft size-full wp-image-13077\" width=\"1263\" height=\"138\" srcset=\"https:\/\/bookmaker-info.com\/es\/wordpress\/wp-content\/uploads\/2013\/06\/bet365_login_es.jpg 1263w, https:\/\/bookmaker-info.com\/es\/wordpress\/wp-content\/uploads\/2013\/06\/bet365_login_es-300x33.jpg 300w, https:\/\/bookmaker-info.com\/es\/wordpress\/wp-content\/uploads\/2013\/06\/bet365_login_es-768x84.jpg 768w, https:\/\/bookmaker-info.com\/es\/wordpress\/wp-content\/uploads\/2013\/06\/bet365_login_es-1024x112.jpg 1024w, https:\/\/bookmaker-info.com\/es\/wordpress\/wp-content\/uploads\/2013\/06\/bet365_login_es-624x68.jpg 624w\" sizes=\"auto, (max-width: 1263px) 100vw, 1263px\" \/><\/p>\n<h2 class=\"title\">\uff08\uff12\uff09Haz clic en \u201cIngresar\u201d en la esquina superior derecha de la pantalla<\/h2>\n<p>Despu\u00e9s de iniciar sesi\u00f3n, la parte superior derecha de la pantalla cambiar\u00e1 y aparecer\u00e1 el v\u00ednculo \u201cIngresar\u201d.<br \/>\n<img loading=\"lazy\" decoding=\"async\" src=\"http:\/\/bookmaker-info.com\/es\/wordpress\/wp-content\/uploads\/2013\/06\/bet365_deposit_001_es.jpg\" alt=\"bet365_deposit_001_es\" class=\"alignleft size-full wp-image-13078\" width=\"513\" height=\"136\" srcset=\"https:\/\/bookmaker-info.com\/es\/wordpress\/wp-content\/uploads\/2013\/06\/bet365_deposit_001_es.jpg 513w, https:\/\/bookmaker-info.com\/es\/wordpress\/wp-content\/uploads\/2013\/06\/bet365_deposit_001_es-300x80.jpg 300w\" sizes=\"auto, (max-width: 513px) 100vw, 513px\" \/><\/p>\n<h2 class=\"title\">\uff08\uff13\uff09De los m\u00e9todos de pago disponibles selecciona NETELLER<\/h2>\n<p>Despu\u00e9s de seleccionar NETELLER, te recomendamos seleccionar la misma divisa de tu cuenta NETELLER para la divisa de apuestas y ahorrar en tarifas de transacciones al depositar o retirar desde tu cuenta de bet365. Luego, introduce tus 12 n\u00fameros de identificaci\u00f3n de NETELLER y los 6 n\u00fameros de identificaci\u00f3n segura de NETELLER seguido de la cantidad que te gustar\u00eda depositar (deber\u00eda ser m\u00e1s de US$20\/\u20ac15\/\u00a310 o el equivalente). Por \u00faltimo, introduce tu contrase\u00f1a y luego haz clic en \u201cRealizar Ingreso\u201d para completar la transacci\u00f3n de tu dep\u00f3sito.<\/p>\n<p><a href=\"http:\/\/www.bet365.com\/home\/?affiliate=365_372111\"><img loading=\"lazy\" decoding=\"async\" class=\"size-full wp-image-12880 alignnone\" src=\"http:\/\/bookmaker-info.com\/es\/wordpress\/wp-content\/uploads\/2018\/01\/Bet365-Logo.png\" alt=\"\" width=\"125\" height=\"64\"><\/a><br \/>\n<a href=\"http:\/\/www.bet365.com\/home\/?affiliate=365_372111\">bet365<\/a><\/p>\n","protected":false},"excerpt":{"rendered":"<p>\uff08\uff11\uff09Inicia sesi\u00f3n en bet365 Necesitar\u00e1s un balance de m\u00e1s de US$20\/\u20ac15\/\u00a310 o el equivalente si se usa otra divisa en tu cuenta de NETELLER para transferirlo a tu cuenta de bet365. Si no has depositado US$20\/\u20ac15\/\u00a310 o el equivalente en tu cuenta de NETELLER, por favor consulta esta p\u00e1gina. Si tienes m\u00e1s de US$20\/\u20ac15\/\u00a310 o [&hellip;]<\/p>\n","protected":false},"author":1,"featured_media":0,"parent":0,"menu_order":0,"comment_status":"open","ping_status":"closed","template":"","meta":{"footnotes":""},"class_list":["post-88","page","type-page","status-publish","hentry"],"_links":{"self":[{"href":"https:\/\/bookmaker-info.com\/es\/wp-json\/wp\/v2\/pages\/88","targetHints":{"allow":["GET"]}}],"collection":[{"href":"https:\/\/bookmaker-info.com\/es\/wp-json\/wp\/v2\/pages"}],"about":[{"href":"https:\/\/bookmaker-info.com\/es\/wp-json\/wp\/v2\/types\/page"}],"author":[{"embeddable":true,"href":"https:\/\/bookmaker-info.com\/es\/wp-json\/wp\/v2\/users\/1"}],"replies":[{"embeddable":true,"href":"https:\/\/bookmaker-info.com\/es\/wp-json\/wp\/v2\/comments?post=88"}],"version-history":[{"count":33,"href":"https:\/\/bookmaker-info.com\/es\/wp-json\/wp\/v2\/pages\/88\/revisions"}],"predecessor-version":[{"id":13193,"href":"https:\/\/bookmaker-info.com\/es\/wp-json\/wp\/v2\/pages\/88\/revisions\/13193"}],"wp:attachment":[{"href":"https:\/\/bookmaker-info.com\/es\/wp-json\/wp\/v2\/media?parent=88"}],"curies":[{"name":"wp","href":"https:\/\/api.w.org\/{rel}","templated":true}]}}