{"id":9218,"date":"2014-10-11T12:48:26","date_gmt":"2014-10-11T12:48:26","guid":{"rendered":"http:\/\/bookmaker-info.com\/en\/?page_id=9218"},"modified":"2020-02-24T07:56:08","modified_gmt":"2020-02-24T07:56:08","slug":"sportingbet-perfil","status":"publish","type":"page","link":"https:\/\/bookmaker-info.com\/es\/sportingbet-perfil","title":{"rendered":"Perfil Sportingbet"},"content":{"rendered":"<p><a href=\"https:\/\/mediaserver.gvcaffiliates.com\/renderBanner.do?zoneId=1907025\" rel=\"nofollow\"><img loading=\"lazy\" decoding=\"async\" class=\"alignnone size-full wp-image-9306\" title=\"Sportingbet Logotipo\" src=\"http:\/\/bookmaker-info.com\/en\/wordpress\/wp-content\/uploads\/2014\/10\/sportingbet_logo.jpg\" alt=\"Sportingbet Logotipo\" width=\"612\" height=\"198\" srcset=\"https:\/\/bookmaker-info.com\/es\/wordpress\/wp-content\/uploads\/2014\/10\/sportingbet_logo.jpg 612w, https:\/\/bookmaker-info.com\/es\/wordpress\/wp-content\/uploads\/2014\/10\/sportingbet_logo-300x97.jpg 300w\" sizes=\"auto, (max-width: 612px) 100vw, 612px\" \/><\/a><\/p>\n<h2>Sportingbet<\/h2>\n<p><strong>Ubicaci\u00f3n:<\/strong> Inglaterra<br \/>\n<strong>Establecido:<\/strong> 1997<br \/>\n<strong>Tipo:<\/strong> Empresa que Cotiza en la Bolsa (Bolsa de Valores de Londres)<br \/>\n<strong>Licencia para el Juego:<\/strong> <a href=\"http:\/\/es.wikipedia.org\/wiki\/Malta\">Malta<\/a><\/p>\n<table id=\"page_table\">\n<tbody>\n<tr>\n<th style=\"text-align: center;\" colspan=\"7\"><span style=\"font-size: medium;\">Sportingbet Informaci\u00f3n de Dep\u00f3sito y Retiro<\/span><\/th>\n<\/tr>\n<tr>\n<th style=\"text-align: center;\"><span class=\"font_small\">Forma de Pago<\/span><\/th>\n<th style=\"text-align: center;\"><span class=\"font_small\">Dep\u00f3sito M\u00ednimo<\/span><\/th>\n<th style=\"text-align: center;\"><span class=\"font_small\">Duraci\u00f3n de Dep\u00f3sito<\/span><\/th>\n<th style=\"text-align: center;\"><span class=\"font_small\">Tarifa de Dep\u00f3sito<\/span><\/th>\n<th style=\"text-align: center;\"><span class=\"font_small\">Retiro M\u00ednimo<\/span><\/th>\n<th style=\"text-align: center;\"><span class=\"font_small\">Duraci\u00f3n de Retiro<\/span><\/th>\n<th style=\"text-align: center;\"><span class=\"font_small\">Tarifa de Retiro<\/span><\/th>\n<\/tr>\n<tr>\n<td style=\"text-align: center;\"><img decoding=\"async\" src=\"http:\/\/bookmaker-info.com\/en\/wordpress\/wp-content\/uploads\/2014\/08\/neteller.jpg\" alt=\"NETELLER\"><\/td>\n<td style=\"text-align: center;\">\u00a310<\/td>\n<td style=\"text-align: center;\">Instant\u00e1neamente<\/td>\n<td style=\"text-align: center;\">Ninguno<\/td>\n<td style=\"text-align: center;\">\u00a310<\/td>\n<td style=\"text-align: center;\">1-2 D\u00edas H\u00e1biles<\/td>\n<td style=\"text-align: center;\">Ninguno<\/td>\n<\/tr>\n<tr>\n<td style=\"text-align: center;\"><img decoding=\"async\" src=\"http:\/\/bookmaker-info.com\/en\/wordpress\/wp-content\/uploads\/2014\/07\/Skrill.gif\" alt=\"Skrill\"><\/td>\n<td style=\"text-align: center;\">\u00a310<\/td>\n<td style=\"text-align: center;\">Instant\u00e1neamente<\/td>\n<td style=\"text-align: center;\">Ninguno<\/td>\n<td style=\"text-align: center;\">\u00a310<\/td>\n<td style=\"text-align: center;\">1-2 D\u00edas H\u00e1biles<\/td>\n<td style=\"text-align: center;\">Ninguno<\/td>\n<\/tr>\n<\/tbody>\n<\/table>\n<p>\u203b\u3000Dep\u00f3sito M\u00e1ximo (por cada transacci\u00f3n de NETELLER) \uff1d \u00a35,000, Dep\u00f3sito M\u00e1ximo (por cada transacci\u00f3n de Skrill) \uff1d \u00a35,000<br \/>\n\u203b\u3000Retiro M\u00e1ximo (por cada transacci\u00f3n de NETELLER) \uff1d \u00a35,000, Retiro M\u00e1ximo (por cada transacci\u00f3n de Skrill) \uff1d \u00a35,000<br \/>\n\u203b\u3000Si no reinviertes la cantidad de tu dep\u00f3sito al menos 1 vez, no podr\u00e1s retirar nada de tu balance<\/p>\n<table id=\"page_table\">\n<tbody>\n<tr>\n<th style=\"text-align: center;\" colspan=\"3\"><span style=\"font-size: medium;\">Sportingbet Divisas para Apostar<\/span><\/th>\n<\/tr>\n<tr>\n<td style=\"text-align: center;\">D\u00f3lar Australiano (AUD)<\/td>\n<td style=\"text-align: center;\">Libra Brit\u00e1nica (GBP)<\/td>\n<td style=\"text-align: center;\">Renminbi de China (RMB)<\/td>\n<\/tr>\n<tr>\n<td style=\"text-align: center;\">D\u00f3lar Canadiense (CAD)<\/td>\n<td style=\"text-align: center;\">D\u00f3lar de Hong Kong (HKD)<\/td>\n<td style=\"text-align: center;\">Corona Sueca (SEK)<\/td>\n<\/tr>\n<tr>\n<td style=\"text-align: center;\">Franco Suizo (CHF)<\/td>\n<td style=\"text-align: center;\">Forint de Hungr\u00eda (HUF)<\/td>\n<td style=\"text-align: center;\">D\u00f3lar de Singapur (SGD)<\/td>\n<\/tr>\n<tr>\n<td style=\"text-align: center;\">Corona Danesa (DKK)<\/td>\n<td style=\"text-align: center;\">Rupia Indonesia (IDR)<\/td>\n<td style=\"text-align: center;\">D\u00f3lar Estadounidense (USD)<\/td>\n<\/tr>\n<tr>\n<td style=\"text-align: center;\">Euro (EUR)<\/td>\n<td style=\"text-align: center;\">Yen Japon\u00e9s (JPY)<\/td>\n<td style=\"text-align: center;\"><\/td>\n<\/tr>\n<\/tbody>\n<\/table>\n<table id=\"page_table\">\n<tbody>\n<tr>\n<th style=\"text-align: center;\" colspan=\"3\"><span style=\"font-size: medium;\">Sportingbet Historia de los Patrocinadores de Deportes Profesionales<\/span><\/th>\n<\/tr>\n<tr>\n<th style=\"text-align: center;\"><span class=\"font_small\">Nombre de Liga\u30fbNombre del Equipo<\/span><\/th>\n<th style=\"text-align: center;\"><span class=\"font_small\">A\u00f1o<\/span><\/th>\n<th style=\"text-align: center;\"><span class=\"font_small\">Deportes<\/span><\/th>\n<\/tr>\n<tr>\n<td style=\"text-align: center;\"><a href=\"http:\/\/es.wikipedia.org\/wiki\/Guernsey_Football_Club\">Guernsey F.C.<\/a><\/td>\n<td style=\"text-align: center;\">2011-presente<\/td>\n<td style=\"text-align: center;\">Guernsey &#8211; F\u00fatbol<\/td>\n<\/tr>\n<tr>\n<td style=\"text-align: center;\"><a href=\"http:\/\/es.wikipedia.org\/wiki\/Leeds_United_Association_Football_Club\">Leeds United A.F.C.<\/a><\/td>\n<td style=\"text-align: center;\">2010-2013<\/td>\n<td style=\"text-align: center;\">Inglaterra &#8211; F\u00fatbol<\/td>\n<\/tr>\n<tr>\n<td style=\"text-align: center;\"><a href=\"http:\/\/es.wikipedia.org\/wiki\/Tottenham_Hotspur_Football_Club\">Tottenham Hotspur F.C.<\/a><\/td>\n<td style=\"text-align: center;\">2010-2013<\/td>\n<td style=\"text-align: center;\">Inglaterra &#8211; F\u00fatbol<\/td>\n<\/tr>\n<tr>\n<td style=\"text-align: center;\"><a href=\"http:\/\/es.wikipedia.org\/wiki\/Carlton_Football_Club\">Carlton Football Club<\/a><\/td>\n<td style=\"text-align: center;\">2010-2011<\/td>\n<td style=\"text-align: center;\">Australia &#8211; F\u00fatbol Australiano<\/td>\n<\/tr>\n<tr>\n<td style=\"text-align: center;\"><a href=\"http:\/\/es.wikipedia.org\/wiki\/Brisbane_Broncos\">Brisbane Broncos<\/a><\/td>\n<td style=\"text-align: center;\">2010<\/td>\n<td style=\"text-align: center;\">Australia &#8211; Rugby<\/td>\n<\/tr>\n<tr>\n<td style=\"text-align: center;\"><a href=\"http:\/\/es.wikipedia.org\/wiki\/Wolverhampton_Wanderers_Football_Club\">Wolverhampton Wanderers F.C.<\/a><\/td>\n<td style=\"text-align: center;\">2009-2013<\/td>\n<td style=\"text-align: center;\">Inglaterra &#8211; F\u00fatbol<\/td>\n<\/tr>\n<tr>\n<td style=\"text-align: center;\"><a href=\"http:\/\/es.wikipedia.org\/wiki\/Steaua_de_Bucarest\">FC Steaua Bucure\u0219ti<\/a><\/td>\n<td style=\"text-align: center;\">2009-2011<\/td>\n<td style=\"text-align: center;\">Rumania &#8211; F\u00fatbol<\/td>\n<\/tr>\n<tr>\n<td style=\"text-align: center;\"><a href=\"http:\/\/es.wikipedia.org\/wiki\/PFC_Slavia_Sofia\">PFC Slavia Sofia<\/a><\/td>\n<td style=\"text-align: center;\">2008-2011<\/td>\n<td style=\"text-align: center;\">Bulgaria &#8211; F\u00fatbol<\/td>\n<\/tr>\n<tr>\n<td style=\"text-align: center;\"><a href=\"http:\/\/es.wikipedia.org\/wiki\/ULEB_Euroleague\">ULEB Euroleague<\/a><\/td>\n<td style=\"text-align: center;\">2007-2012<\/td>\n<td style=\"text-align: center;\">Baloncesto<\/td>\n<\/tr>\n<\/tbody>\n<\/table>\n<h3>\u00bfPorque Sportingbet?<\/h3>\n<ul>\n<li>Especializada en deportes Brit\u00e1nicos<\/li>\n<li>Apuestas durante el juego<\/li>\n<li>Juegos de casino con mano en vivo<\/li>\n<li>Soporte con chat en vivo (10:00 a.m. &#8211; 8:30 p.m. GMT+1)<\/li>\n<\/ul>\n<p>Fuerte en base a los deportes brit\u00e1nicos, Sportingbet ha estado en el mercado casi durante 20 a\u00f1os como una empresa catalogada en la Bolsa de Valores de Londres. Reconocido como un l\u00edder en la industria de los corredores de apuestas en l\u00ednea, sabes que est\u00e1s en buenas manos al jugar con un corredor de apuestas confiable tal como Sportingbet.<\/p>\n<div class=\"bookmaker_link link_hover\"><a href=\"http:\/\/bookmaker-info.com\/es\/sportingbet-registro\">C\u00f3mo Abrir una Cuenta de Sportingbet<\/a><\/div>\n<div class=\"bookmaker_link link_hover\"><a href=\"http:\/\/bookmaker-info.com\/es\/neteller-sportingbet\">C\u00f3mo Transferir Dinero desde NETELLER hacia Sportingbet<\/a><\/div>\n<div class=\"bookmaker_link link_hover\"><a href=\"http:\/\/bookmaker-info.com\/es\/skrill-sportingbet\">C\u00f3mo Transferir Dinero desde Skrill hacia Sportingbet<\/a><\/div>\n<div class=\"bookmaker_link link_hover\"><a href=\"http:\/\/bookmaker-info.com\/es\/sportingbet-apuesta\">C\u00f3mo Apostar en Sportingbet<\/a><\/div>\n<div class=\"bookmaker_link link_hover\"><a href=\"http:\/\/bookmaker-info.com\/es\/sportingbet-retirada\">C\u00f3mo Retirar de mi Cuenta de Sportingbet<\/a><\/div>\n","protected":false},"excerpt":{"rendered":"<p>Sportingbet Ubicaci\u00f3n: Inglaterra Establecido: 1997 Tipo: Empresa que Cotiza en la Bolsa (Bolsa de Valores de Londres) Licencia para el Juego: Malta Sportingbet Informaci\u00f3n de Dep\u00f3sito y Retiro Forma de Pago Dep\u00f3sito M\u00ednimo Duraci\u00f3n de Dep\u00f3sito Tarifa de Dep\u00f3sito Retiro M\u00ednimo Duraci\u00f3n de Retiro Tarifa de Retiro \u00a310 Instant\u00e1neamente Ninguno \u00a310 1-2 D\u00edas H\u00e1biles Ninguno [&hellip;]<\/p>\n","protected":false},"author":1,"featured_media":0,"parent":0,"menu_order":0,"comment_status":"open","ping_status":"closed","template":"","meta":{"footnotes":""},"class_list":["post-9218","page","type-page","status-publish","hentry"],"_links":{"self":[{"href":"https:\/\/bookmaker-info.com\/es\/wp-json\/wp\/v2\/pages\/9218","targetHints":{"allow":["GET"]}}],"collection":[{"href":"https:\/\/bookmaker-info.com\/es\/wp-json\/wp\/v2\/pages"}],"about":[{"href":"https:\/\/bookmaker-info.com\/es\/wp-json\/wp\/v2\/types\/page"}],"author":[{"embeddable":true,"href":"https:\/\/bookmaker-info.com\/es\/wp-json\/wp\/v2\/users\/1"}],"replies":[{"embeddable":true,"href":"https:\/\/bookmaker-info.com\/es\/wp-json\/wp\/v2\/comments?post=9218"}],"version-history":[{"count":21,"href":"https:\/\/bookmaker-info.com\/es\/wp-json\/wp\/v2\/pages\/9218\/revisions"}],"predecessor-version":[{"id":13151,"href":"https:\/\/bookmaker-info.com\/es\/wp-json\/wp\/v2\/pages\/9218\/revisions\/13151"}],"wp:attachment":[{"href":"https:\/\/bookmaker-info.com\/es\/wp-json\/wp\/v2\/media?parent=9218"}],"curies":[{"name":"wp","href":"https:\/\/api.w.org\/{rel}","templated":true}]}}