{"id":9220,"date":"2014-10-11T12:49:10","date_gmt":"2014-10-11T12:49:10","guid":{"rendered":"http:\/\/bookmaker-info.com\/en\/?page_id=9220"},"modified":"2020-10-28T14:05:05","modified_gmt":"2020-10-28T14:05:05","slug":"sportingbet-registro","status":"publish","type":"page","link":"https:\/\/bookmaker-info.com\/es\/sportingbet-registro","title":{"rendered":"C\u00f3mo Abrir una Cuenta de Sportingbet"},"content":{"rendered":"<h2 class=\"title\">\uff08\uff11\uff09Haz clic en el logotipo o en el v\u00ednculo de abajo para ingresar a Sportingbet<\/h2>\n<p><a href=\"https:\/\/mediaserver.gvcaffiliates.com\/renderBanner.do?zoneId=1907025\" rel=\"nofollow\"><img loading=\"lazy\" decoding=\"async\" class=\"alignnone size-full wp-image-13168\" src=\"http:\/\/bookmaker-info.com\/es\/wordpress\/wp-content\/uploads\/2020\/10\/sportingbet-logo.png\" alt=\"\" width=\"250\" height=\"136\"><\/a><!-- End affiliate Code--><br \/>\n<a href=\"https:\/\/mediaserver.gvcaffiliates.com\/renderBanner.do?zoneId=1907025\" rel=\"nofollow\">Sportingbet<\/a><\/p>\n<h2 class=\"title\">\uff08\uff12\uff09Haz clic en&nbsp;el bot\u00f3n rojo de &#8220;Reg\u00edstrese&#8221;<\/h2>\n<p><a href=\"http:\/\/bookmaker-info.com\/es\/wordpress\/wp-content\/uploads\/2014\/10\/sportingbet_registro_1.png\"><img loading=\"lazy\" decoding=\"async\" class=\"alignnone wp-image-11646\" title=\"Sportingbet Registro\" src=\"http:\/\/bookmaker-info.com\/es\/wordpress\/wp-content\/uploads\/2014\/10\/sportingbet_registro_1.png\" alt=\"Sportingbet Registro\" width=\"1000\" height=\"623\" srcset=\"https:\/\/bookmaker-info.com\/es\/wordpress\/wp-content\/uploads\/2014\/10\/sportingbet_registro_1.png 1000w, https:\/\/bookmaker-info.com\/es\/wordpress\/wp-content\/uploads\/2014\/10\/sportingbet_registro_1-300x186.png 300w, https:\/\/bookmaker-info.com\/es\/wordpress\/wp-content\/uploads\/2014\/10\/sportingbet_registro_1-624x388.png 624w\" sizes=\"auto, (max-width: 1000px) 100vw, 1000px\" \/><\/a><\/p>\n<p>Si el sitio no se muestra en tu idioma preferido, puedes cambiar el idioma en la&nbsp;esquina superior derecha de la pantalla seleccionando el idioma de tu preferencia.<\/p>\n<h2 class=\"title\">\uff08\uff13\uff09Despu\u00e9s de hacer clic en \u201cReg\u00edstrese\u201d, la pantalla de registro aparecer\u00e1 para que introduzcas tus detalles<\/h2>\n<p><a href=\"http:\/\/bookmaker-info.com\/es\/wordpress\/wp-content\/uploads\/2014\/10\/sportingbet_registro_2.png\"><img loading=\"lazy\" decoding=\"async\" class=\"alignnone wp-image-11647\" title=\"Sportingbet Registro\" src=\"http:\/\/bookmaker-info.com\/es\/wordpress\/wp-content\/uploads\/2014\/10\/sportingbet_registro_2.png\" alt=\"Sportingbet Registro\" width=\"873\" height=\"686\" srcset=\"https:\/\/bookmaker-info.com\/es\/wordpress\/wp-content\/uploads\/2014\/10\/sportingbet_registro_2.png 873w, https:\/\/bookmaker-info.com\/es\/wordpress\/wp-content\/uploads\/2014\/10\/sportingbet_registro_2-300x235.png 300w, https:\/\/bookmaker-info.com\/es\/wordpress\/wp-content\/uploads\/2014\/10\/sportingbet_registro_2-624x490.png 624w\" sizes=\"auto, (max-width: 873px) 100vw, 873px\" \/><\/a><\/p>\n<p>Al escoger la divisa de tu cuenta, selecciona la misma divisa del portal de pago (nosotros recomendamos <a href=\"http:\/\/bookmaker-info.com\/es\/neteller-registro\">NETELLER<\/a> y <a href=\"http:\/\/bookmaker-info.com\/es\/skrill-registro\">Skrill<\/a>) para ahorrarte en las tarifas por transacci\u00f3n al depositar o retirar desde tu cuenta de Sportingbet.<\/p>\n<p>Haz clic en el bot\u00f3n rojo de \u201cRegistro\u201d en la esquina inferior izquierda de la pantalla para completar tu registro.<\/p>\n<h2 class=\"title\">\uff08\uff14\uff09Registro Completado<\/h2>\n<p><a href=\"http:\/\/bookmaker-info.com\/es\/wordpress\/wp-content\/uploads\/2014\/10\/sportingbet_registro_3.png\"><img loading=\"lazy\" decoding=\"async\" class=\"alignnone size-full wp-image-11648\" title=\"Sportingbet Registro\" src=\"http:\/\/bookmaker-info.com\/es\/wordpress\/wp-content\/uploads\/2014\/10\/sportingbet_registro_3.png\" alt=\"Sportingbet Registro\" width=\"449\" height=\"455\" srcset=\"https:\/\/bookmaker-info.com\/es\/wordpress\/wp-content\/uploads\/2014\/10\/sportingbet_registro_3.png 449w, https:\/\/bookmaker-info.com\/es\/wordpress\/wp-content\/uploads\/2014\/10\/sportingbet_registro_3-296x300.png 296w\" sizes=\"auto, (max-width: 449px) 100vw, 449px\" \/><\/a><\/p>\n<p>Despu\u00e9s de que t\u00fa cuenta ha sido creada, la pantalla superior aparecer\u00e1.<\/p>\n<p>Como es el caso de los corredores de apuestas en l\u00ednea, ellos han subcontratado el flujo de dep\u00f3sitos y retiros a portales de pago terceros para minimizar las tarifas asociadas a las transacciones. Hemos explicado en m\u00e1s detalle sobre c\u00f3mo registrarse en dos de los portales de pago m\u00e1s reconocidos de la industria &#8211; <a href=\"http:\/\/bookmaker-info.com\/es\/neteller-registro\">NETELLER<\/a> y <a href=\"http:\/\/bookmaker-info.com\/es\/skrill-registro\">Skrill<\/a> (anteriormente conocido como Moneybookers) en las p\u00e1ginas siguientes para su conveniencia.<\/p>\n<p>\u203b Ten en cuenta que dependiendo del pa\u00eds que introduzcas como tu residencia durante el registro, los m\u00e9todos de dep\u00f3sito\/retiro de NETELLER o Skrill podr\u00edan no estar disponibles para algunos corredores de apuestas en l\u00ednea. En este caso, por favor utiliza un m\u00e9todo diferente para realizar los dep\u00f3sitos y retiros.<\/p>\n<p><a href=\"https:\/\/mediaserver.gvcaffiliates.com\/renderBanner.do?zoneId=1907025\" rel=\"nofollow\"><img loading=\"lazy\" decoding=\"async\" class=\"alignnone size-full wp-image-13168\" src=\"http:\/\/bookmaker-info.com\/es\/wordpress\/wp-content\/uploads\/2020\/10\/sportingbet-logo.png\" alt=\"\" width=\"250\" height=\"136\"><\/a><!-- End affiliate Code--><br \/>\n<a href=\"https:\/\/mediaserver.gvcaffiliates.com\/renderBanner.do?zoneId=1907025\" rel=\"nofollow\">Sportingbet<\/a><\/p>\n","protected":false},"excerpt":{"rendered":"<p>\uff08\uff11\uff09Haz clic en el logotipo o en el v\u00ednculo de abajo para ingresar a Sportingbet Sportingbet \uff08\uff12\uff09Haz clic en&nbsp;el bot\u00f3n rojo de &#8220;Reg\u00edstrese&#8221; Si el sitio no se muestra en tu idioma preferido, puedes cambiar el idioma en la&nbsp;esquina superior derecha de la pantalla seleccionando el idioma de tu preferencia. \uff08\uff13\uff09Despu\u00e9s de hacer clic en [&hellip;]<\/p>\n","protected":false},"author":1,"featured_media":0,"parent":0,"menu_order":0,"comment_status":"open","ping_status":"closed","template":"","meta":{"footnotes":""},"class_list":["post-9220","page","type-page","status-publish","hentry"],"_links":{"self":[{"href":"https:\/\/bookmaker-info.com\/es\/wp-json\/wp\/v2\/pages\/9220","targetHints":{"allow":["GET"]}}],"collection":[{"href":"https:\/\/bookmaker-info.com\/es\/wp-json\/wp\/v2\/pages"}],"about":[{"href":"https:\/\/bookmaker-info.com\/es\/wp-json\/wp\/v2\/types\/page"}],"author":[{"embeddable":true,"href":"https:\/\/bookmaker-info.com\/es\/wp-json\/wp\/v2\/users\/1"}],"replies":[{"embeddable":true,"href":"https:\/\/bookmaker-info.com\/es\/wp-json\/wp\/v2\/comments?post=9220"}],"version-history":[{"count":18,"href":"https:\/\/bookmaker-info.com\/es\/wp-json\/wp\/v2\/pages\/9220\/revisions"}],"predecessor-version":[{"id":13169,"href":"https:\/\/bookmaker-info.com\/es\/wp-json\/wp\/v2\/pages\/9220\/revisions\/13169"}],"wp:attachment":[{"href":"https:\/\/bookmaker-info.com\/es\/wp-json\/wp\/v2\/media?parent=9220"}],"curies":[{"name":"wp","href":"https:\/\/api.w.org\/{rel}","templated":true}]}}