{"id":9222,"date":"2014-10-11T12:49:46","date_gmt":"2014-10-11T12:49:46","guid":{"rendered":"http:\/\/bookmaker-info.com\/en\/?page_id=9222"},"modified":"2020-10-28T14:06:42","modified_gmt":"2020-10-28T14:06:42","slug":"sportingbet-apuesta","status":"publish","type":"page","link":"https:\/\/bookmaker-info.com\/es\/sportingbet-apuesta","title":{"rendered":"C\u00f3mo Apostar en Sportingbet"},"content":{"rendered":"<h2 class=\"title\">\uff08\uff11\uff09Inicia sesi\u00f3n en Sportingbet<\/h2>\n<p><a href=\"https:\/\/mediaserver.gvcaffiliates.com\/renderBanner.do?zoneId=1907025\" rel=\"nofollow\">Sportingbet<\/a><\/p>\n<p><a href=\"http:\/\/bookmaker-info.com\/es\/wordpress\/wp-content\/uploads\/2014\/10\/sportingbet_apuesta_1.png\"><img loading=\"lazy\" decoding=\"async\" class=\"alignnone size-full wp-image-11910\" src=\"http:\/\/bookmaker-info.com\/es\/wordpress\/wp-content\/uploads\/2014\/10\/sportingbet_apuesta_1.png\" alt=\"Sportingbet Apuesta\" width=\"1000\" height=\"623\" srcset=\"https:\/\/bookmaker-info.com\/es\/wordpress\/wp-content\/uploads\/2014\/10\/sportingbet_apuesta_1.png 1000w, https:\/\/bookmaker-info.com\/es\/wordpress\/wp-content\/uploads\/2014\/10\/sportingbet_apuesta_1-300x186.png 300w, https:\/\/bookmaker-info.com\/es\/wordpress\/wp-content\/uploads\/2014\/10\/sportingbet_apuesta_1-624x388.png 624w\" sizes=\"auto, (max-width: 1000px) 100vw, 1000px\" \/><\/a><\/p>\n<p>Haz clic en el bot\u00f3n verde de \u201cENTRAR\u201d en la esquina superior izquierda.<\/p>\n<p><a href=\"http:\/\/bookmaker-info.com\/es\/wordpress\/wp-content\/uploads\/2014\/10\/sportingbet_apuesta_2.png\"><img loading=\"lazy\" decoding=\"async\" class=\"alignnone size-full wp-image-11911\" src=\"http:\/\/bookmaker-info.com\/es\/wordpress\/wp-content\/uploads\/2014\/10\/sportingbet_apuesta_2.png\" alt=\"Sportingbet Apuesta\" width=\"400\" height=\"279\" srcset=\"https:\/\/bookmaker-info.com\/es\/wordpress\/wp-content\/uploads\/2014\/10\/sportingbet_apuesta_2.png 400w, https:\/\/bookmaker-info.com\/es\/wordpress\/wp-content\/uploads\/2014\/10\/sportingbet_apuesta_2-300x209.png 300w\" sizes=\"auto, (max-width: 400px) 100vw, 400px\" \/><\/a><\/p>\n<p>Despu\u00e9s de introducir tu Nombre de Usuario y Contrase\u00f1a, haz clic en el bot\u00f3n verde de \u201cENTRAR\u201d para iniciar sesi\u00f3n.<\/p>\n<h2 class=\"title\">\uff08\uff12\uff09Selecciona el juego\/partido en el que te gustar\u00eda apostar<\/h2>\n<p><a href=\"http:\/\/bookmaker-info.com\/es\/wordpress\/wp-content\/uploads\/2014\/10\/sportingbet_apuesta_3.png\"><img loading=\"lazy\" decoding=\"async\" class=\"alignnone size-full wp-image-11912\" src=\"http:\/\/bookmaker-info.com\/es\/wordpress\/wp-content\/uploads\/2014\/10\/sportingbet_apuesta_3.png\" alt=\"Sportingbet Apuesta\" width=\"1005\" height=\"497\" srcset=\"https:\/\/bookmaker-info.com\/es\/wordpress\/wp-content\/uploads\/2014\/10\/sportingbet_apuesta_3.png 1005w, https:\/\/bookmaker-info.com\/es\/wordpress\/wp-content\/uploads\/2014\/10\/sportingbet_apuesta_3-300x148.png 300w, https:\/\/bookmaker-info.com\/es\/wordpress\/wp-content\/uploads\/2014\/10\/sportingbet_apuesta_3-624x308.png 624w\" sizes=\"auto, (max-width: 1005px) 100vw, 1005px\" \/><\/a><\/p>\n<p>En este ejemplo, te mostraremos c\u00f3mo apostar en un juego de la Liga Premier de Inglaterra. Primero haz clic en \u201cF\u00fatbol\u201d ubicado a la izquierda de la pantalla.<\/p>\n<p><a href=\"http:\/\/bookmaker-info.com\/es\/wordpress\/wp-content\/uploads\/2014\/10\/sportingbet_apuesta_4.png\"><img loading=\"lazy\" decoding=\"async\" class=\"alignnone size-full wp-image-11913\" src=\"http:\/\/bookmaker-info.com\/es\/wordpress\/wp-content\/uploads\/2014\/10\/sportingbet_apuesta_4.png\" alt=\"Sportingbet Apuesta\" width=\"549\" height=\"813\" srcset=\"https:\/\/bookmaker-info.com\/es\/wordpress\/wp-content\/uploads\/2014\/10\/sportingbet_apuesta_4.png 549w, https:\/\/bookmaker-info.com\/es\/wordpress\/wp-content\/uploads\/2014\/10\/sportingbet_apuesta_4-202x300.png 202w\" sizes=\"auto, (max-width: 549px) 100vw, 549px\" \/><\/a><\/p>\n<p>De la lista de ligas, despl\u00e1zate hacia abajo y haz clic en \u201cInglaterra \u2013 Premier League\u201d.<\/p>\n<h2 class=\"title\">\uff08\uff13\uff09Selecciona el tipo de apuesta<\/h2>\n<p><a href=\"http:\/\/bookmaker-info.com\/es\/wordpress\/wp-content\/uploads\/2014\/10\/sportingbet_apuesta_5.png\"><img loading=\"lazy\" decoding=\"async\" class=\"alignnone size-full wp-image-11914\" src=\"http:\/\/bookmaker-info.com\/es\/wordpress\/wp-content\/uploads\/2014\/10\/sportingbet_apuesta_5.png\" alt=\"Sportingbet Apuesta\" width=\"552\" height=\"537\" srcset=\"https:\/\/bookmaker-info.com\/es\/wordpress\/wp-content\/uploads\/2014\/10\/sportingbet_apuesta_5.png 552w, https:\/\/bookmaker-info.com\/es\/wordpress\/wp-content\/uploads\/2014\/10\/sportingbet_apuesta_5-300x291.png 300w\" sizes=\"auto, (max-width: 552px) 100vw, 552px\" \/><\/a><\/p>\n<p>Uno de los tipos de apuestas m\u00e1s f\u00e1ciles de entender es el &#8220;Resultado del Tiempo Completo&#8221; (tambi\u00e9n conocido como Apuesta del Juego o L\u00ednea de Dinero). Un Resultado del Tiempo Completo significa que predices que equipo piensas que ganar\u00e1 o empatar\u00e1. En nuestro ejemplo anterior, tenemos tres opciones ya sea prediciendo 1 &#8211; Casa) que el Manchester City gana, 2 &#8211; Visitante) el West Bromwich Albion gana o X &#8211; Empate)&nbsp;el Manchester City empata con el West Bromwich Albion. En este ejemplo, escogeremos a&nbsp;Manchester City como ganador, por lo tanto haremos clic en las cuotas 1.25.<\/p>\n<p><a href=\"http:\/\/bookmaker-info.com\/es\/wordpress\/wp-content\/uploads\/2014\/10\/sportingbet_apuesta_6.png\"><img loading=\"lazy\" decoding=\"async\" class=\"alignnone size-full wp-image-11915\" src=\"http:\/\/bookmaker-info.com\/es\/wordpress\/wp-content\/uploads\/2014\/10\/sportingbet_apuesta_6.png\" alt=\"Sportingbet Apuesta\" width=\"552\" height=\"537\" srcset=\"https:\/\/bookmaker-info.com\/es\/wordpress\/wp-content\/uploads\/2014\/10\/sportingbet_apuesta_6.png 552w, https:\/\/bookmaker-info.com\/es\/wordpress\/wp-content\/uploads\/2014\/10\/sportingbet_apuesta_6-300x291.png 300w\" sizes=\"auto, (max-width: 552px) 100vw, 552px\" \/><\/a><\/p>\n<p>\u203b Ten en cuenta que la fecha y la hora del partido est\u00e1n debajo de los nombres de los equipos. La fecha y la hora se muestra seg\u00fan la zona horaria que t\u00fa seleccionaste cuando te registraste por primera vez en el sitio (hora del Chile GMT-3 en este ejemplo). La configuraci\u00f3n de la zona horaria no puede ser modificada.<\/p>\n<h2 class=\"title\">\uff08\uff14\uff09Introduce el monto de tu apuesta<\/h2>\n<p><a href=\"http:\/\/bookmaker-info.com\/es\/wordpress\/wp-content\/uploads\/2014\/10\/sportingbet_apuesta_7.png\"><img loading=\"lazy\" decoding=\"async\" class=\"alignnone size-full wp-image-11916\" src=\"http:\/\/bookmaker-info.com\/es\/wordpress\/wp-content\/uploads\/2014\/10\/sportingbet_apuesta_7.png\" alt=\"Sportingbet Apuesta\" width=\"839\" height=\"439\" srcset=\"https:\/\/bookmaker-info.com\/es\/wordpress\/wp-content\/uploads\/2014\/10\/sportingbet_apuesta_7.png 839w, https:\/\/bookmaker-info.com\/es\/wordpress\/wp-content\/uploads\/2014\/10\/sportingbet_apuesta_7-300x156.png 300w, https:\/\/bookmaker-info.com\/es\/wordpress\/wp-content\/uploads\/2014\/10\/sportingbet_apuesta_7-624x326.png 624w\" sizes=\"auto, (max-width: 839px) 100vw, 839px\" \/><\/a><\/p>\n<p>Despu\u00e9s de hacer clic en las cuotas donde te gustar\u00eda apostar, la selecci\u00f3n de tu apuesta se mostrar\u00e1 debajo de \u201cBoleto de apuestas\u201d ubicado a la derecha de la pantalla.<\/p>\n<p>Una vez que introduces tu participaci\u00f3n o apuesta (la cantidad de dinero que te gustar\u00eda apostar), la cantidad de dinero (participaci\u00f3n + ganancia) que te ser\u00eda devuelta si ganar\u00e1s la apuesta se mostrar\u00eda autom\u00e1ticamente debajo de \u201cGanancia posible\u201d.<\/p>\n<p>Una vez que colocaste tu participaci\u00f3n en la apuesta, haz clic en el bot\u00f3n verde de \u201cDEPOSITAR Y APOSTAR\u201d para finalizar t\u00fa(s) apuesta(s).<\/p>\n<h2 class=\"title\">\u203b Otras Opciones de Apuesta<\/h2>\n<p>Si consultas la captura de pantalla a continuaci\u00f3n ver\u00e1s un &#8220;+110&#8221; a la derecha de las cuotas del juego. Si haces clic en esta pesta\u00f1a, todos los tipos de apuestas disponibles (110 en este ejemplo) se mostrar\u00e1n para este juego en particular.<\/p>\n<p><a href=\"http:\/\/bookmaker-info.com\/es\/wordpress\/wp-content\/uploads\/2014\/10\/sportingbet_apuesta_8.png\"><img loading=\"lazy\" decoding=\"async\" class=\"alignnone size-full wp-image-11917\" src=\"http:\/\/bookmaker-info.com\/es\/wordpress\/wp-content\/uploads\/2014\/10\/sportingbet_apuesta_8.png\" alt=\"Sportingbet Apuesta\" width=\"552\" height=\"537\" srcset=\"https:\/\/bookmaker-info.com\/es\/wordpress\/wp-content\/uploads\/2014\/10\/sportingbet_apuesta_8.png 552w, https:\/\/bookmaker-info.com\/es\/wordpress\/wp-content\/uploads\/2014\/10\/sportingbet_apuesta_8-300x291.png 300w\" sizes=\"auto, (max-width: 552px) 100vw, 552px\" \/><\/a><\/p>\n<h2 class=\"title\">Ejemplos de otras opciones de apuesta<\/h2>\n<p><strong>Doble Oportunidad<\/strong><br \/>\n<a href=\"http:\/\/bookmaker-info.com\/es\/wordpress\/wp-content\/uploads\/2014\/10\/sportingbet_apuesta_9.png\"><img loading=\"lazy\" decoding=\"async\" class=\"alignnone size-full wp-image-11918\" title=\"Sportingbet Apuesta - Doble Oportunidad\" src=\"http:\/\/bookmaker-info.com\/es\/wordpress\/wp-content\/uploads\/2014\/10\/sportingbet_apuesta_9.png\" alt=\"Sportingbet Apuesta - Doble Oportunidad\" width=\"548\" height=\"139\" srcset=\"https:\/\/bookmaker-info.com\/es\/wordpress\/wp-content\/uploads\/2014\/10\/sportingbet_apuesta_9.png 548w, https:\/\/bookmaker-info.com\/es\/wordpress\/wp-content\/uploads\/2014\/10\/sportingbet_apuesta_9-300x76.png 300w\" sizes=\"auto, (max-width: 548px) 100vw, 548px\" \/><\/a><\/p>\n<p>Una apuesta de \u201cDoble Oportunidad\u201d significa que puedes apostar una vez a dos resultados diferentes tal como, 1) el equipo local gana o empata, 2) el equipo visitante gana o empata, 3) no hay empate, lo que significa que el equipo local gana o el visitante gana.<\/p>\n<p><strong>Marcador Exacto<a href=\"http:\/\/bookmaker-info.com\/es\/wordpress\/wp-content\/uploads\/2014\/10\/sportingbet_apuesta_10.png\"><img loading=\"lazy\" decoding=\"async\" class=\"alignnone size-full wp-image-11919\" title=\"Sportingbet Apuesta - Marcador Exacto\" src=\"http:\/\/bookmaker-info.com\/es\/wordpress\/wp-content\/uploads\/2014\/10\/sportingbet_apuesta_10.png\" alt=\"Sportingbet Apuesta - Marcador Exacto\" width=\"542\" height=\"357\" srcset=\"https:\/\/bookmaker-info.com\/es\/wordpress\/wp-content\/uploads\/2014\/10\/sportingbet_apuesta_10.png 542w, https:\/\/bookmaker-info.com\/es\/wordpress\/wp-content\/uploads\/2014\/10\/sportingbet_apuesta_10-300x197.png 300w\" sizes=\"auto, (max-width: 542px) 100vw, 542px\" \/><\/a><\/strong><\/p>\n<p>Una apuesta de \u201cMarcador Exacto\u201d significa que puedes apostarle al que tu piensas que ser\u00e1 el marcador final del partido.<\/p>\n<p><strong>Doble Resultado<a href=\"http:\/\/bookmaker-info.com\/es\/wordpress\/wp-content\/uploads\/2014\/10\/sportingbet_apuesta_11.png\"><img loading=\"lazy\" decoding=\"async\" class=\"alignnone size-full wp-image-11920\" title=\"Sportingbet Apuesta - Doble Resultado\" src=\"http:\/\/bookmaker-info.com\/es\/wordpress\/wp-content\/uploads\/2014\/10\/sportingbet_apuesta_11.png\" alt=\"Sportingbet Apuesta - Doble Resultado\" width=\"549\" height=\"360\" srcset=\"https:\/\/bookmaker-info.com\/es\/wordpress\/wp-content\/uploads\/2014\/10\/sportingbet_apuesta_11.png 549w, https:\/\/bookmaker-info.com\/es\/wordpress\/wp-content\/uploads\/2014\/10\/sportingbet_apuesta_11-300x196.png 300w\" sizes=\"auto, (max-width: 549px) 100vw, 549px\" \/><\/a><\/strong><\/p>\n<p>Una apuesta de \u201cDoble Resultado\u201d significa que puedes apostarle al resultado correcto que piensas se dar\u00e1 en el primer tiempo y tambi\u00e9n en el marcador final. Utilizando el ejemplo de Manchester City &#8211; West Bromwich Albion, si el marcador en el medio tiempo es de 0-1 y el marcador final es de 2-1, necesitar\u00edas apostar a &#8220;West Bromwich Albion | Manchester City&#8221; para poder ganar la apuesta.<\/p>\n<p><strong>Full Time Total Goals<\/strong><br \/>\n<a href=\"http:\/\/bookmaker-info.com\/es\/wordpress\/wp-content\/uploads\/2014\/10\/sportingbet_apuesta_12.png\"><img loading=\"lazy\" decoding=\"async\" class=\"alignnone size-full wp-image-11921\" title=\"Sportingbet Apuesta - Full Time Total Goals\" src=\"http:\/\/bookmaker-info.com\/es\/wordpress\/wp-content\/uploads\/2014\/10\/sportingbet_apuesta_12.png\" alt=\"Sportingbet Apuesta - Full Time Total Goals\" width=\"549\" height=\"233\" srcset=\"https:\/\/bookmaker-info.com\/es\/wordpress\/wp-content\/uploads\/2014\/10\/sportingbet_apuesta_12.png 549w, https:\/\/bookmaker-info.com\/es\/wordpress\/wp-content\/uploads\/2014\/10\/sportingbet_apuesta_12-300x127.png 300w\" sizes=\"auto, (max-width: 549px) 100vw, 549px\" \/><\/a><\/p>\n<p>Una apuesta de \u201cFull Time Total Goals\u201d que siempre se fija en &#8220;M\u00e1s de X.5&#8221; y &#8220;Menos de X.5&#8221;, significa que apuestas al n\u00famero total de goles que crees ser\u00e1n anotados en un partido. &#8220;M\u00e1s de 2.5&#8221; significa que 3 goles o m\u00e1s ser\u00edan una apuesta ganadora mientras que &#8220;Menos de 2.5&#8221; significa que 2 goles o menos ser\u00edan una apuesta ganadora.<\/p>\n<p><strong>Sin Empate<a href=\"http:\/\/bookmaker-info.com\/es\/wordpress\/wp-content\/uploads\/2014\/10\/sportingbet_apuesta_13.png\"><img loading=\"lazy\" decoding=\"async\" class=\"alignnone size-full wp-image-11922\" title=\"Sportingbet Apuesta - Sin Empate\" src=\"http:\/\/bookmaker-info.com\/es\/wordpress\/wp-content\/uploads\/2014\/10\/sportingbet_apuesta_13.png\" alt=\"Sportingbet Apuesta - Sin Empate\" width=\"549\" height=\"87\" srcset=\"https:\/\/bookmaker-info.com\/es\/wordpress\/wp-content\/uploads\/2014\/10\/sportingbet_apuesta_13.png 549w, https:\/\/bookmaker-info.com\/es\/wordpress\/wp-content\/uploads\/2014\/10\/sportingbet_apuesta_13-300x47.png 300w\" sizes=\"auto, (max-width: 549px) 100vw, 549px\" \/><\/a><\/strong><\/p>\n<p>Una apuesta de \u201cSin Empate\u201d significa que apostaste en el equipo que piensas que ganar\u00e1. Si el resultado es un empate, entonces tu participaci\u00f3n o apuesta ser\u00e1 reembolsada y no incurrir\u00e1 en ninguna p\u00e9rdida.<\/p>\n<p><a href=\"https:\/\/mediaserver.gvcaffiliates.com\/renderBanner.do?zoneId=1907025\" rel=\"nofollow\"><img loading=\"lazy\" decoding=\"async\" class=\"alignnone size-full wp-image-13168\" src=\"http:\/\/bookmaker-info.com\/es\/wordpress\/wp-content\/uploads\/2020\/10\/sportingbet-logo.png\" alt=\"\" width=\"250\" height=\"136\"><\/a><!-- End affiliate Code--><br \/>\n<a href=\"https:\/\/mediaserver.gvcaffiliates.com\/renderBanner.do?zoneId=1907025\" rel=\"nofollow\">Sportingbet<\/a><\/p>\n","protected":false},"excerpt":{"rendered":"<p>\uff08\uff11\uff09Inicia sesi\u00f3n en Sportingbet Sportingbet Haz clic en el bot\u00f3n verde de \u201cENTRAR\u201d en la esquina superior izquierda. Despu\u00e9s de introducir tu Nombre de Usuario y Contrase\u00f1a, haz clic en el bot\u00f3n verde de \u201cENTRAR\u201d para iniciar sesi\u00f3n. \uff08\uff12\uff09Selecciona el juego\/partido en el que te gustar\u00eda apostar En este ejemplo, te mostraremos c\u00f3mo apostar en [&hellip;]<\/p>\n","protected":false},"author":1,"featured_media":0,"parent":0,"menu_order":0,"comment_status":"open","ping_status":"closed","template":"","meta":{"footnotes":""},"class_list":["post-9222","page","type-page","status-publish","hentry"],"_links":{"self":[{"href":"https:\/\/bookmaker-info.com\/es\/wp-json\/wp\/v2\/pages\/9222","targetHints":{"allow":["GET"]}}],"collection":[{"href":"https:\/\/bookmaker-info.com\/es\/wp-json\/wp\/v2\/pages"}],"about":[{"href":"https:\/\/bookmaker-info.com\/es\/wp-json\/wp\/v2\/types\/page"}],"author":[{"embeddable":true,"href":"https:\/\/bookmaker-info.com\/es\/wp-json\/wp\/v2\/users\/1"}],"replies":[{"embeddable":true,"href":"https:\/\/bookmaker-info.com\/es\/wp-json\/wp\/v2\/comments?post=9222"}],"version-history":[{"count":16,"href":"https:\/\/bookmaker-info.com\/es\/wp-json\/wp\/v2\/pages\/9222\/revisions"}],"predecessor-version":[{"id":13171,"href":"https:\/\/bookmaker-info.com\/es\/wp-json\/wp\/v2\/pages\/9222\/revisions\/13171"}],"wp:attachment":[{"href":"https:\/\/bookmaker-info.com\/es\/wp-json\/wp\/v2\/media?parent=9222"}],"curies":[{"name":"wp","href":"https:\/\/api.w.org\/{rel}","templated":true}]}}