{"id":9224,"date":"2014-10-11T12:50:33","date_gmt":"2014-10-11T12:50:33","guid":{"rendered":"http:\/\/bookmaker-info.com\/en\/?page_id=9224"},"modified":"2020-10-28T14:07:10","modified_gmt":"2020-10-28T14:07:10","slug":"neteller-sportingbet","status":"publish","type":"page","link":"https:\/\/bookmaker-info.com\/es\/neteller-sportingbet","title":{"rendered":"C\u00f3mo Transferir Dinero desde NETELLER hacia Sportingbet"},"content":{"rendered":"<h2 class=\"title\">\uff08\uff11\uff09Inicia sesi\u00f3n en Sportingbet<\/h2>\n<p>Necesitar\u00e1s un balance de <strong>m\u00e1s de \u00a310 o el equivalente si se usa otra divisa<\/strong> en tu cuenta de NETELLER para transferirlo a tu cuenta de Sportingbet. Si no has depositado \u00a310 o el equivalente en tu cuenta de NETELLER, por favor consulta <a href=\"http:\/\/bookmaker-info.com\/es\/neteller-deposito\">esta p\u00e1gina<\/a>.<\/p>\n<p>Si tienes m\u00e1s de \u00a310 o el equivalente en tu cuenta de NETELLER, haz clic en el v\u00ednculo a continuaci\u00f3n para acceder a Sportingbet.<\/p>\n<p><a href=\"https:\/\/mediaserver.gvcaffiliates.com\/renderBanner.do?zoneId=1907025\" rel=\"nofollow\">Sportingbet<\/a><\/p>\n<p><a href=\"http:\/\/bookmaker-info.com\/es\/wordpress\/wp-content\/uploads\/2014\/10\/sportingbet_neteller_11.png\"><img loading=\"lazy\" decoding=\"async\" class=\"alignnone size-full wp-image-11704\" src=\"http:\/\/bookmaker-info.com\/es\/wordpress\/wp-content\/uploads\/2014\/10\/sportingbet_neteller_11.png\" alt=\"Sportingbet NETELLER\" width=\"1000\" height=\"623\" srcset=\"https:\/\/bookmaker-info.com\/es\/wordpress\/wp-content\/uploads\/2014\/10\/sportingbet_neteller_11.png 1000w, https:\/\/bookmaker-info.com\/es\/wordpress\/wp-content\/uploads\/2014\/10\/sportingbet_neteller_11-300x186.png 300w, https:\/\/bookmaker-info.com\/es\/wordpress\/wp-content\/uploads\/2014\/10\/sportingbet_neteller_11-624x388.png 624w\" sizes=\"auto, (max-width: 1000px) 100vw, 1000px\" \/><\/a><\/p>\n<p>Haz clic en el bot\u00f3n verde de \u201cENTRAR\u201d en la esquina superior izquierda.<\/p>\n<p><a href=\"http:\/\/bookmaker-info.com\/es\/wordpress\/wp-content\/uploads\/2014\/10\/sportingbet_neteller_21.png\"><img loading=\"lazy\" decoding=\"async\" class=\"alignnone size-full wp-image-11705\" src=\"http:\/\/bookmaker-info.com\/es\/wordpress\/wp-content\/uploads\/2014\/10\/sportingbet_neteller_21.png\" alt=\"Sportingbet NETELLER\" width=\"400\" height=\"279\" srcset=\"https:\/\/bookmaker-info.com\/es\/wordpress\/wp-content\/uploads\/2014\/10\/sportingbet_neteller_21.png 400w, https:\/\/bookmaker-info.com\/es\/wordpress\/wp-content\/uploads\/2014\/10\/sportingbet_neteller_21-300x209.png 300w\" sizes=\"auto, (max-width: 400px) 100vw, 400px\" \/><\/a><\/p>\n<p>Despu\u00e9s de introducir tu Nombre de Usuario y Contrase\u00f1a, haz clic en&nbsp;el bot\u00f3n verde de \u201cENTRAR\u201d para iniciar sesi\u00f3n.<\/p>\n<h2 class=\"title\">\uff08\uff12\uff09Haz clic en el bot\u00f3n verde de \u201cDep\u00f3sito\u201d en la parte superior de la pantalla<\/h2>\n<p><a href=\"http:\/\/bookmaker-info.com\/es\/wordpress\/wp-content\/uploads\/2014\/10\/sportingbet_neteller_31.png\"><img loading=\"lazy\" decoding=\"async\" class=\"alignnone size-full wp-image-11706\" src=\"http:\/\/bookmaker-info.com\/es\/wordpress\/wp-content\/uploads\/2014\/10\/sportingbet_neteller_31.png\" alt=\"Sportingbet NETELLER\" width=\"1005\" height=\"497\" srcset=\"https:\/\/bookmaker-info.com\/es\/wordpress\/wp-content\/uploads\/2014\/10\/sportingbet_neteller_31.png 1005w, https:\/\/bookmaker-info.com\/es\/wordpress\/wp-content\/uploads\/2014\/10\/sportingbet_neteller_31-300x148.png 300w, https:\/\/bookmaker-info.com\/es\/wordpress\/wp-content\/uploads\/2014\/10\/sportingbet_neteller_31-624x308.png 624w\" sizes=\"auto, (max-width: 1005px) 100vw, 1005px\" \/><\/a><\/p>\n<h2 class=\"title\">\uff08\uff13\uff09De los m\u00e9todos de dep\u00f3sito disponibles, selecciona NETELLER<\/h2>\n<p><a href=\"http:\/\/bookmaker-info.com\/es\/wordpress\/wp-content\/uploads\/2014\/10\/sportingbet_neteller_41.png\"><img loading=\"lazy\" decoding=\"async\" class=\"alignnone size-full wp-image-11707\" src=\"http:\/\/bookmaker-info.com\/es\/wordpress\/wp-content\/uploads\/2014\/10\/sportingbet_neteller_41.png\" alt=\"Sportingbet NETELLER\" width=\"539\" height=\"486\" srcset=\"https:\/\/bookmaker-info.com\/es\/wordpress\/wp-content\/uploads\/2014\/10\/sportingbet_neteller_41.png 539w, https:\/\/bookmaker-info.com\/es\/wordpress\/wp-content\/uploads\/2014\/10\/sportingbet_neteller_41-300x270.png 300w\" sizes=\"auto, (max-width: 539px) 100vw, 539px\" \/><\/a><\/p>\n<h2 class=\"title\">\uff08\uff14\uff09Completar tu dep\u00f3sito v\u00eda NETELLER<\/h2>\n<p><a href=\"http:\/\/bookmaker-info.com\/es\/wordpress\/wp-content\/uploads\/2014\/10\/sportingbet_neteller_51.png\"><img loading=\"lazy\" decoding=\"async\" class=\"alignnone size-full wp-image-11708\" src=\"http:\/\/bookmaker-info.com\/es\/wordpress\/wp-content\/uploads\/2014\/10\/sportingbet_neteller_51.png\" alt=\"Sportingbet NETELLER\" width=\"540\" height=\"536\" srcset=\"https:\/\/bookmaker-info.com\/es\/wordpress\/wp-content\/uploads\/2014\/10\/sportingbet_neteller_51.png 540w, https:\/\/bookmaker-info.com\/es\/wordpress\/wp-content\/uploads\/2014\/10\/sportingbet_neteller_51-150x150.png 150w, https:\/\/bookmaker-info.com\/es\/wordpress\/wp-content\/uploads\/2014\/10\/sportingbet_neteller_51-300x297.png 300w, https:\/\/bookmaker-info.com\/es\/wordpress\/wp-content\/uploads\/2014\/10\/sportingbet_neteller_51-120x120.png 120w\" sizes=\"auto, (max-width: 540px) 100vw, 540px\" \/><\/a><\/p>\n<p>Despu\u00e9s de seleccionar NETELLER, introduce tus 12 n\u00fameros de identificaci\u00f3n de NETELLER y tus 6 n\u00fameros de identificaci\u00f3n segura de NETELLER. Luego, introduce la cantidad que te gustar\u00eda depositar (deber\u00eda ser m\u00e1s de \u00a310 o el equivalente). Por \u00faltimo, haz clic en el bot\u00f3n azul de \u201cINGRESAR\u201d para completar tu transacci\u00f3n de dep\u00f3sito.<\/p>\n<p><a href=\"https:\/\/mediaserver.gvcaffiliates.com\/renderBanner.do?zoneId=1907025\" rel=\"nofollow\"><img loading=\"lazy\" decoding=\"async\" class=\"alignnone size-full wp-image-13168\" src=\"http:\/\/bookmaker-info.com\/es\/wordpress\/wp-content\/uploads\/2020\/10\/sportingbet-logo.png\" alt=\"\" width=\"250\" height=\"136\"><\/a><!-- End affiliate Code--><br \/>\n<a href=\"https:\/\/mediaserver.gvcaffiliates.com\/renderBanner.do?zoneId=1907025\" rel=\"nofollow\">Sportingbet<\/a><\/p>\n","protected":false},"excerpt":{"rendered":"<p>\uff08\uff11\uff09Inicia sesi\u00f3n en Sportingbet Necesitar\u00e1s un balance de m\u00e1s de \u00a310 o el equivalente si se usa otra divisa en tu cuenta de NETELLER para transferirlo a tu cuenta de Sportingbet. Si no has depositado \u00a310 o el equivalente en tu cuenta de NETELLER, por favor consulta esta p\u00e1gina. Si tienes m\u00e1s de \u00a310 o [&hellip;]<\/p>\n","protected":false},"author":1,"featured_media":0,"parent":0,"menu_order":0,"comment_status":"open","ping_status":"closed","template":"","meta":{"footnotes":""},"class_list":["post-9224","page","type-page","status-publish","hentry"],"_links":{"self":[{"href":"https:\/\/bookmaker-info.com\/es\/wp-json\/wp\/v2\/pages\/9224","targetHints":{"allow":["GET"]}}],"collection":[{"href":"https:\/\/bookmaker-info.com\/es\/wp-json\/wp\/v2\/pages"}],"about":[{"href":"https:\/\/bookmaker-info.com\/es\/wp-json\/wp\/v2\/types\/page"}],"author":[{"embeddable":true,"href":"https:\/\/bookmaker-info.com\/es\/wp-json\/wp\/v2\/users\/1"}],"replies":[{"embeddable":true,"href":"https:\/\/bookmaker-info.com\/es\/wp-json\/wp\/v2\/comments?post=9224"}],"version-history":[{"count":15,"href":"https:\/\/bookmaker-info.com\/es\/wp-json\/wp\/v2\/pages\/9224\/revisions"}],"predecessor-version":[{"id":13174,"href":"https:\/\/bookmaker-info.com\/es\/wp-json\/wp\/v2\/pages\/9224\/revisions\/13174"}],"wp:attachment":[{"href":"https:\/\/bookmaker-info.com\/es\/wp-json\/wp\/v2\/media?parent=9224"}],"curies":[{"name":"wp","href":"https:\/\/api.w.org\/{rel}","templated":true}]}}