{"id":9226,"date":"2014-10-11T12:51:13","date_gmt":"2014-10-11T12:51:13","guid":{"rendered":"http:\/\/bookmaker-info.com\/en\/?page_id=9226"},"modified":"2020-10-28T14:07:23","modified_gmt":"2020-10-28T14:07:23","slug":"skrill-sportingbet","status":"publish","type":"page","link":"https:\/\/bookmaker-info.com\/es\/skrill-sportingbet","title":{"rendered":"C\u00f3mo Transferir Dinero desde Skrill hacia Sportingbet"},"content":{"rendered":"<h2 class=\"title\">\uff08\uff11\uff09Inicia sesi\u00f3n en Sportingbet<\/h2>\n<p>Necesitar\u00e1s un balance de <strong>m\u00e1s de \u00a310 o el equivalente si se usa otra divisa<\/strong> en tu cuenta de Skrill (anteriormente conocido como Moneybookers) para transferirlo a tu cuenta de Sportingbet. Si no has depositado \u00a310 o el equivalente en tu cuenta de Skrill, por favor consulta <a href=\"http:\/\/bookmaker-info.com\/es\/skrill-deposito\">esta p\u00e1gina<\/a>.<\/p>\n<p>Si tienes m\u00e1s de \u00a310 o el equivalente en tu cuenta de Skrill, haz clic en el v\u00ednculo a continuaci\u00f3n para acceder a Sportingbet.<\/p>\n<p><a href=\"https:\/\/mediaserver.gvcaffiliates.com\/renderBanner.do?zoneId=1907025\" rel=\"nofollow\">Sportingbet<\/a><\/p>\n<p><a href=\"http:\/\/bookmaker-info.com\/es\/wordpress\/wp-content\/uploads\/2014\/10\/sportingbet_skrill_11.png\"><img loading=\"lazy\" decoding=\"async\" class=\"alignnone size-full wp-image-11823\" src=\"http:\/\/bookmaker-info.com\/es\/wordpress\/wp-content\/uploads\/2014\/10\/sportingbet_skrill_11.png\" alt=\"Sportingbet Skrill\" width=\"1000\" height=\"623\" srcset=\"https:\/\/bookmaker-info.com\/es\/wordpress\/wp-content\/uploads\/2014\/10\/sportingbet_skrill_11.png 1000w, https:\/\/bookmaker-info.com\/es\/wordpress\/wp-content\/uploads\/2014\/10\/sportingbet_skrill_11-300x186.png 300w, https:\/\/bookmaker-info.com\/es\/wordpress\/wp-content\/uploads\/2014\/10\/sportingbet_skrill_11-624x388.png 624w\" sizes=\"auto, (max-width: 1000px) 100vw, 1000px\" \/><\/a><\/p>\n<p>Haz clic en el bot\u00f3n verde de \u201cENTRAR\u201d en la esquina superior izquierda.<\/p>\n<p><a href=\"http:\/\/bookmaker-info.com\/es\/wordpress\/wp-content\/uploads\/2014\/10\/sportingbet_skrill_21.png\"><img loading=\"lazy\" decoding=\"async\" class=\"alignnone size-full wp-image-11824\" src=\"http:\/\/bookmaker-info.com\/es\/wordpress\/wp-content\/uploads\/2014\/10\/sportingbet_skrill_21.png\" alt=\"Sportingbet Skrill\" width=\"400\" height=\"279\" srcset=\"https:\/\/bookmaker-info.com\/es\/wordpress\/wp-content\/uploads\/2014\/10\/sportingbet_skrill_21.png 400w, https:\/\/bookmaker-info.com\/es\/wordpress\/wp-content\/uploads\/2014\/10\/sportingbet_skrill_21-300x209.png 300w\" sizes=\"auto, (max-width: 400px) 100vw, 400px\" \/><\/a><\/p>\n<p>Despu\u00e9s de introducir tu Nombre de Usuario y Contrase\u00f1a, haz clic en el bot\u00f3n verde de \u201cENTRAR\u201d para iniciar sesi\u00f3n.<\/p>\n<h2 class=\"title\">\uff08\uff12\uff09Haz clic en el bot\u00f3n verde de \u201cDep\u00f3sito\u201d en la parte superior de la pantalla<\/h2>\n<p><a href=\"http:\/\/bookmaker-info.com\/es\/wordpress\/wp-content\/uploads\/2014\/10\/sportingbet_skrill_31.png\"><img loading=\"lazy\" decoding=\"async\" class=\"alignnone size-full wp-image-11825\" src=\"http:\/\/bookmaker-info.com\/es\/wordpress\/wp-content\/uploads\/2014\/10\/sportingbet_skrill_31.png\" alt=\"Sportingbet Skrill\" width=\"1005\" height=\"497\" srcset=\"https:\/\/bookmaker-info.com\/es\/wordpress\/wp-content\/uploads\/2014\/10\/sportingbet_skrill_31.png 1005w, https:\/\/bookmaker-info.com\/es\/wordpress\/wp-content\/uploads\/2014\/10\/sportingbet_skrill_31-300x148.png 300w, https:\/\/bookmaker-info.com\/es\/wordpress\/wp-content\/uploads\/2014\/10\/sportingbet_skrill_31-624x308.png 624w\" sizes=\"auto, (max-width: 1005px) 100vw, 1005px\" \/><\/a><\/p>\n<h2 class=\"title\">\uff08\uff13\uff09De los m\u00e9todos de dep\u00f3sito disponibles, selecciona Skrill<\/h2>\n<p><a href=\"http:\/\/bookmaker-info.com\/es\/wordpress\/wp-content\/uploads\/2014\/10\/sportingbet_skrill_41.png\"><img loading=\"lazy\" decoding=\"async\" class=\"alignnone size-full wp-image-11826\" src=\"http:\/\/bookmaker-info.com\/es\/wordpress\/wp-content\/uploads\/2014\/10\/sportingbet_skrill_41.png\" alt=\"Sportingbet Skrill\" width=\"540\" height=\"483\" srcset=\"https:\/\/bookmaker-info.com\/es\/wordpress\/wp-content\/uploads\/2014\/10\/sportingbet_skrill_41.png 540w, https:\/\/bookmaker-info.com\/es\/wordpress\/wp-content\/uploads\/2014\/10\/sportingbet_skrill_41-300x268.png 300w\" sizes=\"auto, (max-width: 540px) 100vw, 540px\" \/><\/a><\/p>\n<h2 class=\"title\">\uff08\uff14\uff09Completar tu dep\u00f3sito v\u00eda Skrill<\/h2>\n<p><a href=\"http:\/\/bookmaker-info.com\/es\/wordpress\/wp-content\/uploads\/2014\/10\/sportingbet_skrill_51.png\"><img loading=\"lazy\" decoding=\"async\" class=\"alignnone size-full wp-image-11827\" src=\"http:\/\/bookmaker-info.com\/es\/wordpress\/wp-content\/uploads\/2014\/10\/sportingbet_skrill_51.png\" alt=\"Sportingbet Skrill\" width=\"538\" height=\"507\" srcset=\"https:\/\/bookmaker-info.com\/es\/wordpress\/wp-content\/uploads\/2014\/10\/sportingbet_skrill_51.png 538w, https:\/\/bookmaker-info.com\/es\/wordpress\/wp-content\/uploads\/2014\/10\/sportingbet_skrill_51-300x282.png 300w\" sizes=\"auto, (max-width: 538px) 100vw, 538px\" \/><\/a><\/p>\n<p>Despu\u00e9s de seleccionar Skrill, introduce tu correo electr\u00f3nico registrado en Skrill seguido de la cantidad que te gustar\u00eda depositar (deber\u00eda ser m\u00e1s de \u00a310 o el equivalente). Luego, haz clic en el bot\u00f3n azul de \u201cACEPTAR\u201d para continuar.<\/p>\n<h2 class=\"title\">\uff08\uff15\uff09Despues de hacer clic en \u201cACEPTAR\u201d, ser\u00e1s llevado hacia la p\u00e1gina de Skrill<\/h2>\n<p><a href=\"http:\/\/bookmaker-info.com\/es\/wordpress\/wp-content\/uploads\/2014\/10\/sportingbet_skrill_61.png\"><img loading=\"lazy\" decoding=\"async\" class=\"alignnone size-full wp-image-11828\" src=\"http:\/\/bookmaker-info.com\/es\/wordpress\/wp-content\/uploads\/2014\/10\/sportingbet_skrill_61.png\" alt=\"Sportingbet Skrill\" width=\"778\" height=\"522\" srcset=\"https:\/\/bookmaker-info.com\/es\/wordpress\/wp-content\/uploads\/2014\/10\/sportingbet_skrill_61.png 778w, https:\/\/bookmaker-info.com\/es\/wordpress\/wp-content\/uploads\/2014\/10\/sportingbet_skrill_61-300x201.png 300w, https:\/\/bookmaker-info.com\/es\/wordpress\/wp-content\/uploads\/2014\/10\/sportingbet_skrill_61-624x418.png 624w\" sizes=\"auto, (max-width: 778px) 100vw, 778px\" \/><\/a><\/p>\n<p>En la siguiente p\u00e1gina, te pedir\u00e1n que introduzcas los detalles de tu tarjeta de cr\u00e9dito. Por favor haz caso omiso de esto y despl\u00e1zate hacia el final de la pantalla y haz clic en \u201cYa tengo una cuenta en Skrill\u201d como se muestra en la imagen de arriba.<\/p>\n<h2 class=\"title\">\uff08\uff16\uff09Inicia sesi\u00f3n en tu cuenta de Skrill<\/h2>\n<p><a href=\"http:\/\/bookmaker-info.com\/es\/wordpress\/wp-content\/uploads\/2014\/10\/sportingbet_skrill_71.png\"><img loading=\"lazy\" decoding=\"async\" class=\"alignnone size-full wp-image-11829\" src=\"http:\/\/bookmaker-info.com\/es\/wordpress\/wp-content\/uploads\/2014\/10\/sportingbet_skrill_71.png\" alt=\"Sportingbet Skrill\" width=\"778\" height=\"423\" srcset=\"https:\/\/bookmaker-info.com\/es\/wordpress\/wp-content\/uploads\/2014\/10\/sportingbet_skrill_71.png 778w, https:\/\/bookmaker-info.com\/es\/wordpress\/wp-content\/uploads\/2014\/10\/sportingbet_skrill_71-300x163.png 300w, https:\/\/bookmaker-info.com\/es\/wordpress\/wp-content\/uploads\/2014\/10\/sportingbet_skrill_71-624x339.png 624w\" sizes=\"auto, (max-width: 778px) 100vw, 778px\" \/><\/a><\/p>\n<p>En la siguiente p\u00e1gina, inicia sesi\u00f3n en tu cuenta de Skrill introduciendo tu correo electr\u00f3nico de Skrill y la contrase\u00f1a para completar tu transacci\u00f3n de dep\u00f3sito.<\/p>\n<p>\u203b Por favor ten en cuenta que t\u00fa correo electr\u00f3nico de Skrill debe ser el mismo que registraste en Sportingbet. Si este no es el caso, puedes agregar tu correo electr\u00f3nico registrado de Sportingbet como un segundo correo electr\u00f3nico en Skrill al seguir los pasos que se indican a continuaci\u00f3n.<\/p>\n<h2 class=\"title\">\uff08\uff11\uff09Inicia sesi\u00f3n en Skrill<\/h2>\n<p><a href=\"http:\/\/bookmaker-info.com\/es\/wordpress\/wp-content\/uploads\/2014\/10\/sportingbet_skrill_81.png\"><img loading=\"lazy\" decoding=\"async\" class=\"alignnone size-full wp-image-11830\" src=\"http:\/\/bookmaker-info.com\/es\/wordpress\/wp-content\/uploads\/2014\/10\/sportingbet_skrill_81.png\" alt=\"Sportingbet Skrill\" width=\"1196\" height=\"409\" srcset=\"https:\/\/bookmaker-info.com\/es\/wordpress\/wp-content\/uploads\/2014\/10\/sportingbet_skrill_81.png 1196w, https:\/\/bookmaker-info.com\/es\/wordpress\/wp-content\/uploads\/2014\/10\/sportingbet_skrill_81-300x102.png 300w, https:\/\/bookmaker-info.com\/es\/wordpress\/wp-content\/uploads\/2014\/10\/sportingbet_skrill_81-1024x350.png 1024w, https:\/\/bookmaker-info.com\/es\/wordpress\/wp-content\/uploads\/2014\/10\/sportingbet_skrill_81-624x213.png 624w\" sizes=\"auto, (max-width: 1196px) 100vw, 1196px\" \/><\/a><\/p>\n<p>Luego de iniciar sesi\u00f3n, haz clic en \u201cAjustes\u201d.<\/p>\n<h2 class=\"title\">\uff08\uff12\uff09Navega hacia la pesta\u00f1a de Informaci\u00f3n Personal<\/h2>\n<p><a href=\"http:\/\/bookmaker-info.com\/es\/wordpress\/wp-content\/uploads\/2014\/10\/sportingbet_skrill_91.png\"><img loading=\"lazy\" decoding=\"async\" class=\"alignnone size-full wp-image-11831\" src=\"http:\/\/bookmaker-info.com\/es\/wordpress\/wp-content\/uploads\/2014\/10\/sportingbet_skrill_91.png\" alt=\"Sportingbet Skrill\" width=\"787\" height=\"560\" srcset=\"https:\/\/bookmaker-info.com\/es\/wordpress\/wp-content\/uploads\/2014\/10\/sportingbet_skrill_91.png 787w, https:\/\/bookmaker-info.com\/es\/wordpress\/wp-content\/uploads\/2014\/10\/sportingbet_skrill_91-300x213.png 300w, https:\/\/bookmaker-info.com\/es\/wordpress\/wp-content\/uploads\/2014\/10\/sportingbet_skrill_91-624x444.png 624w\" sizes=\"auto, (max-width: 787px) 100vw, 787px\" \/><\/a><\/p>\n<p>Una vez que has entrado a la pesta\u00f1a de \u201cInformaci\u00f3n Personal\u201d, haz clic en \u201cEditar\u201d en la secci\u00f3n de correo electr\u00f3nico para agregar otra direcci\u00f3n de correo electr\u00f3nico como se muestra en la imagen a continuaci\u00f3n.<\/p>\n<p><a href=\"http:\/\/bookmaker-info.com\/es\/wordpress\/wp-content\/uploads\/2014\/10\/sportingbet_skrill_101.png\"><img loading=\"lazy\" decoding=\"async\" class=\"alignnone size-full wp-image-11832\" src=\"http:\/\/bookmaker-info.com\/es\/wordpress\/wp-content\/uploads\/2014\/10\/sportingbet_skrill_101.png\" alt=\"Sportingbet Skrill\" width=\"774\" height=\"668\" srcset=\"https:\/\/bookmaker-info.com\/es\/wordpress\/wp-content\/uploads\/2014\/10\/sportingbet_skrill_101.png 774w, https:\/\/bookmaker-info.com\/es\/wordpress\/wp-content\/uploads\/2014\/10\/sportingbet_skrill_101-300x258.png 300w, https:\/\/bookmaker-info.com\/es\/wordpress\/wp-content\/uploads\/2014\/10\/sportingbet_skrill_101-624x538.png 624w\" sizes=\"auto, (max-width: 774px) 100vw, 774px\" \/><\/a><\/p>\n<p><a href=\"https:\/\/mediaserver.gvcaffiliates.com\/renderBanner.do?zoneId=1907025\" rel=\"nofollow\"><img loading=\"lazy\" decoding=\"async\" class=\"alignnone size-full wp-image-13168\" src=\"http:\/\/bookmaker-info.com\/es\/wordpress\/wp-content\/uploads\/2020\/10\/sportingbet-logo.png\" alt=\"\" width=\"250\" height=\"136\"><\/a><!-- End affiliate Code--><br \/>\n<a href=\"https:\/\/mediaserver.gvcaffiliates.com\/renderBanner.do?zoneId=1907025\" rel=\"nofollow\">Sportingbet<\/a><\/p>\n","protected":false},"excerpt":{"rendered":"<p>\uff08\uff11\uff09Inicia sesi\u00f3n en Sportingbet Necesitar\u00e1s un balance de m\u00e1s de \u00a310 o el equivalente si se usa otra divisa en tu cuenta de Skrill (anteriormente conocido como Moneybookers) para transferirlo a tu cuenta de Sportingbet. Si no has depositado \u00a310 o el equivalente en tu cuenta de Skrill, por favor consulta esta p\u00e1gina. Si tienes [&hellip;]<\/p>\n","protected":false},"author":1,"featured_media":0,"parent":0,"menu_order":0,"comment_status":"open","ping_status":"closed","template":"","meta":{"footnotes":""},"class_list":["post-9226","page","type-page","status-publish","hentry"],"_links":{"self":[{"href":"https:\/\/bookmaker-info.com\/es\/wp-json\/wp\/v2\/pages\/9226","targetHints":{"allow":["GET"]}}],"collection":[{"href":"https:\/\/bookmaker-info.com\/es\/wp-json\/wp\/v2\/pages"}],"about":[{"href":"https:\/\/bookmaker-info.com\/es\/wp-json\/wp\/v2\/types\/page"}],"author":[{"embeddable":true,"href":"https:\/\/bookmaker-info.com\/es\/wp-json\/wp\/v2\/users\/1"}],"replies":[{"embeddable":true,"href":"https:\/\/bookmaker-info.com\/es\/wp-json\/wp\/v2\/comments?post=9226"}],"version-history":[{"count":13,"href":"https:\/\/bookmaker-info.com\/es\/wp-json\/wp\/v2\/pages\/9226\/revisions"}],"predecessor-version":[{"id":13175,"href":"https:\/\/bookmaker-info.com\/es\/wp-json\/wp\/v2\/pages\/9226\/revisions\/13175"}],"wp:attachment":[{"href":"https:\/\/bookmaker-info.com\/es\/wp-json\/wp\/v2\/media?parent=9226"}],"curies":[{"name":"wp","href":"https:\/\/api.w.org\/{rel}","templated":true}]}}