{"id":9228,"date":"2014-10-11T12:51:54","date_gmt":"2014-10-11T12:51:54","guid":{"rendered":"http:\/\/bookmaker-info.com\/en\/?page_id=9228"},"modified":"2020-10-28T14:06:58","modified_gmt":"2020-10-28T14:06:58","slug":"sportingbet-retirada","status":"publish","type":"page","link":"https:\/\/bookmaker-info.com\/es\/sportingbet-retirada","title":{"rendered":"C\u00f3mo Retirar de mi Cuenta de Sportingbet"},"content":{"rendered":"<h2 class=\"title\">\uff08\uff11\uff09Inicia sesi\u00f3n en Sportingbet<\/h2>\n<p><a href=\"https:\/\/mediaserver.gvcaffiliates.com\/renderBanner.do?zoneId=1907025\" rel=\"nofollow\">Sportingbet<\/a><\/p>\n<p><a href=\"http:\/\/bookmaker-info.com\/es\/wordpress\/wp-content\/uploads\/2014\/10\/sportingbet_retirada_1.png\"><img loading=\"lazy\" decoding=\"async\" class=\"alignnone size-full wp-image-12119\" src=\"http:\/\/bookmaker-info.com\/es\/wordpress\/wp-content\/uploads\/2014\/10\/sportingbet_retirada_1.png\" alt=\"Sportingbet Retirada\" width=\"1000\" height=\"623\" srcset=\"https:\/\/bookmaker-info.com\/es\/wordpress\/wp-content\/uploads\/2014\/10\/sportingbet_retirada_1.png 1000w, https:\/\/bookmaker-info.com\/es\/wordpress\/wp-content\/uploads\/2014\/10\/sportingbet_retirada_1-300x186.png 300w, https:\/\/bookmaker-info.com\/es\/wordpress\/wp-content\/uploads\/2014\/10\/sportingbet_retirada_1-624x388.png 624w\" sizes=\"auto, (max-width: 1000px) 100vw, 1000px\" \/><\/a><\/p>\n<p>Haz clic en el bot\u00f3n verde de \u201cENTRAR\u201d en la esquina superior izquierda.<\/p>\n<p><a href=\"http:\/\/bookmaker-info.com\/es\/wordpress\/wp-content\/uploads\/2014\/10\/sportingbet_retirada_2.png\"><img loading=\"lazy\" decoding=\"async\" class=\"alignnone size-full wp-image-12120\" src=\"http:\/\/bookmaker-info.com\/es\/wordpress\/wp-content\/uploads\/2014\/10\/sportingbet_retirada_2.png\" alt=\"Sportingbet Retirada\" width=\"400\" height=\"279\" srcset=\"https:\/\/bookmaker-info.com\/es\/wordpress\/wp-content\/uploads\/2014\/10\/sportingbet_retirada_2.png 400w, https:\/\/bookmaker-info.com\/es\/wordpress\/wp-content\/uploads\/2014\/10\/sportingbet_retirada_2-300x209.png 300w\" sizes=\"auto, (max-width: 400px) 100vw, 400px\" \/><\/a><\/p>\n<p>Despu\u00e9s de introducir tu Nombre de Usuario y Contrase\u00f1a, haz clic en el bot\u00f3n verde de \u201cENTRAR\u201d para iniciar sesi\u00f3n.<\/p>\n<h2 class=\"title\">\uff08\uff12\uff09Haz clic en \u201cCOBRO\u201d en la parte superior de la pantalla<\/h2>\n<p><a href=\"http:\/\/bookmaker-info.com\/es\/wordpress\/wp-content\/uploads\/2014\/10\/sportingbet_retirada_3.png\"><img loading=\"lazy\" decoding=\"async\" class=\"alignnone size-full wp-image-12121\" src=\"http:\/\/bookmaker-info.com\/es\/wordpress\/wp-content\/uploads\/2014\/10\/sportingbet_retirada_3.png\" alt=\"Sportingbet Retirada\" width=\"1005\" height=\"497\" srcset=\"https:\/\/bookmaker-info.com\/es\/wordpress\/wp-content\/uploads\/2014\/10\/sportingbet_retirada_3.png 1005w, https:\/\/bookmaker-info.com\/es\/wordpress\/wp-content\/uploads\/2014\/10\/sportingbet_retirada_3-300x148.png 300w, https:\/\/bookmaker-info.com\/es\/wordpress\/wp-content\/uploads\/2014\/10\/sportingbet_retirada_3-624x308.png 624w\" sizes=\"auto, (max-width: 1005px) 100vw, 1005px\" \/><\/a><\/p>\n<h2 class=\"title\">\uff08\uff13\uff09Verifica tu edad antes de procesar tu primero retiro<\/h2>\n<p><a href=\"http:\/\/bookmaker-info.com\/es\/wordpress\/wp-content\/uploads\/2014\/10\/sportingbet_retirada_4.png\"><img loading=\"lazy\" decoding=\"async\" class=\"alignnone size-full wp-image-12122\" src=\"http:\/\/bookmaker-info.com\/es\/wordpress\/wp-content\/uploads\/2014\/10\/sportingbet_retirada_4.png\" alt=\"Sportingbet Retirada\" width=\"831\" height=\"697\" srcset=\"https:\/\/bookmaker-info.com\/es\/wordpress\/wp-content\/uploads\/2014\/10\/sportingbet_retirada_4.png 831w, https:\/\/bookmaker-info.com\/es\/wordpress\/wp-content\/uploads\/2014\/10\/sportingbet_retirada_4-300x251.png 300w, https:\/\/bookmaker-info.com\/es\/wordpress\/wp-content\/uploads\/2014\/10\/sportingbet_retirada_4-624x523.png 624w\" sizes=\"auto, (max-width: 831px) 100vw, 831px\" \/><\/a><\/p>\n<p>Para procesar tu primer retiro, necesitar\u00e1s verificar tu edad ya sea subiendo tu licencia para conducir, pasaporte o un documento para viajar y enviarlo a Sportingbet. Despu\u00e9s de subir tu documento preferido, haz clic en el bot\u00f3n azul de \u201cEnviar\u201d para continuar.<\/p>\n<h2 class=\"title\">\uff08\uff14\uff09Si originalmente hiciste tu dep\u00f3sito v\u00eda NETELLER<\/h2>\n<p>Una vez que tu edad ha sido verificada, puedes continuar procesando tu primer pago o retiro. Si originalmente hiciste tu dep\u00f3sito v\u00eda <a href=\"http:\/\/bookmaker-info.com\/es\/neteller-registro\">NETELLER<\/a>, necesitar\u00e1s procesar tu retiro a trav\u00e9s de NETELLER tambi\u00e9n. From the withdrawal methods available, select NETELLER.<\/p>\n<p>Luego, introduce la cantidad que te gustar\u00eda retirar (<strong>m\u00e1s de \u00a310 o el equivalente si se usa otra divisa<\/strong>) seguido de enviar tu solicitud para procesar tu transacci\u00f3n de retiro.<\/p>\n<p>\u203b Por favor ten en cuenta que tomar\u00e1 entre <strong>unas pocas horas hasta dos (2) d\u00edas h\u00e1biles<\/strong> para que el pago del retiro se vea reflejado en tu cuenta de NETELLER.<\/p>\n<h2 class=\"title\">\uff08\uff15\uff09Si originalmente hiciste tu dep\u00f3sito v\u00eda Skrill<\/h2>\n<p>Una vez que tu edad ha sido verificada, puedes continuar procesando tu primer pago o retiro. Si originalmente hiciste tu dep\u00f3sito v\u00eda <a href=\"http:\/\/bookmaker-info.com\/es\/skrill-registro\">Skrill<\/a> (anteriormente conocido como Moneybookers), necesitar\u00e1s procesar tu retiro a trav\u00e9s de Skrill tambi\u00e9n. From the withdrawal methods available, select Skrill.<\/p>\n<p>Luego, introduce la cantidad que te gustar\u00eda retirar (<strong>m\u00e1s de \u00a310 o el equivalente si se usa otra divisa<\/strong>) seguido de enviar tu solicitud para procesar tu transacci\u00f3n de retiro.<\/p>\n<p>\u203b Por favor ten en cuenta que tomar\u00e1 entre <strong>unas pocas horas hasta dos (2) d\u00edas h\u00e1biles<\/strong> para que el pago del retiro se vea reflejado en tu cuenta de Skrill.<\/p>\n<p><a href=\"https:\/\/mediaserver.gvcaffiliates.com\/renderBanner.do?zoneId=1907025\" rel=\"nofollow\"><img loading=\"lazy\" decoding=\"async\" class=\"alignnone size-full wp-image-13168\" src=\"http:\/\/bookmaker-info.com\/es\/wordpress\/wp-content\/uploads\/2020\/10\/sportingbet-logo.png\" alt=\"\" width=\"250\" height=\"136\"><\/a><!-- End affiliate Code--><br \/>\n<a href=\"https:\/\/mediaserver.gvcaffiliates.com\/renderBanner.do?zoneId=1907025\" rel=\"nofollow\">Sportingbet<\/a><\/p>\n","protected":false},"excerpt":{"rendered":"<p>\uff08\uff11\uff09Inicia sesi\u00f3n en Sportingbet Sportingbet Haz clic en el bot\u00f3n verde de \u201cENTRAR\u201d en la esquina superior izquierda. Despu\u00e9s de introducir tu Nombre de Usuario y Contrase\u00f1a, haz clic en el bot\u00f3n verde de \u201cENTRAR\u201d para iniciar sesi\u00f3n. \uff08\uff12\uff09Haz clic en \u201cCOBRO\u201d en la parte superior de la pantalla \uff08\uff13\uff09Verifica tu edad antes de procesar [&hellip;]<\/p>\n","protected":false},"author":1,"featured_media":0,"parent":0,"menu_order":0,"comment_status":"open","ping_status":"closed","template":"","meta":{"footnotes":""},"class_list":["post-9228","page","type-page","status-publish","hentry"],"_links":{"self":[{"href":"https:\/\/bookmaker-info.com\/es\/wp-json\/wp\/v2\/pages\/9228","targetHints":{"allow":["GET"]}}],"collection":[{"href":"https:\/\/bookmaker-info.com\/es\/wp-json\/wp\/v2\/pages"}],"about":[{"href":"https:\/\/bookmaker-info.com\/es\/wp-json\/wp\/v2\/types\/page"}],"author":[{"embeddable":true,"href":"https:\/\/bookmaker-info.com\/es\/wp-json\/wp\/v2\/users\/1"}],"replies":[{"embeddable":true,"href":"https:\/\/bookmaker-info.com\/es\/wp-json\/wp\/v2\/comments?post=9228"}],"version-history":[{"count":20,"href":"https:\/\/bookmaker-info.com\/es\/wp-json\/wp\/v2\/pages\/9228\/revisions"}],"predecessor-version":[{"id":13172,"href":"https:\/\/bookmaker-info.com\/es\/wp-json\/wp\/v2\/pages\/9228\/revisions\/13172"}],"wp:attachment":[{"href":"https:\/\/bookmaker-info.com\/es\/wp-json\/wp\/v2\/media?parent=9228"}],"curies":[{"name":"wp","href":"https:\/\/api.w.org\/{rel}","templated":true}]}}